{"id":1027,"date":"2021-08-24T13:31:59","date_gmt":"2021-08-24T11:31:59","guid":{"rendered":"https:\/\/shop.diepresse.com\/?post_type=product&#038;p=1027"},"modified":"2026-03-23T14:19:43","modified_gmt":"2026-03-23T12:19:43","slug":"geschichte-magazin-maximilian-i","status":"publish","type":"product","link":"https:\/\/shop.diepresse.com\/en\/produkt\/geschichte-magazin-maximilian-i\/","title":{"rendered":"Geschichte Magazin Maximilian I."},"content":{"rendered":"<p>Die Zeit um 1500 war eine der spannendsten Zeitenwenden der Geschichte. Altes mischte sich mit Neuem. Der Mensch, der diese \u00dcbergangszeit ideal verk\u00f6rperte, war Kaiser Maximilian I. Er verehrte noch die alten Ritterideale und stand doch schon mit beiden F\u00fc\u00dfen in der Renaissance. Er liebte die Natur und die Jagd und verkehrte zugleich mit den gr\u00f6\u00dften K\u00fcnstlern seiner Zeit. Wie keiner verstand er es, Werbung zu machen &#8211; f\u00fcr das Haus \u00d6sterreich und f\u00fcr sich. Mit diesem Kaiser begann der Aufstieg der Habsburger zur europ\u00e4ischen Gro\u00dfmacht. Seinen Erben hinterlie\u00df er ein Schuldenchaos &#8211; und ein Weltreich.<\/p>\n<p><strong>Sichern Sie sich Ihr Exemplar!<br \/>\nJetzt bestellen zum Preis von 8,90 Euro (mit \u201ePresse\u201c-Abonnement nur 6,90 Euro*).<\/strong><\/p>\n<p>*Als treue:r Abonnent:in erhalten Sie dieses Magazin um \u20ac 6,90. Damit unser System Sie als Kunden erkennt, muss Ihr Abo-Key auf Ihrem Profil hinterlegt sein. Loggen Sie sich dazu in Ihr Shop-Konto ein und gehen Sie vorab sicher, dass Ihr Abo-Key <strong><a href=\"https:\/\/www.diepresse.com\/mein-epaper-abo\" target=\"_blank\" rel=\"noopener\">hier<\/a> <\/strong>hinterlegt ist.<\/p>\n<p>&nbsp;<\/p>\n","protected":false},"excerpt":{"rendered":"<h4>Maximilian I., mehr als nur der \u201eletzte Ritter\u201c<\/h4>\n<p>\u201eDie Presse&#8221;-Geschichte-Reihe<br \/>\nzehnte Ausgabe<br \/>\n&#8220;Presse&#8221;-Club-Vorteil: \u20ac6,90*<\/p>\n","protected":false},"author":1,"featured_media":1106,"template":"","meta":[],"product_brand":[],"product_cat":[73,580,41,43,45,71],"product_tag":[],"class_list":{"0":"post-1027","1":"product","2":"type-product","3":"status-publish","4":"has-post-thumbnail","6":"product_cat-vorteile-fuer-club-mitglieder","7":"product_cat-diepresse-geschichte-magazine","8":"product_cat-gutscheine-anwendbar","9":"product_cat-die-presse","10":"product_cat-die-presse-welt","11":"product_cat-lesen-schreiben","13":"first","14":"instock","15":"taxable","16":"shipping-taxable","17":"purchasable","18":"product-type-simple"},"bundled_by":["28168"],"bundle_stock_status":"instock","bundle_stock_quantity":729,"bundle_virtual":false,"bundle_layout":"","bundle_add_to_cart_form_location":"","bundle_editable_in_cart":false,"bundle_sold_individually_context":"","bundle_item_grouping":"","bundle_min_size":"","bundle_max_size":"","bundle_price":[],"bundled_items":[],"bundle_sell_ids":[],"tiered_pricing_type":"fixed","tiered_pricing_fixed_rules":[],"tiered_pricing_product_settings":{"layout":"default","base_unit_name":{"singular":null,"plural":null},"default_variation":null},"tiered_pricing_minimum_quantity":null,"tiered_pricing_roles_data":[],"tiered_pricing_percentage_rules":[],"tiered_pricing_maximum_quantity":null,"tiered_pricing_quantity_step":null,"_links":{"self":[{"href":"https:\/\/shop.diepresse.com\/en\/wp-json\/wp\/v2\/product\/1027","targetHints":{"allow":["GET"]}}],"collection":[{"href":"https:\/\/shop.diepresse.com\/en\/wp-json\/wp\/v2\/product"}],"about":[{"href":"https:\/\/shop.diepresse.com\/en\/wp-json\/wp\/v2\/types\/product"}],"author":[{"embeddable":true,"href":"https:\/\/shop.diepresse.com\/en\/wp-json\/wp\/v2\/users\/1"}],"wp:featuredmedia":[{"embeddable":true,"href":"https:\/\/shop.diepresse.com\/en\/wp-json\/wp\/v2\/media\/1106"}],"wp:attachment":[{"href":"https:\/\/shop.diepresse.com\/en\/wp-json\/wp\/v2\/media?parent=1027"}],"wp:term":[{"taxonomy":"product_brand","embeddable":true,"href":"https:\/\/shop.diepresse.com\/en\/wp-json\/wp\/v2\/product_brand?post=1027"},{"taxonomy":"product_cat","embeddable":true,"href":"https:\/\/shop.diepresse.com\/en\/wp-json\/wp\/v2\/product_cat?post=1027"},{"taxonomy":"product_tag","embeddable":true,"href":"https:\/\/shop.diepresse.com\/en\/wp-json\/wp\/v2\/product_tag?post=1027"}],"curies":[{"name":"wp","href":"https:\/\/api.w.org\/{rel}","templated":true}]}}