{"id":1028,"date":"2021-08-24T13:31:59","date_gmt":"2021-08-24T11:31:59","guid":{"rendered":"https:\/\/shop.diepresse.com\/?post_type=product&#038;p=1028"},"modified":"2026-03-30T09:19:32","modified_gmt":"2026-03-30T07:19:32","slug":"geschichte-magazin-150-jahre-staatsoper","status":"publish","type":"product","link":"https:\/\/shop.diepresse.com\/en\/produkt\/geschichte-magazin-150-jahre-staatsoper\/","title":{"rendered":"Geschichte Magazin: 150 Jahre Staatsoper"},"content":{"rendered":"<p style=\"margin-left: 0cm; margin-right: 0cm;\">Man muss kein Opernfan sein, um die Bedeutung der Wiener Staatsoper f\u00fcr \u00d6sterreichs Kulturleben zu erkennen. Das Geb\u00e4ude am Ring wurde vor 150 Jahren, am 25. Mai 1869, er\u00f6ffnet, als Auftakt der gro\u00dfen Ringstra\u00dfen\u00e4ra. Seither steht es im Mittelpunkt des kulturellen Lebens der Stadt.<\/p>\n<p style=\"margin-left: 0cm; margin-right: 0cm;\">Mit der 11. Ausgabe der Geschichte-Reihe m\u00f6chte \u201eDie Presse\u201c Musikliebhaber und kulturgeschichtlich Interessierte ansprechen, denn \u00fcber das Haus am Ring gibt es zahlreiche Geschichten zu erz\u00e4hlen. Wie kam das Musiktheater nach Wien? Wo fanden vor der Ringstra\u00dfenzeit Opernauff\u00fchrungen statt ? Warum waren die Debatten rund um die neue Hofoper am Ring gar so heftig? Wie war ihr Weg in die Gegenwart?<\/p>\n<p><strong>Sichern Sie sich Ihr Exemplar!<br \/>\nJetzt bestellen zum Preis von 8,90 Euro (mit \u201ePresse\u201c-Abonnement nur 6,90 Euro*).<\/strong><\/p>\n<p>*Als treue:r Abonnent:in erhalten Sie dieses Magazin um \u20ac 6,90. Damit unser System Sie als Kunden erkennt, muss Ihr Abo-Key auf Ihrem Profil hinterlegt sein. Loggen Sie sich dazu in Ihr Shop-Konto ein und gehen Sie vorab sicher, dass Ihr Abo-Key<strong> <a href=\"https:\/\/www.diepresse.com\/mein-epaper-abo\" target=\"_blank\" rel=\"noopener\">hier<\/a><\/strong> hinterlegt ist.<\/p>\n","protected":false},"excerpt":{"rendered":"<h4>Auftakt der Ringstra\u00dfen\u00e4ra<\/h4>\n<p>\u201eDie Presse\u201c-Geschichte-Reihe<br \/>\nelfte Ausgabe<br \/>\n\u201ePresse&#8221;-Club-Vorteil: \u20ac6,90*<\/p>\n","protected":false},"author":1,"featured_media":1107,"template":"","meta":[],"product_brand":[],"product_cat":[580,43,71,73],"product_tag":[],"class_list":{"0":"post-1028","1":"product","2":"type-product","3":"status-publish","4":"has-post-thumbnail","6":"product_cat-diepresse-geschichte-magazine","7":"product_cat-die-presse","8":"product_cat-lesen-schreiben","9":"product_cat-vorteile-fuer-club-mitglieder","11":"first","12":"instock","13":"taxable","14":"shipping-taxable","15":"purchasable","16":"product-type-simple"},"bundled_by":["28105","38002"],"bundle_stock_status":"instock","bundle_stock_quantity":623,"bundle_virtual":false,"bundle_layout":"","bundle_add_to_cart_form_location":"","bundle_editable_in_cart":false,"bundle_sold_individually_context":"","bundle_item_grouping":"","bundle_min_size":"","bundle_max_size":"","bundle_price":[],"bundled_items":[],"bundle_sell_ids":[],"tiered_pricing_type":"fixed","tiered_pricing_fixed_rules":[],"tiered_pricing_product_settings":{"layout":"default","base_unit_name":{"singular":null,"plural":null},"default_variation":null},"tiered_pricing_minimum_quantity":null,"tiered_pricing_roles_data":[],"tiered_pricing_percentage_rules":[],"tiered_pricing_maximum_quantity":null,"tiered_pricing_quantity_step":null,"_links":{"self":[{"href":"https:\/\/shop.diepresse.com\/en\/wp-json\/wp\/v2\/product\/1028","targetHints":{"allow":["GET"]}}],"collection":[{"href":"https:\/\/shop.diepresse.com\/en\/wp-json\/wp\/v2\/product"}],"about":[{"href":"https:\/\/shop.diepresse.com\/en\/wp-json\/wp\/v2\/types\/product"}],"author":[{"embeddable":true,"href":"https:\/\/shop.diepresse.com\/en\/wp-json\/wp\/v2\/users\/1"}],"wp:featuredmedia":[{"embeddable":true,"href":"https:\/\/shop.diepresse.com\/en\/wp-json\/wp\/v2\/media\/1107"}],"wp:attachment":[{"href":"https:\/\/shop.diepresse.com\/en\/wp-json\/wp\/v2\/media?parent=1028"}],"wp:term":[{"taxonomy":"product_brand","embeddable":true,"href":"https:\/\/shop.diepresse.com\/en\/wp-json\/wp\/v2\/product_brand?post=1028"},{"taxonomy":"product_cat","embeddable":true,"href":"https:\/\/shop.diepresse.com\/en\/wp-json\/wp\/v2\/product_cat?post=1028"},{"taxonomy":"product_tag","embeddable":true,"href":"https:\/\/shop.diepresse.com\/en\/wp-json\/wp\/v2\/product_tag?post=1028"}],"curies":[{"name":"wp","href":"https:\/\/api.w.org\/{rel}","templated":true}]}}