{"id":1230,"date":"2021-08-24T13:36:51","date_gmt":"2021-08-24T11:36:51","guid":{"rendered":"https:\/\/shop.diepresse.com\/?post_type=product&#038;p=1230"},"modified":"2026-04-12T14:19:44","modified_gmt":"2026-04-12T12:19:44","slug":"geschichte-magazin-der-weg-zur-republik","status":"publish","type":"product","link":"https:\/\/shop.diepresse.com\/en\/produkt\/geschichte-magazin-der-weg-zur-republik\/","title":{"rendered":"Geschichte Magazin: Der Weg zur Republik"},"content":{"rendered":"<p>Mit dem Ende des gr\u00f6\u00dften und brutigsten Krieges der bisherigen Menschheitsgeschichte zerfiel auch die alte europ\u00e4ische Ordnung. Die V\u00f6lker \u00d6sterreich-Ungarns machten sich eines nach dem anderen davon. Damit zerfiel die Habsburgermonarchie nach \u00fcber 600-j\u00e4hriger Herrschaft, und ein neuer Staat entstand: Am 12. November 1918 wurde die Republik Deutsch\u00f6sterreich ausgerufen, das sp\u00e4tere \u00d6sterreich.<\/p>\n<p>Die siebente Ausgabe der Geschichte-Reihe n\u00e4hert sich diesem Ereignis auf vielen Wegen und unter vielen Perspektiven: der Bogen reicht von Kaiser Karl und seiner Ehefrau Zita bis zum Sozialdemokraten Victor Adler, von Sch\u00f6nbrunn bis Prag, von Hunger und Verarmung bis zur spanischen Grippe, von Karl Kraus und Egon Schiele bis Franz Kafka.<\/p>\n<p><strong>Sichern Sie sich Ihr Exemplar!<br \/>\nJetzt bestellen zum Preis von 8,90 Euro (mit \u201ePresse\u201c-Abonnement nur 6,90 Euro*).<\/strong><\/p>\n<p>*Als treue:r Abonnent:in erhalten Sie dieses Magazin um \u20ac 6,90. Damit unser System Sie als Kunden erkennt, muss Ihr Abo-Key auf Ihrem Profil hinterlegt sein. Loggen Sie sich dazu in Ihr Shop-Konto ein und gehen Sie vorab sicher, dass Ihr Abo-Key<strong> <a href=\"https:\/\/www.diepresse.com\/mein-epaper-abo\" target=\"_blank\" rel=\"noopener\">hier<\/a><\/strong> hinterlegt ist.<\/p>\n","protected":false},"excerpt":{"rendered":"<h4>\u00d6sterreich im Wandel der Zeit.<\/h4>\n<p>\u201eDie Presse&#8221;-Geschichte-Reihe<br \/>\nsiebente Ausgabe<br \/>\n\u201ePresse&#8221;-Club-Vorteil: \u20ac6,90*<\/p>\n","protected":false},"author":1,"featured_media":1277,"template":"","meta":[],"product_brand":[],"product_cat":[580,41,43,45,71,73],"product_tag":[],"class_list":{"0":"post-1230","1":"product","2":"type-product","3":"status-publish","4":"has-post-thumbnail","6":"product_cat-diepresse-geschichte-magazine","7":"product_cat-gutscheine-anwendbar","8":"product_cat-die-presse","9":"product_cat-die-presse-welt","10":"product_cat-lesen-schreiben","11":"product_cat-vorteile-fuer-club-mitglieder","13":"first","14":"instock","15":"taxable","16":"shipping-taxable","17":"purchasable","18":"product-type-simple"},"bundled_by":["28158"],"bundle_stock_status":"instock","bundle_stock_quantity":700,"bundle_virtual":false,"bundle_layout":"","bundle_add_to_cart_form_location":"","bundle_editable_in_cart":false,"bundle_sold_individually_context":"","bundle_item_grouping":"","bundle_min_size":"","bundle_max_size":"","bundle_price":[],"bundled_items":[],"bundle_sell_ids":[],"tiered_pricing_type":"fixed","tiered_pricing_fixed_rules":[],"tiered_pricing_product_settings":{"layout":"default","base_unit_name":{"singular":null,"plural":null},"default_variation":null},"tiered_pricing_minimum_quantity":null,"tiered_pricing_roles_data":[],"tiered_pricing_percentage_rules":[],"tiered_pricing_maximum_quantity":null,"tiered_pricing_quantity_step":null,"_links":{"self":[{"href":"https:\/\/shop.diepresse.com\/en\/wp-json\/wp\/v2\/product\/1230","targetHints":{"allow":["GET"]}}],"collection":[{"href":"https:\/\/shop.diepresse.com\/en\/wp-json\/wp\/v2\/product"}],"about":[{"href":"https:\/\/shop.diepresse.com\/en\/wp-json\/wp\/v2\/types\/product"}],"author":[{"embeddable":true,"href":"https:\/\/shop.diepresse.com\/en\/wp-json\/wp\/v2\/users\/1"}],"wp:featuredmedia":[{"embeddable":true,"href":"https:\/\/shop.diepresse.com\/en\/wp-json\/wp\/v2\/media\/1277"}],"wp:attachment":[{"href":"https:\/\/shop.diepresse.com\/en\/wp-json\/wp\/v2\/media?parent=1230"}],"wp:term":[{"taxonomy":"product_brand","embeddable":true,"href":"https:\/\/shop.diepresse.com\/en\/wp-json\/wp\/v2\/product_brand?post=1230"},{"taxonomy":"product_cat","embeddable":true,"href":"https:\/\/shop.diepresse.com\/en\/wp-json\/wp\/v2\/product_cat?post=1230"},{"taxonomy":"product_tag","embeddable":true,"href":"https:\/\/shop.diepresse.com\/en\/wp-json\/wp\/v2\/product_tag?post=1230"}],"curies":[{"name":"wp","href":"https:\/\/api.w.org\/{rel}","templated":true}]}}