{"id":1234,"date":"2021-08-24T13:36:52","date_gmt":"2021-08-24T11:36:52","guid":{"rendered":"https:\/\/shop.diepresse.com\/?post_type=product&#038;p=1234"},"modified":"2026-03-26T22:20:33","modified_gmt":"2026-03-26T20:20:33","slug":"geschichte-magazin-klimt-co-die-wiener-moderne","status":"publish","type":"product","link":"https:\/\/shop.diepresse.com\/en\/produkt\/geschichte-magazin-klimt-co-die-wiener-moderne\/","title":{"rendered":"Geschichte Magazin: Klimt &#038; Co: Die Wiener Moderne"},"content":{"rendered":"<p>1918 starben vier Hauptprotagonisten der Wiener Moderne: Gustav Klimt, Egon Schiele, Otto Wagner und Kolo Moser. Sie stehen f\u00fcr den k\u00fcnstlerischen und gesellschaftlichen Aufbruch in eine neue, andere Zeit.<\/p>\n<p>Die achte Ausgabe der Geschichte-Reihe widmet sich den &#8220;Gro\u00dfen Vier&#8221; und ihrer Zeit &#8211; der Jahrhundertwende zwischen Fortschrittsglaube und Weltuntergang. Gustav Klimt soll gesagt haben: &#8220;Mein Hauptwerk ist das Weib&#8221;. Aber wer waren die Frauen auf seinen Bildern? Und ist Klimt gar ein fr\u00fcher Gutmensch und Feminist? Egon Schiele enth\u00fcllte radikal die Zweifel, die Angst und die Triebe unter einer nur vordergr\u00fcndigen Sch\u00f6nheit. Otto Wagner, vision\u00e4rer Wegbereiter der Architektur des 20. Jahrhunderts: in seinen Geb\u00e4uden und im Erscheinungsbild der Stadt Wien. Kolo Moser, der &#8220;Art Director&#8221; der Secessionisten: Er gr\u00fcndete die &#8220;Wiener Werkst\u00e4tte&#8221; mit und pr\u00e4gte das Erscheinungsbild des Wiener Jugendstils.<\/p>\n<p><strong>Sichern Sie sich Ihr Exemplar!<br \/>\nJetzt bestellen zum Preis von 8,90 Euro (mit \u201ePresse\u201c-Abonnement nur 6,90 Euro*).<\/strong><\/p>\n<div>*Als treue:r Abonnent:in erhalten Sie dieses Magazin um \u20ac 6,90. Damit unser System Sie als Kunden erkennt, muss Ihr Abo-Key auf Ihrem Profil hinterlegt sein. Loggen Sie sich dazu in Ihr Shop-Konto ein und gehen Sie vorab sicher, dass Ihr Abo-Key <strong><a href=\"https:\/\/www.diepresse.com\/mein-epaper-abo\" target=\"_blank\" rel=\"noopener\">hier<\/a> <\/strong>hinterlegt ist.<\/div>\n","protected":false},"excerpt":{"rendered":"<h4>Geschichte Magazin \u00fcber die Wiener Moderne.<\/h4>\n<p>\u201eDie Presse&#8221;-Geschichte-Reihe<br \/>\nachte Ausgabe<br \/>\n\u201ePresse&#8221;-Club-Vorteil: \u20ac6,90*<\/p>\n","protected":false},"author":1,"featured_media":1296,"template":"","meta":[],"product_brand":[],"product_cat":[73,580,41,43,45,71],"product_tag":[],"class_list":{"0":"post-1234","1":"product","2":"type-product","3":"status-publish","4":"has-post-thumbnail","6":"product_cat-vorteile-fuer-club-mitglieder","7":"product_cat-diepresse-geschichte-magazine","8":"product_cat-gutscheine-anwendbar","9":"product_cat-die-presse","10":"product_cat-die-presse-welt","11":"product_cat-lesen-schreiben","13":"first","14":"instock","15":"taxable","16":"shipping-taxable","17":"purchasable","18":"product-type-simple"},"bundled_by":["28105"],"bundle_stock_status":"instock","bundle_stock_quantity":610,"bundle_virtual":false,"bundle_layout":"","bundle_add_to_cart_form_location":"","bundle_editable_in_cart":false,"bundle_sold_individually_context":"","bundle_item_grouping":"","bundle_min_size":"","bundle_max_size":"","bundle_price":[],"bundled_items":[],"bundle_sell_ids":[],"tiered_pricing_type":"fixed","tiered_pricing_fixed_rules":[],"tiered_pricing_product_settings":{"layout":"default","base_unit_name":{"singular":null,"plural":null},"default_variation":null},"tiered_pricing_minimum_quantity":null,"tiered_pricing_roles_data":[],"tiered_pricing_percentage_rules":[],"tiered_pricing_maximum_quantity":null,"tiered_pricing_quantity_step":null,"_links":{"self":[{"href":"https:\/\/shop.diepresse.com\/en\/wp-json\/wp\/v2\/product\/1234","targetHints":{"allow":["GET"]}}],"collection":[{"href":"https:\/\/shop.diepresse.com\/en\/wp-json\/wp\/v2\/product"}],"about":[{"href":"https:\/\/shop.diepresse.com\/en\/wp-json\/wp\/v2\/types\/product"}],"author":[{"embeddable":true,"href":"https:\/\/shop.diepresse.com\/en\/wp-json\/wp\/v2\/users\/1"}],"wp:featuredmedia":[{"embeddable":true,"href":"https:\/\/shop.diepresse.com\/en\/wp-json\/wp\/v2\/media\/1296"}],"wp:attachment":[{"href":"https:\/\/shop.diepresse.com\/en\/wp-json\/wp\/v2\/media?parent=1234"}],"wp:term":[{"taxonomy":"product_brand","embeddable":true,"href":"https:\/\/shop.diepresse.com\/en\/wp-json\/wp\/v2\/product_brand?post=1234"},{"taxonomy":"product_cat","embeddable":true,"href":"https:\/\/shop.diepresse.com\/en\/wp-json\/wp\/v2\/product_cat?post=1234"},{"taxonomy":"product_tag","embeddable":true,"href":"https:\/\/shop.diepresse.com\/en\/wp-json\/wp\/v2\/product_tag?post=1234"}],"curies":[{"name":"wp","href":"https:\/\/api.w.org\/{rel}","templated":true}]}}