{"id":1262,"date":"2021-08-24T13:37:38","date_gmt":"2021-08-24T11:37:38","guid":{"rendered":"https:\/\/shop.diepresse.com\/?post_type=product&#038;p=1262"},"modified":"2022-08-26T15:52:24","modified_gmt":"2022-08-26T13:52:24","slug":"erdogans-langer-arm","status":"publish","type":"product","link":"https:\/\/shop.diepresse.com\/en\/produkt\/erdogans-langer-arm\/","title":{"rendered":"Erdogans langer Arm"},"content":{"rendered":"<p>Die T\u00fcrkei entwickelt sich unter Recep Tayyip Erdogan zu einem autokratischen Pr\u00e4sidialsystem \u2013 auch in \u00d6sterreich haben der umstrittene Pr\u00e4sident und seine AKP viele Anh\u00e4nger. Befindet sich die Community in ideologischer Geiselhaft, ist sie eine willf\u00e4hrige Bastion der t\u00fcrkischen Regierung \u2013 und wie reagieren Politiker und Medien?<\/p>\n<div>Die Au\u00dfenpolitikjournalistin Duygu \u00d6zkan hat mit Anh\u00e4ngern und Gegnern des t\u00fcrkischen Pr\u00e4sidenten gesprochen. Sie wirft einen Blick hinter die Kulissen von umstrittenen Organisationen wie den \u00bbGrauen W\u00f6lfen\u00ab, \u00bbMilli G\u00f6rus\u00ab oder der \u00bbG\u00fclen-Bewegung\u00ab und bringt spannende Erkenntnisse \u00fcber Geschichte und Motive hinter den aktuellen Ereignissen zwischen Ankara und Wien.<\/div>\n<div><\/div>\n<div>Duygu \u00d6zkan, Jahrgang 1981, studierte Geschichtswissenschaften in Berlin und Wien. Sie ist Redakteurin im Au\u00dfenpolitikressort der Tageszeitung \u00bbDie Presse\u00ab und wurde f\u00fcr ihre Texte unter anderem mit dem \u00bbPr\u00e4lat-Leopold-Ungar-Preis\u00ab 2015 ausgezeichnet.<\/div>\n<div><\/div>\n<div><strong>Auf dieses Produkt kann auf Grund der gesetzlichen Buchpreis-Bindung keine Gutschein- oder Aktionscode angewendet werden. <\/strong><\/div>\n","protected":false},"excerpt":{"rendered":"<h4>Zwischen den Fronten?<\/h4>\n<p>spannende Erkenntnisse<br \/>\naktuelle Ereignisse<br \/>\nGeschichte und Motive<\/p>\n","protected":false},"author":1,"featured_media":1321,"template":"","meta":[],"product_brand":[],"product_cat":[109,71],"product_tag":[],"class_list":{"0":"post-1262","1":"product","2":"type-product","3":"status-publish","4":"has-post-thumbnail","6":"product_cat-styria-books","7":"product_cat-lesen-schreiben","9":"first","10":"instock","11":"taxable","12":"shipping-taxable","13":"purchasable","14":"product-type-simple"},"bundled_by":[],"bundle_stock_status":"instock","bundle_stock_quantity":6,"bundle_virtual":false,"bundle_layout":"","bundle_add_to_cart_form_location":"","bundle_editable_in_cart":false,"bundle_sold_individually_context":"","bundle_item_grouping":"","bundle_min_size":"","bundle_max_size":"","bundle_price":[],"bundled_items":[],"bundle_sell_ids":[],"tiered_pricing_type":"fixed","tiered_pricing_fixed_rules":[],"tiered_pricing_product_settings":{"layout":"default","base_unit_name":{"singular":null,"plural":null},"default_variation":null},"tiered_pricing_minimum_quantity":null,"tiered_pricing_roles_data":[],"tiered_pricing_percentage_rules":[],"tiered_pricing_maximum_quantity":null,"tiered_pricing_quantity_step":null,"_links":{"self":[{"href":"https:\/\/shop.diepresse.com\/en\/wp-json\/wp\/v2\/product\/1262","targetHints":{"allow":["GET"]}}],"collection":[{"href":"https:\/\/shop.diepresse.com\/en\/wp-json\/wp\/v2\/product"}],"about":[{"href":"https:\/\/shop.diepresse.com\/en\/wp-json\/wp\/v2\/types\/product"}],"author":[{"embeddable":true,"href":"https:\/\/shop.diepresse.com\/en\/wp-json\/wp\/v2\/users\/1"}],"wp:featuredmedia":[{"embeddable":true,"href":"https:\/\/shop.diepresse.com\/en\/wp-json\/wp\/v2\/media\/1321"}],"wp:attachment":[{"href":"https:\/\/shop.diepresse.com\/en\/wp-json\/wp\/v2\/media?parent=1262"}],"wp:term":[{"taxonomy":"product_brand","embeddable":true,"href":"https:\/\/shop.diepresse.com\/en\/wp-json\/wp\/v2\/product_brand?post=1262"},{"taxonomy":"product_cat","embeddable":true,"href":"https:\/\/shop.diepresse.com\/en\/wp-json\/wp\/v2\/product_cat?post=1262"},{"taxonomy":"product_tag","embeddable":true,"href":"https:\/\/shop.diepresse.com\/en\/wp-json\/wp\/v2\/product_tag?post=1262"}],"curies":[{"name":"wp","href":"https:\/\/api.w.org\/{rel}","templated":true}]}}