{"id":13385,"date":"2022-11-14T15:16:25","date_gmt":"2022-11-14T13:16:25","guid":{"rendered":"https:\/\/shop.diepresse.com\/?post_type=product&#038;p=13385"},"modified":"2023-02-01T16:55:18","modified_gmt":"2023-02-01T14:55:18","slug":"der-energiecode","status":"publish","type":"product","link":"https:\/\/shop.diepresse.com\/en\/produkt\/der-energiecode\/","title":{"rendered":"Der Energiecode"},"content":{"rendered":"<div class=\"description producttitel detailheadline noRating\">\n<p><strong>Was hat unsere Postleitzahl mit unserem Energielevel zu tun?<\/strong><\/p>\n<\/div>\n<div class=\"description fulldesc\">\n<div class=\"detailEntryText\">\n<p class=\"import\">Sie ern\u00e4hren sich gesund, gehen ins Fitness-Studio und dennoch f\u00fchlen Sie sich meistens ersch\u00f6pft? Dann geht es Ihnen wie vielen Patientinnen von\u00a0Doris Eller-Berndl. Die renommierte Pr\u00e4ventivmedizinerin f\u00fchrt zahlreiche Wohlstandsleiden unserer modernen Gesellschaft darauf zur\u00fcck, dass wir vergessen haben, wie sehr die unmittelbare Umgebung unsere Gesundheit beeinflusst. Das Sonnenlicht, unsere innere biologische Uhr und das Magnetfeld der Erde spielen f\u00fcr unsere Energiebilanz eine entscheidende Rolle.<\/p>\n<p>Wie einfach wir unsere Hochleistungszellkraftwerke unterst\u00fctzen k\u00f6nnen, ohne auf die Errungenschaften des 21. Jahrhunderts verzichten zu m\u00fcssen, verr\u00e4t sie Ihnen gemeinsam mit\u00a0Eva Komarek\u00a0in diesem Buch.<\/p>\n<p>Laden Sie Ihre Batterien wieder auf, zum Beispiel mit Ledersohlen, der richtigen Postleitzahl oder mit einem Bad im eiskalten Wasser.<\/p>\n<p>\u2022 Warum wir \u00f6fter in die Berge fahren und im Winter keine Bananen essen sollten<br \/>\n\u2022 Biohacks f\u00fcr alle Jahreszeiten \u2013 von der bekannten Pr\u00e4ventivmedizinerin Doris Eller-Berndl<br \/>\n\u2022 So bringen Sie Ihre innere Uhr wieder in Takt!<\/p>\n<\/div>\n<\/div>\n<div><\/div>\n<div><strong>Auf dieses Produkt kann auf Grund der gesetzlichen Buchpreis-Bindung keine Gutschein- oder Aktionscode angewendet werden. <\/strong><\/div>\n","protected":false},"excerpt":{"rendered":"<p>Das Sonnenlicht, unsere innere biologische Uhr und das Magnetfeld der Erde spielen f\u00fcr unsere Energiebilanz eine entscheidende Rolle.<\/p>\n","protected":false},"author":5793,"featured_media":13391,"template":"","meta":[],"product_brand":[],"product_cat":[71,109],"product_tag":[],"class_list":{"0":"post-13385","1":"product","2":"type-product","3":"status-publish","4":"has-post-thumbnail","6":"product_cat-lesen-schreiben","7":"product_cat-styria-books","9":"first","10":"instock","11":"taxable","12":"shipping-taxable","13":"purchasable","14":"product-type-simple"},"bundled_by":[],"bundle_stock_status":"instock","bundle_stock_quantity":15,"bundle_virtual":false,"bundle_layout":"","bundle_add_to_cart_form_location":"","bundle_editable_in_cart":false,"bundle_sold_individually_context":"","bundle_item_grouping":"","bundle_min_size":"","bundle_max_size":"","bundle_price":[],"bundled_items":[],"bundle_sell_ids":[],"tiered_pricing_type":"fixed","tiered_pricing_fixed_rules":[],"tiered_pricing_product_settings":{"layout":"default","base_unit_name":{"singular":null,"plural":null},"default_variation":null},"tiered_pricing_minimum_quantity":1,"tiered_pricing_roles_data":[],"tiered_pricing_percentage_rules":[],"tiered_pricing_maximum_quantity":null,"tiered_pricing_quantity_step":null,"_links":{"self":[{"href":"https:\/\/shop.diepresse.com\/en\/wp-json\/wp\/v2\/product\/13385","targetHints":{"allow":["GET"]}}],"collection":[{"href":"https:\/\/shop.diepresse.com\/en\/wp-json\/wp\/v2\/product"}],"about":[{"href":"https:\/\/shop.diepresse.com\/en\/wp-json\/wp\/v2\/types\/product"}],"author":[{"embeddable":true,"href":"https:\/\/shop.diepresse.com\/en\/wp-json\/wp\/v2\/users\/5793"}],"wp:featuredmedia":[{"embeddable":true,"href":"https:\/\/shop.diepresse.com\/en\/wp-json\/wp\/v2\/media\/13391"}],"wp:attachment":[{"href":"https:\/\/shop.diepresse.com\/en\/wp-json\/wp\/v2\/media?parent=13385"}],"wp:term":[{"taxonomy":"product_brand","embeddable":true,"href":"https:\/\/shop.diepresse.com\/en\/wp-json\/wp\/v2\/product_brand?post=13385"},{"taxonomy":"product_cat","embeddable":true,"href":"https:\/\/shop.diepresse.com\/en\/wp-json\/wp\/v2\/product_cat?post=13385"},{"taxonomy":"product_tag","embeddable":true,"href":"https:\/\/shop.diepresse.com\/en\/wp-json\/wp\/v2\/product_tag?post=13385"}],"curies":[{"name":"wp","href":"https:\/\/api.w.org\/{rel}","templated":true}]}}