{"id":13410,"date":"2022-11-14T16:13:11","date_gmt":"2022-11-14T14:13:11","guid":{"rendered":"https:\/\/shop.diepresse.com\/?post_type=product&#038;p=13410"},"modified":"2025-12-27T19:19:34","modified_gmt":"2025-12-27T17:19:34","slug":"reich-sein","status":"publish","type":"product","link":"https:\/\/shop.diepresse.com\/en\/produkt\/reich-sein\/","title":{"rendered":"Reich sein"},"content":{"rendered":"<div class=\"description producttitel detailheadline noRating\">\n<p><strong>Wien um 1910:<\/strong> Die Reichshaupt- und Residenzstadt der Habsburger, gerade die Zweimillionengrenze \u00fcberschritten und zur siebtgr\u00f6\u00dften Stadt der Welt geworden, war ein Schmelztiegel der Nationen, eine Hochburg der K\u00fcnste und Wissenschaften, eine Stadt der Tr\u00e4ume, aber auch der harten sozialen und nationalen Gegens\u00e4tze. F\u00fcr die einen war es die &#8220;gute alte Zeit&#8221;, f\u00fcr die anderen ein Warten auf die &#8220;letzten Tage der Menschheit&#8221;.<\/p>\n<p>Der <strong>Glanz der Ringstra\u00dfengesellschaft<\/strong> aber blendet und die damit verbundenen Ungerechtigkeiten, Benachteiligungen und Fehlentscheidungen stimmen nachdenklich. Es sind etwa 1.000 Million\u00e4re, die die Einkommensspitze dieser Gesellschaft bildeten. Wie und von wem diese &#8220;verteufelte&#8221; Eleganz finanziert wurde, dar\u00fcber haben sich die \u00f6sterreichische und internationale Geschichtsforschung bis dato wenig Gedanken gemacht.<\/p>\n<p>SPIEGEL-Bestsellerautor und Wirtschaftshistoriker <strong>Roman Sandgruber<\/strong> analysiert in seiner \u00fcberarbeiteten und aktualisierten Neuauflage von Reich sein. Das mond\u00e4ne Wien um 1910 die Wiener Einkommensverteilung Anfang des 20. Jahrhunderts und erl\u00e4utert die Sozialstruktur der obersten Oberschicht und die sozial- und wirtschaftshistorischen Triebkr\u00e4fte des Wiener Fin de Si\u00e8cle.<\/p>\n<\/div>\n<div><\/div>\n<div><strong>Auf dieses Produkt kann auf Grund der gesetzlichen Buchpreis-Bindung keine Gutschein- oder Aktionscode angewendet werden. <\/strong><\/div>\n","protected":false},"excerpt":{"rendered":"<p>Bestsellerautor Sandgruber portr\u00e4tiert die Reichsten der Reichen<\/p>\n<p>Die Spitze der Wiener Gesellschaft am Vorabend des Ersten Weltkriegs<\/p>\n","protected":false},"author":5793,"featured_media":13407,"template":"","meta":[],"product_brand":[],"product_cat":[71,109],"product_tag":[],"class_list":{"0":"post-13410","1":"product","2":"type-product","3":"status-publish","4":"has-post-thumbnail","6":"product_cat-lesen-schreiben","7":"product_cat-styria-books","9":"first","10":"instock","11":"taxable","12":"shipping-taxable","13":"purchasable","14":"product-type-simple"},"bundled_by":[],"bundle_stock_status":"instock","bundle_stock_quantity":2,"bundle_virtual":false,"bundle_layout":"","bundle_add_to_cart_form_location":"","bundle_editable_in_cart":false,"bundle_sold_individually_context":"","bundle_item_grouping":"","bundle_min_size":"","bundle_max_size":"","bundle_price":[],"bundled_items":[],"bundle_sell_ids":[],"tiered_pricing_type":"fixed","tiered_pricing_fixed_rules":[],"tiered_pricing_product_settings":{"layout":"default","base_unit_name":{"singular":null,"plural":null},"default_variation":null},"tiered_pricing_minimum_quantity":1,"tiered_pricing_roles_data":[],"tiered_pricing_percentage_rules":[],"tiered_pricing_maximum_quantity":null,"tiered_pricing_quantity_step":null,"_links":{"self":[{"href":"https:\/\/shop.diepresse.com\/en\/wp-json\/wp\/v2\/product\/13410","targetHints":{"allow":["GET"]}}],"collection":[{"href":"https:\/\/shop.diepresse.com\/en\/wp-json\/wp\/v2\/product"}],"about":[{"href":"https:\/\/shop.diepresse.com\/en\/wp-json\/wp\/v2\/types\/product"}],"author":[{"embeddable":true,"href":"https:\/\/shop.diepresse.com\/en\/wp-json\/wp\/v2\/users\/5793"}],"wp:featuredmedia":[{"embeddable":true,"href":"https:\/\/shop.diepresse.com\/en\/wp-json\/wp\/v2\/media\/13407"}],"wp:attachment":[{"href":"https:\/\/shop.diepresse.com\/en\/wp-json\/wp\/v2\/media?parent=13410"}],"wp:term":[{"taxonomy":"product_brand","embeddable":true,"href":"https:\/\/shop.diepresse.com\/en\/wp-json\/wp\/v2\/product_brand?post=13410"},{"taxonomy":"product_cat","embeddable":true,"href":"https:\/\/shop.diepresse.com\/en\/wp-json\/wp\/v2\/product_cat?post=13410"},{"taxonomy":"product_tag","embeddable":true,"href":"https:\/\/shop.diepresse.com\/en\/wp-json\/wp\/v2\/product_tag?post=13410"}],"curies":[{"name":"wp","href":"https:\/\/api.w.org\/{rel}","templated":true}]}}