{"id":13418,"date":"2022-11-14T09:51:56","date_gmt":"2022-11-14T07:51:56","guid":{"rendered":"https:\/\/shop.diepresse.com\/?post_type=product&#038;p=13418"},"modified":"2025-11-07T10:19:55","modified_gmt":"2025-11-07T08:19:55","slug":"geniessen-in-wien","status":"publish","type":"product","link":"https:\/\/shop.diepresse.com\/en\/produkt\/geniessen-in-wien\/","title":{"rendered":"Genie\u00dfen in Wien"},"content":{"rendered":"<div class=\"description producttitel detailheadline noRating\">\n<p>Die <strong>StadtSpionin<\/strong> gilt mittlerweile als Institution in Wien: Als <strong>Undercover-Agentin des guten Geschmacks<\/strong> bewegt sich Sabine Maier unerkannt durch die Stadt, immer auf der Suche nach dem gewissen Etwas. Das findet sich in Wien auch kulinarisch in H\u00fclle und F\u00fclle. Mit ihrer jahrhundertealten Tradition ist die <strong>Wiener K\u00fcche<\/strong> seit jeher ein <strong>Schmelztiegel von Einfl\u00fcssen<\/strong> <strong>aus aller Welt<\/strong>. Das war zur Zeit des Wiener Kongresses 1815 so, als sich erstmals der Ruf von Wien als kulinarischer Metropole \u00fcber ganz Europa verbreitete. Und das ist bis heute so, egal ob es sich um Sternek\u00fcche oder Szenetreffs handelt. Oder um traditionelle Wirtsh\u00e4user, die Wien zum &#8220;Beisl-Paradies&#8221; machen. Einkommensverteilung Anfang des 20. Jahrhunderts und erl\u00e4utert die Sozialstruktur der obersten Oberschicht und die sozial- und wirtschaftshistorischen Triebkr\u00e4fte des Wiener Fin de Si\u00e8cle.<\/p>\n<p><strong>Sabine Maier<\/strong> alias <strong>Die StadtSpionin<\/strong> pr\u00e4sentiert mit ihrem neuen Buch <strong>Genie\u00dfen in Wien<\/strong> ein <strong>analoges Genuss-Navi f\u00fcr die Metropole Wien<\/strong>, mit dem man sich &#8211; vom Fr\u00fchst\u00fcck bis zum sp\u00e4ten Drink in einer Bar &#8211; durch die Stadt bewegen kann, um seinen h\u00f6chstpers\u00f6nlichen Geschmack von Wien zu finden.<\/p>\n<\/div>\n<div><\/div>\n<div><strong>Auf dieses Produkt kann auf Grund der gesetzlichen Buchpreis-Bindung keine Gutschein- oder Aktionscode angewendet werden. <\/strong><\/div>\n","protected":false},"excerpt":{"rendered":"<p>Essen, Trinken, Feiern \u2013 die kulinarischen Highlights der Genusshauptstadt<\/p>\n","protected":false},"author":5793,"featured_media":13398,"template":"","meta":[],"product_brand":[],"product_cat":[71,109],"product_tag":[],"class_list":{"0":"post-13418","1":"product","2":"type-product","3":"status-publish","4":"has-post-thumbnail","6":"product_cat-lesen-schreiben","7":"product_cat-styria-books","9":"first","10":"outofstock","11":"taxable","12":"shipping-taxable","13":"purchasable","14":"product-type-simple"},"bundled_by":[],"bundle_stock_status":"outofstock","bundle_stock_quantity":0,"bundle_virtual":false,"bundle_layout":"","bundle_add_to_cart_form_location":"","bundle_editable_in_cart":false,"bundle_sold_individually_context":"","bundle_item_grouping":"","bundle_min_size":"","bundle_max_size":"","bundle_price":[],"bundled_items":[],"bundle_sell_ids":[],"tiered_pricing_type":"fixed","tiered_pricing_fixed_rules":[],"tiered_pricing_product_settings":{"layout":"default","base_unit_name":{"singular":null,"plural":null},"default_variation":null},"tiered_pricing_minimum_quantity":1,"tiered_pricing_roles_data":[],"tiered_pricing_percentage_rules":[],"tiered_pricing_maximum_quantity":null,"tiered_pricing_quantity_step":null,"_links":{"self":[{"href":"https:\/\/shop.diepresse.com\/en\/wp-json\/wp\/v2\/product\/13418","targetHints":{"allow":["GET"]}}],"collection":[{"href":"https:\/\/shop.diepresse.com\/en\/wp-json\/wp\/v2\/product"}],"about":[{"href":"https:\/\/shop.diepresse.com\/en\/wp-json\/wp\/v2\/types\/product"}],"author":[{"embeddable":true,"href":"https:\/\/shop.diepresse.com\/en\/wp-json\/wp\/v2\/users\/5793"}],"wp:featuredmedia":[{"embeddable":true,"href":"https:\/\/shop.diepresse.com\/en\/wp-json\/wp\/v2\/media\/13398"}],"wp:attachment":[{"href":"https:\/\/shop.diepresse.com\/en\/wp-json\/wp\/v2\/media?parent=13418"}],"wp:term":[{"taxonomy":"product_brand","embeddable":true,"href":"https:\/\/shop.diepresse.com\/en\/wp-json\/wp\/v2\/product_brand?post=13418"},{"taxonomy":"product_cat","embeddable":true,"href":"https:\/\/shop.diepresse.com\/en\/wp-json\/wp\/v2\/product_cat?post=13418"},{"taxonomy":"product_tag","embeddable":true,"href":"https:\/\/shop.diepresse.com\/en\/wp-json\/wp\/v2\/product_tag?post=13418"}],"curies":[{"name":"wp","href":"https:\/\/api.w.org\/{rel}","templated":true}]}}