{"id":13433,"date":"2022-11-14T16:32:23","date_gmt":"2022-11-14T14:32:23","guid":{"rendered":"https:\/\/shop.diepresse.com\/?post_type=product&#038;p=13433"},"modified":"2025-03-25T11:54:58","modified_gmt":"2025-03-25T09:54:58","slug":"was-sich-bewaehrt-hat","status":"publish","type":"product","link":"https:\/\/shop.diepresse.com\/en\/produkt\/was-sich-bewaehrt-hat\/","title":{"rendered":"Was sich bew\u00e4hrt hat"},"content":{"rendered":"<div class=\"description producttitel detailheadline noRating\">\n<p>Die Gesellschaft des 21. Jahrhunderts ist eine <strong>&#8220;M\u00fcdigkeitsgesellschaft&#8221;<\/strong>. Alles muss immer mehr, immer schneller, \u00fcberall und jederzeit sein. Das hat nicht zuletzt auch Konsequenzen f\u00fcr unsere psychische Gesundheit.<\/p>\n<p>Noch vor ein, zwei Generationen war das Leben ein v\u00f6llig anderes, daher lohnt sich ein Blick zur\u00fcck. Fr\u00fcher scheint etwas m\u00f6glich gewesen zu sein, was wir heute ersehnen: <strong>ein Leben in Zufriedenheit und Gemeinschaft, ohne unn\u00f6tige Hektik, daf\u00fcr in angemessenem Tempo.<\/strong> Ein Leben, in dem man nicht alles gleichzeitig tun muss, sondern sch\u00f6n eines nach dem anderen, und in dem Multitasking ein Fremdwort ist, daf\u00fcr Begriffe wie Feierabend, Bescheidenheit und Zufriedenheit existieren.<\/p>\n<p>Diese altbew\u00e4hrte Lebensweise will uns Historikerin und Autorin <strong>Inge Friedl<\/strong> in ihrem neuen Buch <strong>Was sich bew\u00e4hrt hat<\/strong> wieder n\u00e4herbringen und stellt sich dabei die Frage, wie viele Dinge man zum Leben wirklich braucht.<\/p>\n<\/div>\n<div><\/div>\n<div><strong>Auf dieses Produkt kann auf Grund der gesetzlichen Buchpreis-Bindung keine Gutschein- oder Aktionscode angewendet werden. <\/strong><\/div>\n","protected":false},"excerpt":{"rendered":"<p>Genie\u00dfen in Wien<br \/>\nDie einfachen Dinge des Lebens sch\u00e4tzen lernen<\/p>\n","protected":false},"author":5793,"featured_media":13409,"template":"","meta":[],"product_brand":[],"product_cat":[71,109],"product_tag":[],"class_list":{"0":"post-13433","1":"product","2":"type-product","3":"status-publish","4":"has-post-thumbnail","6":"product_cat-lesen-schreiben","7":"product_cat-styria-books","9":"first","10":"instock","11":"taxable","12":"shipping-taxable","13":"purchasable","14":"product-type-simple"},"bundled_by":[],"bundle_stock_status":"instock","bundle_stock_quantity":3,"bundle_virtual":false,"bundle_layout":"","bundle_add_to_cart_form_location":"","bundle_editable_in_cart":false,"bundle_sold_individually_context":"","bundle_item_grouping":"","bundle_min_size":"","bundle_max_size":"","bundle_price":[],"bundled_items":[],"bundle_sell_ids":[],"tiered_pricing_type":"fixed","tiered_pricing_fixed_rules":[],"tiered_pricing_product_settings":{"layout":"default","base_unit_name":{"singular":null,"plural":null},"default_variation":null},"tiered_pricing_minimum_quantity":1,"tiered_pricing_roles_data":[],"tiered_pricing_percentage_rules":[],"tiered_pricing_maximum_quantity":null,"tiered_pricing_quantity_step":null,"_links":{"self":[{"href":"https:\/\/shop.diepresse.com\/en\/wp-json\/wp\/v2\/product\/13433","targetHints":{"allow":["GET"]}}],"collection":[{"href":"https:\/\/shop.diepresse.com\/en\/wp-json\/wp\/v2\/product"}],"about":[{"href":"https:\/\/shop.diepresse.com\/en\/wp-json\/wp\/v2\/types\/product"}],"author":[{"embeddable":true,"href":"https:\/\/shop.diepresse.com\/en\/wp-json\/wp\/v2\/users\/5793"}],"wp:featuredmedia":[{"embeddable":true,"href":"https:\/\/shop.diepresse.com\/en\/wp-json\/wp\/v2\/media\/13409"}],"wp:attachment":[{"href":"https:\/\/shop.diepresse.com\/en\/wp-json\/wp\/v2\/media?parent=13433"}],"wp:term":[{"taxonomy":"product_brand","embeddable":true,"href":"https:\/\/shop.diepresse.com\/en\/wp-json\/wp\/v2\/product_brand?post=13433"},{"taxonomy":"product_cat","embeddable":true,"href":"https:\/\/shop.diepresse.com\/en\/wp-json\/wp\/v2\/product_cat?post=13433"},{"taxonomy":"product_tag","embeddable":true,"href":"https:\/\/shop.diepresse.com\/en\/wp-json\/wp\/v2\/product_tag?post=13433"}],"curies":[{"name":"wp","href":"https:\/\/api.w.org\/{rel}","templated":true}]}}