{"id":13468,"date":"2022-11-14T12:56:50","date_gmt":"2022-11-14T10:56:50","guid":{"rendered":"https:\/\/shop.diepresse.com\/?post_type=product&#038;p=13468"},"modified":"2025-11-17T20:19:45","modified_gmt":"2025-11-17T18:19:45","slug":"leopoldine-von-habsburg","status":"publish","type":"product","link":"https:\/\/shop.diepresse.com\/en\/produkt\/leopoldine-von-habsburg\/","title":{"rendered":"Leopoldine von Habsburg"},"content":{"rendered":"<div class=\"description producttitel detailheadline noRating\">\n<p><strong>Erzherzogin Leopoldine. <\/strong><br \/>\nSie war hochgebildet, musikalisch und weltoffen, liebte die Naturwissenschaften und w\u00e4re gerne Mineralogin geworden. Doch sie beugte sich der dynastischen Pflicht und den W\u00fcnschen ihres Vaters, Kaiser Franz I. Sie heiratete nach Brasilien, widersetzte sich den Interessen des Hauses Habsburg und wurde zur <strong>Wegbereiterin der Unabh\u00e4ngigkeit<\/strong>, bevor sie als <strong>erste Kaiserin<\/strong> der Amerikas mit nur 29 Jahren verstarb.<\/p>\n<p>2022 j\u00e4hrt sich die <strong>Unabh\u00e4ngigkeit Brasiliens<\/strong> zum 200. Mal. Die Historikerin Ursula Prutsch beschreibt in ihrem neuen Buch <strong>Leopoldine von Habsburg<\/strong> das faszinierende Leben der Erzherzogin, ihre Bedeutung f\u00fcr die Forschung, ihren Aufstieg zur Macht und ihre Entmachtung durch Neid und die Intrigen einer Nebenbuhlerin. Leopoldine von Habsburg wird in Brasilien wie ein Popstar verehrt, doch in \u00d6sterreich ist ihre au\u00dfergew\u00f6hnliche Geschichte weitgehend unbekannt<\/p>\n<\/div>\n<div><\/div>\n<div><strong>Auf dieses Produkt kann auf Grund der gesetzlichen Buchpreis-Bindung keine Gutschein- oder Aktionscode angewendet werden. <\/strong><\/div>\n","protected":false},"excerpt":{"rendered":"<p>Kaiserin von Brasilien \u2013 Naturforscherin \u2013 Ikone der Unabh\u00e4ngigkeit<\/p>\n","protected":false},"author":5793,"featured_media":13406,"template":"","meta":[],"product_brand":[],"product_cat":[71,109],"product_tag":[],"class_list":{"0":"post-13468","1":"product","2":"type-product","3":"status-publish","4":"has-post-thumbnail","6":"product_cat-lesen-schreiben","7":"product_cat-styria-books","9":"first","10":"outofstock","11":"taxable","12":"shipping-taxable","13":"purchasable","14":"product-type-simple"},"bundled_by":[],"bundle_stock_status":"outofstock","bundle_stock_quantity":0,"bundle_virtual":false,"bundle_layout":"","bundle_add_to_cart_form_location":"","bundle_editable_in_cart":false,"bundle_sold_individually_context":"","bundle_item_grouping":"","bundle_min_size":"","bundle_max_size":"","bundle_price":[],"bundled_items":[],"bundle_sell_ids":[],"tiered_pricing_type":"fixed","tiered_pricing_fixed_rules":[],"tiered_pricing_product_settings":{"layout":"default","base_unit_name":{"singular":null,"plural":null},"default_variation":null},"tiered_pricing_minimum_quantity":1,"tiered_pricing_roles_data":[],"tiered_pricing_percentage_rules":[],"tiered_pricing_maximum_quantity":null,"tiered_pricing_quantity_step":null,"_links":{"self":[{"href":"https:\/\/shop.diepresse.com\/en\/wp-json\/wp\/v2\/product\/13468","targetHints":{"allow":["GET"]}}],"collection":[{"href":"https:\/\/shop.diepresse.com\/en\/wp-json\/wp\/v2\/product"}],"about":[{"href":"https:\/\/shop.diepresse.com\/en\/wp-json\/wp\/v2\/types\/product"}],"author":[{"embeddable":true,"href":"https:\/\/shop.diepresse.com\/en\/wp-json\/wp\/v2\/users\/5793"}],"wp:featuredmedia":[{"embeddable":true,"href":"https:\/\/shop.diepresse.com\/en\/wp-json\/wp\/v2\/media\/13406"}],"wp:attachment":[{"href":"https:\/\/shop.diepresse.com\/en\/wp-json\/wp\/v2\/media?parent=13468"}],"wp:term":[{"taxonomy":"product_brand","embeddable":true,"href":"https:\/\/shop.diepresse.com\/en\/wp-json\/wp\/v2\/product_brand?post=13468"},{"taxonomy":"product_cat","embeddable":true,"href":"https:\/\/shop.diepresse.com\/en\/wp-json\/wp\/v2\/product_cat?post=13468"},{"taxonomy":"product_tag","embeddable":true,"href":"https:\/\/shop.diepresse.com\/en\/wp-json\/wp\/v2\/product_tag?post=13468"}],"curies":[{"name":"wp","href":"https:\/\/api.w.org\/{rel}","templated":true}]}}