{"id":13469,"date":"2022-11-14T13:08:17","date_gmt":"2022-11-14T11:08:17","guid":{"rendered":"https:\/\/shop.diepresse.com\/?post_type=product&#038;p=13469"},"modified":"2025-10-20T12:19:30","modified_gmt":"2025-10-20T10:19:30","slug":"elisabeth-petznek","status":"publish","type":"product","link":"https:\/\/shop.diepresse.com\/en\/produkt\/elisabeth-petznek\/","title":{"rendered":"Elisabeth Petznek"},"content":{"rendered":"<div class=\"description producttitel detailheadline noRating\">\n<p><strong>Die Bef\u00fcrworterin moderner feministischer Prinzipien k\u00e4mpfte f\u00fcr Scheidung und sexuelle Freiheit<\/strong><br \/>\nEinst h\u00e4tte sie <strong>Kaiserin werden k\u00f6nnen<\/strong>. Sp\u00e4ter wurde sie lieber Sozialdemokratin: \u00d6sterreichs letzte, fortschrittlichste und ganz sicher extravaganteste Prinzessin: Elisabeth Marie Petznek. Ihren Traummann musste die einzige Tochter des Kronprinzen Rudolf bei ihrem Gro\u00dfvater, Kaiser Franz Joseph, auf Biegen und Brechen durchboxen. Konkurrentinnen r\u00fcckte sie auch schon mal mit der Schusswaffe zu Leibe. In Gesellschaft diverser Liebhaber tanzte sie durch die Nachtbars von Pula bis Triest.<\/p>\n<p><strong>Die radikalste Aussteigerin<\/strong>, die das Haus Habsburg je hervorgebracht hat, k\u00e4mpfte f\u00fcr Ehescheidung und sexuelle Selbstbestimmung. Sie war eine enge Freundin des Bundespr\u00e4sidenten Theodor K\u00f6rner und des Aussenministers Bruno Kreisky. Zusammen mit der Widerstandsk\u00e4mpferin Rosa Jochmann lauschte sie am 11. M\u00e4rz 1938 in ihrem Wohnzimmer der Radio- Abschiedsrede des Bundeskanzlers Kurt Schuschnigg.<\/p>\n<p>Ihre vier Kinder wurden enterbt, stattdessen ging ihr gesamter Besitz an die Republik \u00d6sterreich. Auf ihrem einfachen Grab in H\u00fctteldorf steht kein Name. Erzherzogin Erzsi starb 1963 als Genossin Elisabeth Petznek.<\/p>\n<\/div>\n<div><\/div>\n<div><strong>Auf dieses Produkt kann auf Grund der gesetzlichen Buchpreis-Bindung keine Gutschein- oder Aktionscode angewendet werden. <\/strong><\/div>\n","protected":false},"excerpt":{"rendered":"<p>Skandalprinzessin, Spiritistin, Sozialdemokratin<\/p>\n","protected":false},"author":5793,"featured_media":13403,"template":"","meta":[],"product_brand":[],"product_cat":[71,109],"product_tag":[],"class_list":{"0":"post-13469","1":"product","2":"type-product","3":"status-publish","4":"has-post-thumbnail","6":"product_cat-lesen-schreiben","7":"product_cat-styria-books","9":"first","10":"instock","11":"taxable","12":"shipping-taxable","13":"purchasable","14":"product-type-simple"},"bundled_by":[],"bundle_stock_status":"instock","bundle_stock_quantity":2,"bundle_virtual":false,"bundle_layout":"","bundle_add_to_cart_form_location":"","bundle_editable_in_cart":false,"bundle_sold_individually_context":"","bundle_item_grouping":"","bundle_min_size":"","bundle_max_size":"","bundle_price":[],"bundled_items":[],"bundle_sell_ids":[],"tiered_pricing_type":"fixed","tiered_pricing_fixed_rules":[],"tiered_pricing_product_settings":{"layout":"default","base_unit_name":{"singular":null,"plural":null},"default_variation":null},"tiered_pricing_minimum_quantity":1,"tiered_pricing_roles_data":[],"tiered_pricing_percentage_rules":[],"tiered_pricing_maximum_quantity":null,"tiered_pricing_quantity_step":null,"_links":{"self":[{"href":"https:\/\/shop.diepresse.com\/en\/wp-json\/wp\/v2\/product\/13469","targetHints":{"allow":["GET"]}}],"collection":[{"href":"https:\/\/shop.diepresse.com\/en\/wp-json\/wp\/v2\/product"}],"about":[{"href":"https:\/\/shop.diepresse.com\/en\/wp-json\/wp\/v2\/types\/product"}],"author":[{"embeddable":true,"href":"https:\/\/shop.diepresse.com\/en\/wp-json\/wp\/v2\/users\/5793"}],"wp:featuredmedia":[{"embeddable":true,"href":"https:\/\/shop.diepresse.com\/en\/wp-json\/wp\/v2\/media\/13403"}],"wp:attachment":[{"href":"https:\/\/shop.diepresse.com\/en\/wp-json\/wp\/v2\/media?parent=13469"}],"wp:term":[{"taxonomy":"product_brand","embeddable":true,"href":"https:\/\/shop.diepresse.com\/en\/wp-json\/wp\/v2\/product_brand?post=13469"},{"taxonomy":"product_cat","embeddable":true,"href":"https:\/\/shop.diepresse.com\/en\/wp-json\/wp\/v2\/product_cat?post=13469"},{"taxonomy":"product_tag","embeddable":true,"href":"https:\/\/shop.diepresse.com\/en\/wp-json\/wp\/v2\/product_tag?post=13469"}],"curies":[{"name":"wp","href":"https:\/\/api.w.org\/{rel}","templated":true}]}}