{"id":13470,"date":"2022-11-14T13:14:57","date_gmt":"2022-11-14T11:14:57","guid":{"rendered":"https:\/\/shop.diepresse.com\/?post_type=product&#038;p=13470"},"modified":"2022-12-05T16:10:57","modified_gmt":"2022-12-05T14:10:57","slug":"margarete-schuette-lihotzky","status":"publish","type":"product","link":"https:\/\/shop.diepresse.com\/en\/produkt\/margarete-schuette-lihotzky\/","title":{"rendered":"Margarete Sch\u00fctte-Lihotzky"},"content":{"rendered":"<div class=\"description producttitel detailheadline noRating\">\n<p><strong>Die erste umfassende Biografie der Architekturpionierin<\/strong><br \/>\nDie Architektin Margarete Sch\u00fctte-Lihotzky (1897\u20132000) war weit mehr als die Erfinderin der Frankfurter K\u00fcche, die sie ber\u00fchmt machte. Zeit ihres langen Lebens war sie oft die Erste: die erste weibliche Architekturstudentin in \u00d6sterreich und die erste Frau, die in diesem Beruf arbeitete und erfolgreich war. Die soziale Frage war ihr ein ehrliches Anliegen, f\u00fcr das sie architektonische L\u00f6sungen suchte und fand. Aus Opposition zu Adolf Hitler wurde sie Kommunistin, engagierte sich im Widerstand, wurde verurteilt und entging nur knapp der Hinrichtung. Als sie w\u00e4hrend des Kalten Krieges in Wien fast keine Bauauftr\u00e4ge mehr bekam, arbeitete sie auf Kuba, in Ostberlin und in China. In Leben und Arbeit vereinte sie Politik, Pragmatismus und Pioniergeist. Mit einem Nachwort der Architekturprofessorin Uta Graff, Technische Universit\u00e4t M\u00fcnchen, Lehrstuhl f\u00fcr Entwerfen und Gestalten.<\/p>\n<p><em>\u201eIch bin keine K\u00fcche!\u201c<\/em> Margarete Sch\u00fctte-Lihotzky<\/p>\n<\/div>\n<div><\/div>\n<div><strong>Auf dieses Produkt kann auf Grund der gesetzlichen Buchpreis-Bindung keine Gutschein- oder Aktionscode angewendet werden. <\/strong><\/div>\n","protected":false},"excerpt":{"rendered":"<p>Architektin, Widerstandsk\u00e4mpferin, Aktivistin<\/p>\n","protected":false},"author":5793,"featured_media":13402,"template":"","meta":[],"product_brand":[],"product_cat":[109,71],"product_tag":[],"class_list":{"0":"post-13470","1":"product","2":"type-product","3":"status-publish","4":"has-post-thumbnail","6":"product_cat-styria-books","7":"product_cat-lesen-schreiben","9":"first","10":"instock","11":"taxable","12":"shipping-taxable","13":"purchasable","14":"product-type-simple"},"bundled_by":[],"bundle_stock_status":"instock","bundle_stock_quantity":1,"bundle_virtual":false,"bundle_layout":"","bundle_add_to_cart_form_location":"","bundle_editable_in_cart":false,"bundle_sold_individually_context":"","bundle_item_grouping":"","bundle_min_size":"","bundle_max_size":"","bundle_price":[],"bundled_items":[],"bundle_sell_ids":[],"tiered_pricing_type":"fixed","tiered_pricing_fixed_rules":[],"tiered_pricing_product_settings":{"layout":"default","base_unit_name":{"singular":null,"plural":null},"default_variation":null},"tiered_pricing_minimum_quantity":1,"tiered_pricing_roles_data":[],"tiered_pricing_percentage_rules":[],"tiered_pricing_maximum_quantity":null,"tiered_pricing_quantity_step":null,"_links":{"self":[{"href":"https:\/\/shop.diepresse.com\/en\/wp-json\/wp\/v2\/product\/13470","targetHints":{"allow":["GET"]}}],"collection":[{"href":"https:\/\/shop.diepresse.com\/en\/wp-json\/wp\/v2\/product"}],"about":[{"href":"https:\/\/shop.diepresse.com\/en\/wp-json\/wp\/v2\/types\/product"}],"author":[{"embeddable":true,"href":"https:\/\/shop.diepresse.com\/en\/wp-json\/wp\/v2\/users\/5793"}],"wp:featuredmedia":[{"embeddable":true,"href":"https:\/\/shop.diepresse.com\/en\/wp-json\/wp\/v2\/media\/13402"}],"wp:attachment":[{"href":"https:\/\/shop.diepresse.com\/en\/wp-json\/wp\/v2\/media?parent=13470"}],"wp:term":[{"taxonomy":"product_brand","embeddable":true,"href":"https:\/\/shop.diepresse.com\/en\/wp-json\/wp\/v2\/product_brand?post=13470"},{"taxonomy":"product_cat","embeddable":true,"href":"https:\/\/shop.diepresse.com\/en\/wp-json\/wp\/v2\/product_cat?post=13470"},{"taxonomy":"product_tag","embeddable":true,"href":"https:\/\/shop.diepresse.com\/en\/wp-json\/wp\/v2\/product_tag?post=13470"}],"curies":[{"name":"wp","href":"https:\/\/api.w.org\/{rel}","templated":true}]}}