{"id":13472,"date":"2022-11-14T13:24:49","date_gmt":"2022-11-14T11:24:49","guid":{"rendered":"https:\/\/shop.diepresse.com\/?post_type=product&#038;p=13472"},"modified":"2023-08-22T18:05:50","modified_gmt":"2023-08-22T16:05:50","slug":"josephine-baker","status":"publish","type":"product","link":"https:\/\/shop.diepresse.com\/en\/produkt\/josephine-baker\/","title":{"rendered":"Josephine Baker"},"content":{"rendered":"<div class=\"description producttitel detailheadline noRating\">\n<p><strong>Die erste Biografie, die Josephine Baker, den ersten afroamerikanischen Superstar, als das zeigt was sie vor allem war:<\/strong> <strong>Eine idealistische K\u00e4mpferin gegen Rassismus und Diskriminierung.<\/strong><\/p>\n<p>Als Freda McDonald 1906 in einem Armenviertel in Saint Louis zur Welt kommt, deutet nichts darauf hin, dass sie als Josephine Baker als erster afroamerikanischer Superstar die Welt erobern wird. Die Chancen stehen denkbar schlecht, f\u00fcr die uneheliche Tochter einer W\u00e4scherin, die Gesetze der Rassentrennung ins Gegenteil zu verkehren, doch Josephine Baker h\u00e4lt sich an keine Regeln, sie macht ihre eigenen. F\u00fcr sie gibt es immer noch eine weitere Rolle, in der sie sich neu verwirklichen kann und Erfolge feiert. Ob auf der B\u00fchne, als Truppenunterhalterin und Kriegsheldin \u2013 oder im Leben, Josephine kennt nur den Superlativ. Der Weg der Josephine Baker von der T\u00e4nzerin im Bananenr\u00f6ckchen zur politischen Figur war lang \u2013 doch ihre zahlreichen Anti-Rassismus-Projekte waren mutig, richtig und konsequent an einer wesentlichen Einsicht orientiert: <em>\u201eLetzten Endes gibt es nur eine Rasse: die menschliche Rasse\u201c<\/em> (Josephine Baker).<\/p>\n<\/div>\n<div><\/div>\n<div><strong>Auf dieses Produkt kann auf Grund der gesetzlichen Buchpreis-Bindung keine Gutschein- oder Aktionscode angewendet werden. <\/strong><\/div>\n","protected":false},"excerpt":{"rendered":"<p>Weltstar, Freiheitsk\u00e4mpferin, Ikone<\/p>\n","protected":false},"author":5793,"featured_media":13400,"template":"","meta":[],"product_brand":[],"product_cat":[71,109],"product_tag":[],"class_list":{"0":"post-13472","1":"product","2":"type-product","3":"status-publish","4":"has-post-thumbnail","6":"product_cat-lesen-schreiben","7":"product_cat-styria-books","9":"first","10":"instock","11":"taxable","12":"shipping-taxable","13":"purchasable","14":"product-type-simple"},"bundled_by":[],"bundle_stock_status":"instock","bundle_stock_quantity":2,"bundle_virtual":false,"bundle_layout":"","bundle_add_to_cart_form_location":"","bundle_editable_in_cart":false,"bundle_sold_individually_context":"","bundle_item_grouping":"","bundle_min_size":"","bundle_max_size":"","bundle_price":[],"bundled_items":[],"bundle_sell_ids":[],"tiered_pricing_type":"fixed","tiered_pricing_fixed_rules":[],"tiered_pricing_product_settings":{"layout":"default","base_unit_name":{"singular":null,"plural":null},"default_variation":null},"tiered_pricing_minimum_quantity":1,"tiered_pricing_roles_data":[],"tiered_pricing_percentage_rules":[],"tiered_pricing_maximum_quantity":null,"tiered_pricing_quantity_step":null,"_links":{"self":[{"href":"https:\/\/shop.diepresse.com\/en\/wp-json\/wp\/v2\/product\/13472","targetHints":{"allow":["GET"]}}],"collection":[{"href":"https:\/\/shop.diepresse.com\/en\/wp-json\/wp\/v2\/product"}],"about":[{"href":"https:\/\/shop.diepresse.com\/en\/wp-json\/wp\/v2\/types\/product"}],"author":[{"embeddable":true,"href":"https:\/\/shop.diepresse.com\/en\/wp-json\/wp\/v2\/users\/5793"}],"wp:featuredmedia":[{"embeddable":true,"href":"https:\/\/shop.diepresse.com\/en\/wp-json\/wp\/v2\/media\/13400"}],"wp:attachment":[{"href":"https:\/\/shop.diepresse.com\/en\/wp-json\/wp\/v2\/media?parent=13472"}],"wp:term":[{"taxonomy":"product_brand","embeddable":true,"href":"https:\/\/shop.diepresse.com\/en\/wp-json\/wp\/v2\/product_brand?post=13472"},{"taxonomy":"product_cat","embeddable":true,"href":"https:\/\/shop.diepresse.com\/en\/wp-json\/wp\/v2\/product_cat?post=13472"},{"taxonomy":"product_tag","embeddable":true,"href":"https:\/\/shop.diepresse.com\/en\/wp-json\/wp\/v2\/product_tag?post=13472"}],"curies":[{"name":"wp","href":"https:\/\/api.w.org\/{rel}","templated":true}]}}