{"id":1361,"date":"2021-08-24T13:39:35","date_gmt":"2021-08-24T11:39:35","guid":{"rendered":"https:\/\/shop.diepresse.com\/?post_type=product&#038;p=1361"},"modified":"2026-04-12T14:19:45","modified_gmt":"2026-04-12T12:19:45","slug":"geschichte-magazin-1945-der-beginn","status":"publish","type":"product","link":"https:\/\/shop.diepresse.com\/en\/produkt\/geschichte-magazin-1945-der-beginn\/","title":{"rendered":"Geschichte Magazin: 1945 \u2013 Der Beginn"},"content":{"rendered":"<p style=\"margin-left: 0cm; margin-right: 0cm;\">Wie kann so ein Land \u00fcberleben? Die Menschen hungern, sammeln in den W\u00e4ldern Holz, betteln bei den Bauern um Essen. Das Staatsgebiet ist milit\u00e4risch besetzt und wird in Zonen zerschnitten. Doch \u00d6sterreich gibt nicht auf, die Politiker zeigen Courage und die Bev\u00f6lkerung Zuversicht. Es geht Schritt f\u00fcr Schritt voran. Man blickt nicht zur\u00fcck, sondern nach vorne. Und sieht f\u00fcr das Land eine Zukunft.<\/p>\n<p style=\"margin-left: 0cm; margin-right: 0cm;\">So gelingt der Neustart, \u00d6sterreichs Zweite Republik wird ein Erfolg. 1945 war eines der wichtigsten Jahre in der Geschichte \u00d6sterreichs. 75 Jahre danach blickt die \u201ePresse\u201c \u2013 sie ist ein Teil dieser Geschichte des Landes \u2013 zur\u00fcck. Wir feiern den Geburtstag der Republik.<\/p>\n<p><strong>Sichern Sie sich Ihr Exemplar!<br \/>\nJetzt bestellen zum Preis von 8,90 Euro (mit \u201ePresse\u201c-Abonnement nur 6,90 Euro*).<\/strong><\/p>\n<p style=\"margin-left: 0cm; margin-right: 0cm;\">*Als treue:r Abonnent:in erhalten Sie dieses Magazin um \u20ac 6,90. Damit unser System Sie als Kunden erkennt, muss Ihr Abo-Key auf Ihrem Profil hinterlegt sein. Loggen Sie sich dazu in Ihr Shop-Konto ein und gehen Sie vorab sicher, dass Ihr Abo-Key <strong><a href=\"https:\/\/www.diepresse.com\/mein-epaper-abo\" target=\"_blank\" rel=\"noopener\">hier<\/a> <\/strong>hinterlegt ist.<\/p>\n","protected":false},"excerpt":{"rendered":"<h4>Der Beginn der 2. Republik<\/h4>\n<p>\u201eDie Presse\u201c-Geschichte-Reihe<br \/>\nzw\u00f6lfte Ausgabe<br \/>\n\u201ePresse\u201c-Club-Vorteil: \u20ac 6,90*<\/p>\n","protected":false},"author":1,"featured_media":1414,"template":"","meta":[],"product_brand":[],"product_cat":[41,43,45,71,73,580],"product_tag":[],"class_list":{"0":"post-1361","1":"product","2":"type-product","3":"status-publish","4":"has-post-thumbnail","6":"product_cat-gutscheine-anwendbar","7":"product_cat-die-presse","8":"product_cat-die-presse-welt","9":"product_cat-lesen-schreiben","10":"product_cat-vorteile-fuer-club-mitglieder","11":"product_cat-diepresse-geschichte-magazine","13":"first","14":"instock","15":"taxable","16":"shipping-taxable","17":"purchasable","18":"product-type-simple"},"bundled_by":["28158"],"bundle_stock_status":"instock","bundle_stock_quantity":1049,"bundle_virtual":false,"bundle_layout":"","bundle_add_to_cart_form_location":"","bundle_editable_in_cart":false,"bundle_sold_individually_context":"","bundle_item_grouping":"","bundle_min_size":"","bundle_max_size":"","bundle_price":[],"bundled_items":[],"bundle_sell_ids":[],"tiered_pricing_type":"fixed","tiered_pricing_fixed_rules":[],"tiered_pricing_product_settings":{"layout":"default","base_unit_name":{"singular":null,"plural":null},"default_variation":null},"tiered_pricing_minimum_quantity":null,"tiered_pricing_roles_data":[],"tiered_pricing_percentage_rules":[],"tiered_pricing_maximum_quantity":null,"tiered_pricing_quantity_step":null,"_links":{"self":[{"href":"https:\/\/shop.diepresse.com\/en\/wp-json\/wp\/v2\/product\/1361","targetHints":{"allow":["GET"]}}],"collection":[{"href":"https:\/\/shop.diepresse.com\/en\/wp-json\/wp\/v2\/product"}],"about":[{"href":"https:\/\/shop.diepresse.com\/en\/wp-json\/wp\/v2\/types\/product"}],"author":[{"embeddable":true,"href":"https:\/\/shop.diepresse.com\/en\/wp-json\/wp\/v2\/users\/1"}],"wp:featuredmedia":[{"embeddable":true,"href":"https:\/\/shop.diepresse.com\/en\/wp-json\/wp\/v2\/media\/1414"}],"wp:attachment":[{"href":"https:\/\/shop.diepresse.com\/en\/wp-json\/wp\/v2\/media?parent=1361"}],"wp:term":[{"taxonomy":"product_brand","embeddable":true,"href":"https:\/\/shop.diepresse.com\/en\/wp-json\/wp\/v2\/product_brand?post=1361"},{"taxonomy":"product_cat","embeddable":true,"href":"https:\/\/shop.diepresse.com\/en\/wp-json\/wp\/v2\/product_cat?post=1361"},{"taxonomy":"product_tag","embeddable":true,"href":"https:\/\/shop.diepresse.com\/en\/wp-json\/wp\/v2\/product_tag?post=1361"}],"curies":[{"name":"wp","href":"https:\/\/api.w.org\/{rel}","templated":true}]}}