{"id":1760,"date":"2021-08-24T13:57:14","date_gmt":"2021-08-24T11:57:14","guid":{"rendered":"https:\/\/shop.diepresse.com\/?post_type=product&#038;p=1760"},"modified":"2024-10-03T07:18:31","modified_gmt":"2024-10-03T05:18:31","slug":"geschichte-magazin-100-jahre-burgenland","status":"publish","type":"product","link":"https:\/\/shop.diepresse.com\/en\/produkt\/geschichte-magazin-100-jahre-burgenland\/","title":{"rendered":"Geschichte Magazin: 100 Jahre Burgenland"},"content":{"rendered":"<p style=\"margin-left: 0cm; margin-right: 0cm;\">Seit 100 Jahren ist das Burgenland ein Teil von \u00d6sterreich. Als es 1921 ein selbst\u00e4ndiges Bundesland wurde, war es das Armenhaus der Republik. Was folgte, war ein unglaublicher Aufstieg. Das neue \u201ePresse\u201c-Geschichte-Magazin verfolgt ihn nach.<\/p>\n<p style=\"margin-left: 0cm; margin-right: 0cm;\">\u00dcber die eigent\u00fcmliche Landschaft und das Schicksal einer mehrsprachigen Region, die immer schon ein Grenzraum war, in dem kulturelle Vielfalt gelebt wurde. Die Bev\u00f6lkerung ertrug ab 1945 das Schicksal, am Eisernen Vorhang zu leben, bis 1989 mit der Ost\u00f6ffnung der wirtschaftliche Aufstieg m\u00f6glich wurde. Das Burgenland im R\u00fcckblick: Wie aus einem Grenzland ein erfolgreiches Modell f\u00fcr Offenheit wurde.<\/p>\n<p><strong>Sichern Sie sich Ihr Exemplar!<br \/>\nJetzt bestellen zum Preis von 8,90 Euro (mit \u201ePresse\u201c-Abonnement nur 6,90 Euro*).<\/strong><\/p>\n<p>*Als treue:r Abonnent:in erhalten Sie dieses Magazin um \u20ac 6,90. Damit unser System Sie als Kunden erkennt, muss Ihr Abo-Key auf Ihrem Profil hinterlegt sein. Loggen Sie sich dazu in Ihr Shop-Konto ein und gehen Sie vorab sicher, dass Ihr Abo-Key <strong><a href=\"https:\/\/www.diepresse.com\/mein-epaper-abo\" target=\"_blank\" rel=\"noopener\">hier<\/a><\/strong> hinterlegt ist.<\/p>\n","protected":false},"excerpt":{"rendered":"<h4>Der Aufstieg des Bundeslandes<\/h4>\n<p>\u201eDie Presse&#8221;-Geschichte-Reihe<br \/>\nsechszehnte Ausgabe<br \/>\n\u201ePresse\u201c-Club-Vorteil: \u20ac6,90*<\/p>\n","protected":false},"author":1,"featured_media":1851,"template":"","meta":[],"product_brand":[],"product_cat":[580,41,43,45,71,73],"product_tag":[],"class_list":{"0":"post-1760","1":"product","2":"type-product","3":"status-publish","4":"has-post-thumbnail","6":"product_cat-diepresse-geschichte-magazine","7":"product_cat-gutscheine-anwendbar","8":"product_cat-die-presse","9":"product_cat-die-presse-welt","10":"product_cat-lesen-schreiben","11":"product_cat-vorteile-fuer-club-mitglieder","13":"first","14":"outofstock","15":"taxable","16":"shipping-taxable","17":"purchasable","18":"product-type-simple"},"bundled_by":[],"bundle_stock_status":"outofstock","bundle_stock_quantity":0,"bundle_virtual":false,"bundle_layout":"","bundle_add_to_cart_form_location":"","bundle_editable_in_cart":false,"bundle_sold_individually_context":"","bundle_item_grouping":"","bundle_min_size":"","bundle_max_size":"","bundle_price":[],"bundled_items":[],"bundle_sell_ids":[],"tiered_pricing_type":"fixed","tiered_pricing_fixed_rules":[],"tiered_pricing_product_settings":{"layout":"default","base_unit_name":{"singular":null,"plural":null},"default_variation":null},"tiered_pricing_minimum_quantity":1,"tiered_pricing_roles_data":[],"tiered_pricing_percentage_rules":[],"tiered_pricing_maximum_quantity":null,"tiered_pricing_quantity_step":null,"_links":{"self":[{"href":"https:\/\/shop.diepresse.com\/en\/wp-json\/wp\/v2\/product\/1760","targetHints":{"allow":["GET"]}}],"collection":[{"href":"https:\/\/shop.diepresse.com\/en\/wp-json\/wp\/v2\/product"}],"about":[{"href":"https:\/\/shop.diepresse.com\/en\/wp-json\/wp\/v2\/types\/product"}],"author":[{"embeddable":true,"href":"https:\/\/shop.diepresse.com\/en\/wp-json\/wp\/v2\/users\/1"}],"wp:featuredmedia":[{"embeddable":true,"href":"https:\/\/shop.diepresse.com\/en\/wp-json\/wp\/v2\/media\/1851"}],"wp:attachment":[{"href":"https:\/\/shop.diepresse.com\/en\/wp-json\/wp\/v2\/media?parent=1760"}],"wp:term":[{"taxonomy":"product_brand","embeddable":true,"href":"https:\/\/shop.diepresse.com\/en\/wp-json\/wp\/v2\/product_brand?post=1760"},{"taxonomy":"product_cat","embeddable":true,"href":"https:\/\/shop.diepresse.com\/en\/wp-json\/wp\/v2\/product_cat?post=1760"},{"taxonomy":"product_tag","embeddable":true,"href":"https:\/\/shop.diepresse.com\/en\/wp-json\/wp\/v2\/product_tag?post=1760"}],"curies":[{"name":"wp","href":"https:\/\/api.w.org\/{rel}","templated":true}]}}