{"id":1896,"date":"2021-08-24T14:03:59","date_gmt":"2021-08-24T12:03:59","guid":{"rendered":"https:\/\/shop.diepresse.com\/?post_type=product&#038;p=1896"},"modified":"2026-04-12T14:19:44","modified_gmt":"2026-04-12T12:19:44","slug":"geschichte-magazin-biedermeier","status":"publish","type":"product","link":"https:\/\/shop.diepresse.com\/en\/produkt\/geschichte-magazin-biedermeier\/","title":{"rendered":"Geschichte Magazin: Biedermeier"},"content":{"rendered":"<p style=\"margin-left: 0cm; margin-right: 0cm;\">Daheimbleiben, Freude am Wohnen haben und den Garten genie\u00dfen, lesen, Musik h\u00f6ren, Walzer tanzen und sich vom alles ausspionierenden Staat abwenden: Das bestimmte vor 200 Jahren das Leben. Das Biedermeier war jedoch auch eine Zeit des Aufbruchs und Aufbegehrens. An seinem Ende stand die Revolution von 1848.<\/p>\n<p style=\"margin-left: 0cm; margin-right: 0cm;\">Heute erlebt der Kult um das Zuhause und die Familie eine Renaissance. Das Covid-19-Virus zwang schlie\u00dflich Millionen Menschen gleichsam \u00fcber Nacht zum R\u00fcckzug in die eigenen vier W\u00e4nde.<\/p>\n<p style=\"margin-left: 0cm; margin-right: 0cm;\">Das neue \u201ePresse\u201c-Geschichtemagazin portr\u00e4tiert die Biedermeierzeit: Franz, den \u201eguten Kaiser\u201c, seinen Kanzler Metternich, B\u00fcrgerfamilien und kleine Leute, die Kulturszene, Wohnungen und G\u00e4rten, die ersten Fabriken. Am Ende steht die Frage, ob wir nicht schon l\u00e4nger in einem \u201eneuen Biedermeier\u201c angekommen sind.<\/p>\n<p><strong>Sichern Sie sich Ihr Exemplar!<br \/>\nJetzt bestellen zum Preis von 8,90 Euro (mit \u201ePresse\u201c-Abonnement nur 6,90 Euro*).<\/strong><\/p>\n<p>*Als treue:r Abonnent:in erhalten Sie dieses Magazin um \u20ac 6,90. Damit unser System Sie als Kunden erkennt, muss Ihr Abo-Key auf Ihrem Profil hinterlegt sein. Loggen Sie sich dazu in Ihr Shop-Konto ein und gehen Sie vorab sicher, dass Ihr Abo-Key <strong><a href=\"https:\/\/www.diepresse.com\/mein-epaper-abo\" target=\"_blank\" rel=\"noopener\">hier<\/a><\/strong> hinterlegt ist.<\/p>\n","protected":false},"excerpt":{"rendered":"<h4>Das Leben vor 200 Jahren<\/h4>\n<p>\u201eDie Presse\u201c-Geschichte-Reihe<br \/>\ndreizehnte Ausgabe<br \/>\n\u201ePresse\u201c-Club-Vorteil: \u20ac6,90*<\/p>\n","protected":false},"author":1,"featured_media":1953,"template":"","meta":[],"product_brand":[],"product_cat":[580,43,45,71,73],"product_tag":[],"class_list":{"0":"post-1896","1":"product","2":"type-product","3":"status-publish","4":"has-post-thumbnail","6":"product_cat-diepresse-geschichte-magazine","7":"product_cat-die-presse","8":"product_cat-die-presse-welt","9":"product_cat-lesen-schreiben","10":"product_cat-vorteile-fuer-club-mitglieder","12":"first","13":"instock","14":"taxable","15":"shipping-taxable","16":"purchasable","17":"product-type-simple"},"bundled_by":["28158"],"bundle_stock_status":"instock","bundle_stock_quantity":2202,"bundle_virtual":false,"bundle_layout":"","bundle_add_to_cart_form_location":"","bundle_editable_in_cart":false,"bundle_sold_individually_context":"","bundle_item_grouping":"","bundle_min_size":"","bundle_max_size":"","bundle_price":[],"bundled_items":[],"bundle_sell_ids":[],"tiered_pricing_type":"fixed","tiered_pricing_fixed_rules":[],"tiered_pricing_product_settings":{"layout":"default","base_unit_name":{"singular":null,"plural":null},"default_variation":null},"tiered_pricing_minimum_quantity":null,"tiered_pricing_roles_data":[],"tiered_pricing_percentage_rules":[],"tiered_pricing_maximum_quantity":null,"tiered_pricing_quantity_step":null,"_links":{"self":[{"href":"https:\/\/shop.diepresse.com\/en\/wp-json\/wp\/v2\/product\/1896","targetHints":{"allow":["GET"]}}],"collection":[{"href":"https:\/\/shop.diepresse.com\/en\/wp-json\/wp\/v2\/product"}],"about":[{"href":"https:\/\/shop.diepresse.com\/en\/wp-json\/wp\/v2\/types\/product"}],"author":[{"embeddable":true,"href":"https:\/\/shop.diepresse.com\/en\/wp-json\/wp\/v2\/users\/1"}],"wp:featuredmedia":[{"embeddable":true,"href":"https:\/\/shop.diepresse.com\/en\/wp-json\/wp\/v2\/media\/1953"}],"wp:attachment":[{"href":"https:\/\/shop.diepresse.com\/en\/wp-json\/wp\/v2\/media?parent=1896"}],"wp:term":[{"taxonomy":"product_brand","embeddable":true,"href":"https:\/\/shop.diepresse.com\/en\/wp-json\/wp\/v2\/product_brand?post=1896"},{"taxonomy":"product_cat","embeddable":true,"href":"https:\/\/shop.diepresse.com\/en\/wp-json\/wp\/v2\/product_cat?post=1896"},{"taxonomy":"product_tag","embeddable":true,"href":"https:\/\/shop.diepresse.com\/en\/wp-json\/wp\/v2\/product_tag?post=1896"}],"curies":[{"name":"wp","href":"https:\/\/api.w.org\/{rel}","templated":true}]}}