{"id":1939,"date":"2021-08-24T14:05:54","date_gmt":"2021-08-24T12:05:54","guid":{"rendered":"https:\/\/shop.diepresse.com\/?post_type=product&#038;p=1939"},"modified":"2026-04-13T20:19:57","modified_gmt":"2026-04-13T18:19:57","slug":"geschichte-magazin-die-usa","status":"publish","type":"product","link":"https:\/\/shop.diepresse.com\/en\/produkt\/geschichte-magazin-die-usa\/","title":{"rendered":"Geschichte Magazin: Die USA"},"content":{"rendered":"<p>Es gab sie immer wieder, die Schicksalstage, an denen die Welt atemlos auf die USA blickte \u2013 Tage, die niemanden unber\u00fchrt lie\u00dfen. Wie w\u00fcrde die Supermacht reagieren? Beim Angriff auf Pearl Harbor, bei der Ermordung John F. Kennedys, beim Anschlag auf New York? Oder eben bei der Pr\u00e4sidentschaftswahl 2020, bei der f\u00fcr die Welt viel auf dem Spiel steht?<\/p>\n<p>Die Amerika-Spezialisten der \u201ePresse\u201c begeben sich auf Spurensuche nach dem Selbstverst\u00e4ndnis einer Supermacht, beginnend bei der Kolonialisierung des Kontinents bis ins 21. Jahrhundert.<\/p>\n<p>Im Lauf der Geschichte erfanden sich die USA immer wieder neu. Nur wer die Entwicklung, die Mythen und Visionen dieses Landes kennt, kann seine Gegenwart verstehen.<\/p>\n<p><strong>Sichern Sie sich Ihr Exemplar! <\/strong><br \/>\n<strong>Jetzt bestellen zum Preis von 8,90 Euro (mit \u201ePresse\u201c-Abonnement nur 6,90 Euro).<\/strong><\/p>\n<p>*Als treue:r Abonnent:in erhalten Sie dieses Magazin um \u20ac 6,90. Damit unser System Sie als Kunden erkennt, muss Ihr Abo-Key auf Ihrem Profil hinterlegt sein. Loggen Sie sich dazu in Ihr Shop-Konto ein und gehen Sie vorab sicher, dass Ihr Abo-Key <strong><a href=\"https:\/\/www.diepresse.com\/mein-epaper-abo\" target=\"_blank\" rel=\"noopener\">hier<\/a><\/strong> hinterlegt ist.<\/p>\n","protected":false},"excerpt":{"rendered":"<h4>Geschichte einer Weltmacht<\/h4>\n<p>\u201eDie Presse\u201c-Geschichte-Reihe<br \/>\nvierzehnte Ausgabe<br \/>\n\u201ePresse\u201c-Club-Vorteil: \u20ac6,90*<\/p>\n","protected":false},"author":1,"featured_media":1993,"template":"","meta":[],"product_brand":[],"product_cat":[580,41,43,45,71,73],"product_tag":[],"class_list":{"0":"post-1939","1":"product","2":"type-product","3":"status-publish","4":"has-post-thumbnail","6":"product_cat-diepresse-geschichte-magazine","7":"product_cat-gutscheine-anwendbar","8":"product_cat-die-presse","9":"product_cat-die-presse-welt","10":"product_cat-lesen-schreiben","11":"product_cat-vorteile-fuer-club-mitglieder","13":"first","14":"instock","15":"taxable","16":"shipping-taxable","17":"purchasable","18":"product-type-simple"},"bundled_by":["28173","37718"],"bundle_stock_status":"instock","bundle_stock_quantity":430,"bundle_virtual":false,"bundle_layout":"","bundle_add_to_cart_form_location":"","bundle_editable_in_cart":false,"bundle_sold_individually_context":"","bundle_item_grouping":"","bundle_min_size":"","bundle_max_size":"","bundle_price":[],"bundled_items":[],"bundle_sell_ids":[],"tiered_pricing_type":"fixed","tiered_pricing_fixed_rules":[],"tiered_pricing_product_settings":{"layout":"default","base_unit_name":{"singular":null,"plural":null},"default_variation":null},"tiered_pricing_minimum_quantity":null,"tiered_pricing_roles_data":[],"tiered_pricing_percentage_rules":[],"tiered_pricing_maximum_quantity":null,"tiered_pricing_quantity_step":null,"_links":{"self":[{"href":"https:\/\/shop.diepresse.com\/en\/wp-json\/wp\/v2\/product\/1939","targetHints":{"allow":["GET"]}}],"collection":[{"href":"https:\/\/shop.diepresse.com\/en\/wp-json\/wp\/v2\/product"}],"about":[{"href":"https:\/\/shop.diepresse.com\/en\/wp-json\/wp\/v2\/types\/product"}],"author":[{"embeddable":true,"href":"https:\/\/shop.diepresse.com\/en\/wp-json\/wp\/v2\/users\/1"}],"wp:featuredmedia":[{"embeddable":true,"href":"https:\/\/shop.diepresse.com\/en\/wp-json\/wp\/v2\/media\/1993"}],"wp:attachment":[{"href":"https:\/\/shop.diepresse.com\/en\/wp-json\/wp\/v2\/media?parent=1939"}],"wp:term":[{"taxonomy":"product_brand","embeddable":true,"href":"https:\/\/shop.diepresse.com\/en\/wp-json\/wp\/v2\/product_brand?post=1939"},{"taxonomy":"product_cat","embeddable":true,"href":"https:\/\/shop.diepresse.com\/en\/wp-json\/wp\/v2\/product_cat?post=1939"},{"taxonomy":"product_tag","embeddable":true,"href":"https:\/\/shop.diepresse.com\/en\/wp-json\/wp\/v2\/product_tag?post=1939"}],"curies":[{"name":"wp","href":"https:\/\/api.w.org\/{rel}","templated":true}]}}