{"id":1997,"date":"2021-08-24T14:07:30","date_gmt":"2021-08-24T12:07:30","guid":{"rendered":"https:\/\/shop.diepresse.com\/?post_type=product&#038;p=1997"},"modified":"2026-03-23T14:19:43","modified_gmt":"2026-03-23T12:19:43","slug":"geschichte-magazin-napoleon","status":"publish","type":"product","link":"https:\/\/shop.diepresse.com\/en\/produkt\/geschichte-magazin-napoleon\/","title":{"rendered":"Geschichte Magazin: Napoleon"},"content":{"rendered":"<p>Die Weltgeschichte kennt kaum einen Menschen, der in kurzer Zeit so viel erreicht und so viel wieder verspielt hat wie Napoleon Bonaparte. Als Erbe der Franz\u00f6sischen Revolution eroberte er Europa, war moderner Held, egomanischer Reformer und gr\u00f6\u00dfenwahnsinniger Despot zugleich. Nach ihm war der Kontinent nicht mehr derselbe. Zu seinem 200. Todestag erkl\u00e4rt das \u201ePresse\u201c-Geschichtemagazin auf gewohnt anschauliche Weise seinen Aufstieg, den Mythos um seine Person, seine Beziehung zu \u00d6sterreich und den Umbruch der Epoche.<\/p>\n<p><strong>Sichern Sie sich Ihr Exemplar!<br \/>\nJetzt bestellen zum Preis von 8,90 Euro (mit \u201ePresse\u201c-Abonnement nur 6,90 Euro*).<\/strong><\/p>\n<p>*Als treue:r Abonnent:in erhalten Sie dieses Magazin um \u20ac 6,90. Damit unser System Sie als Kunden erkennt, muss Ihr Abo-Key auf Ihrem Profil hinterlegt sein. Loggen Sie sich dazu in Ihr Shop-Konto ein und gehen Sie vorab sicher, dass Ihr Abo-Key <strong><a href=\"https:\/\/www.diepresse.com\/mein-epaper-abo\" target=\"_blank\" rel=\"noopener\">hier<\/a><\/strong> hinterlegt ist.<\/p>\n","protected":false},"excerpt":{"rendered":"<h4>Der Mythos um Napoleon Bonaparte<\/h4>\n<p>\u201eDie Presse\u201c-Geschichte-Reihe<br \/>\nf\u00fcnfzehnte Ausgabe<br \/>\n\u201ePresse\u201d-Club-Vorteil: \u20ac6,90*<\/p>\n","protected":false},"author":1,"featured_media":3787,"template":"","meta":[],"product_brand":[],"product_cat":[43,45,71,73,580,41],"product_tag":[],"class_list":{"0":"post-1997","1":"product","2":"type-product","3":"status-publish","4":"has-post-thumbnail","6":"product_cat-die-presse","7":"product_cat-die-presse-welt","8":"product_cat-lesen-schreiben","9":"product_cat-vorteile-fuer-club-mitglieder","10":"product_cat-diepresse-geschichte-magazine","11":"product_cat-gutscheine-anwendbar","13":"first","14":"instock","15":"taxable","16":"shipping-taxable","17":"purchasable","18":"product-type-simple"},"bundled_by":["28168"],"bundle_stock_status":"instock","bundle_stock_quantity":99,"bundle_virtual":false,"bundle_layout":"","bundle_add_to_cart_form_location":"","bundle_editable_in_cart":false,"bundle_sold_individually_context":"","bundle_item_grouping":"","bundle_min_size":"","bundle_max_size":"","bundle_price":[],"bundled_items":[],"bundle_sell_ids":[],"tiered_pricing_type":"fixed","tiered_pricing_fixed_rules":[],"tiered_pricing_product_settings":{"layout":"default","base_unit_name":{"singular":null,"plural":null},"default_variation":null},"tiered_pricing_minimum_quantity":null,"tiered_pricing_roles_data":[],"tiered_pricing_percentage_rules":[],"tiered_pricing_maximum_quantity":null,"tiered_pricing_quantity_step":null,"_links":{"self":[{"href":"https:\/\/shop.diepresse.com\/en\/wp-json\/wp\/v2\/product\/1997","targetHints":{"allow":["GET"]}}],"collection":[{"href":"https:\/\/shop.diepresse.com\/en\/wp-json\/wp\/v2\/product"}],"about":[{"href":"https:\/\/shop.diepresse.com\/en\/wp-json\/wp\/v2\/types\/product"}],"author":[{"embeddable":true,"href":"https:\/\/shop.diepresse.com\/en\/wp-json\/wp\/v2\/users\/1"}],"wp:featuredmedia":[{"embeddable":true,"href":"https:\/\/shop.diepresse.com\/en\/wp-json\/wp\/v2\/media\/3787"}],"wp:attachment":[{"href":"https:\/\/shop.diepresse.com\/en\/wp-json\/wp\/v2\/media?parent=1997"}],"wp:term":[{"taxonomy":"product_brand","embeddable":true,"href":"https:\/\/shop.diepresse.com\/en\/wp-json\/wp\/v2\/product_brand?post=1997"},{"taxonomy":"product_cat","embeddable":true,"href":"https:\/\/shop.diepresse.com\/en\/wp-json\/wp\/v2\/product_cat?post=1997"},{"taxonomy":"product_tag","embeddable":true,"href":"https:\/\/shop.diepresse.com\/en\/wp-json\/wp\/v2\/product_tag?post=1997"}],"curies":[{"name":"wp","href":"https:\/\/api.w.org\/{rel}","templated":true}]}}