{"id":23971,"date":"2024-03-07T09:00:16","date_gmt":"2024-03-07T07:00:16","guid":{"rendered":"https:\/\/shop.diepresse.com\/?post_type=product&#038;p=23971"},"modified":"2026-01-28T09:29:49","modified_gmt":"2026-01-28T07:29:49","slug":"geschichte-magazin-50-jahre-bruckner-haus","status":"publish","type":"product","link":"https:\/\/shop.diepresse.com\/en\/produkt\/geschichte-magazin-50-jahre-bruckner-haus\/","title":{"rendered":"Geschichte Magazin: Anton Bruckner"},"content":{"rendered":"<p><strong>50 Jahre Brucknerhaus Linz, 200 Jahre Anton Bruckner:<\/strong><\/p>\n<p>Den beiden Jubil\u00e4en widmet \u201eDie Presse\u201c ein gemeinsames Geschichte-Magazin und begibt sich in der 22. Ausgabe auf eine spannende Zeitreise. Diese f\u00fchrt von Anton Bruckners Geburtsort Ansfelden, im Jahr 1824, \u00fcber das Jahr 1974, mit der Er\u00f6ffnung des Brucknerhauses in Linz, bis ins heurige Jubil\u00e4um.<\/p>\n<p><strong>Jetzt BESTELLEN zum Preis von \u20ac 14,- (mit \u201ePresse\u201c-Abonnement nur \u20ac 12,-*).<\/strong><br \/>\n*Als treue:r Abonnent:in erhalten Sie dieses Magazin um \u20ac 12,-.<br \/>\nDamit unser System Sie als Kunden:in erkennt, muss Ihr Abo-Key auf Ihrem Profil hinterlegt sein. Loggen Sie sich dazu in Ihr Shop-Konto ein und gehen Sie vorab sicher, dass Ihr Abo-Key <strong><a href=\"https:\/\/www.diepresse.com\/mein-epaper-abo\" target=\"_blank\" rel=\"noopener\">hier<\/a><\/strong> hinterlegt ist.<\/p>\n","protected":false},"excerpt":{"rendered":"<p><strong>50 Jahre Brucknerhaus Linz, 200 Jahre Anton Bruckner<\/strong><\/p>\n<p>\u201eDie Presse\u201c Geschichte-Reihe<br \/>\n22. Ausgabe<br \/>\n\u201ePresse\u201c Club-Vorteil: \u20ac 12,-<\/p>\n","protected":false},"author":5793,"featured_media":38017,"template":"","meta":[],"product_brand":[],"product_cat":[45,71,73,580,41,43],"product_tag":[],"class_list":{"0":"post-23971","1":"product","2":"type-product","3":"status-publish","4":"has-post-thumbnail","6":"product_cat-die-presse-welt","7":"product_cat-lesen-schreiben","8":"product_cat-vorteile-fuer-club-mitglieder","9":"product_cat-diepresse-geschichte-magazine","10":"product_cat-gutscheine-anwendbar","11":"product_cat-die-presse","13":"first","14":"instock","15":"taxable","16":"shipping-taxable","17":"purchasable","18":"product-type-simple"},"bundled_by":["38002"],"bundle_stock_status":"instock","bundle_stock_quantity":1567,"bundle_virtual":false,"bundle_layout":"","bundle_add_to_cart_form_location":"","bundle_editable_in_cart":false,"bundle_sold_individually_context":"","bundle_item_grouping":"","bundle_min_size":"","bundle_max_size":"","bundle_price":[],"bundled_items":[],"bundle_sell_ids":[],"tiered_pricing_type":"fixed","tiered_pricing_fixed_rules":[],"tiered_pricing_product_settings":{"layout":"default","base_unit_name":{"singular":null,"plural":null},"default_variation":null},"tiered_pricing_minimum_quantity":null,"tiered_pricing_roles_data":[],"tiered_pricing_percentage_rules":[],"tiered_pricing_maximum_quantity":null,"tiered_pricing_quantity_step":null,"_links":{"self":[{"href":"https:\/\/shop.diepresse.com\/en\/wp-json\/wp\/v2\/product\/23971","targetHints":{"allow":["GET"]}}],"collection":[{"href":"https:\/\/shop.diepresse.com\/en\/wp-json\/wp\/v2\/product"}],"about":[{"href":"https:\/\/shop.diepresse.com\/en\/wp-json\/wp\/v2\/types\/product"}],"author":[{"embeddable":true,"href":"https:\/\/shop.diepresse.com\/en\/wp-json\/wp\/v2\/users\/5793"}],"wp:featuredmedia":[{"embeddable":true,"href":"https:\/\/shop.diepresse.com\/en\/wp-json\/wp\/v2\/media\/38017"}],"wp:attachment":[{"href":"https:\/\/shop.diepresse.com\/en\/wp-json\/wp\/v2\/media?parent=23971"}],"wp:term":[{"taxonomy":"product_brand","embeddable":true,"href":"https:\/\/shop.diepresse.com\/en\/wp-json\/wp\/v2\/product_brand?post=23971"},{"taxonomy":"product_cat","embeddable":true,"href":"https:\/\/shop.diepresse.com\/en\/wp-json\/wp\/v2\/product_cat?post=23971"},{"taxonomy":"product_tag","embeddable":true,"href":"https:\/\/shop.diepresse.com\/en\/wp-json\/wp\/v2\/product_tag?post=23971"}],"curies":[{"name":"wp","href":"https:\/\/api.w.org\/{rel}","templated":true}]}}