{"id":36639,"date":"2024-12-16T10:47:24","date_gmt":"2024-12-16T08:47:24","guid":{"rendered":"https:\/\/shop.diepresse.com\/?post_type=product&#038;p=36639"},"modified":"2025-10-29T09:37:44","modified_gmt":"2025-10-29T07:37:44","slug":"presse-musiksalon-29-oktober-2025","status":"publish","type":"product","link":"https:\/\/shop.diepresse.com\/en\/produkt\/presse-musiksalon-29-oktober-2025\/","title":{"rendered":"\u201ePresse\u201c-Musiksalon 29. Oktober 2025"},"content":{"rendered":"<h3>Wilhelm Sinkovicz im Wiener Konzerthaus<\/h3>\n<p>Was w\u00e4re das neue (Musik-) Jahr ohne die fundiert-charmante Einf\u00fchrung von Wilhelm Sinkovicz?<br \/>\nDer renommierte Musikwissenschaftler und \u201ePresse\u201c-Musikkritiker freut sich wieder auf \u201eseinen\u201c Musiksalon \u2013 und darauf, seinen G\u00e4sten h\u00f6chst unterhaltsame und tiefsinnige Vortr\u00e4ge zu pr\u00e4sentieren.<\/p>\n<p><strong>Der Schauplatz im Jahr 2025: Das Wiener Konzerthaus<\/strong><br \/>\nAls eines der bedeutendsten Institutionen des internationalen Musiklebens bildet es gemeinsam mit Staatsoper und Musikverein jene prominente Trias, die den weltweiten Ruf Wiens als f\u00fchrende Musikmetropole begr\u00fcndet, und ist dank seiner wohl einmaligen Verbindung von Traditionsbewusstsein und Innovationsfreude unentbehrlich f\u00fcr das lebendige kulturelle Klima Wiens.<\/p>\n<p>Beim Musiksalon plaudert Wilhelm Sinkovicz \u00fcber aktuelle sowie zuk\u00fcnftige Stars und erl\u00e4utert Hintergr\u00fcnde und Zusammenh\u00e4nge.<br \/>\nMit viel Wissen und Humor kommentiert er das kommende Programm f\u00fcr 2025, unterlegt mit eindrucksvollem Bild- und Tonmaterial.<\/p>\n<p><strong>Termin<\/strong><\/p>\n<ul>\n<li>29. Oktober 2025<\/li>\n<\/ul>\n<p>&nbsp;<\/p>\n<p>Beginn ist um 19 Uhr, im Berio-Saal.<br \/>\nDie Veranstaltung endet gegen 20.30 Uhr.<\/p>\n<p><strong>Sie erhalten Ihre Karten als digitales Ticket nach Bestellung in einem separatem E-Mail.<br \/>\nEs erfolgt keine Postzustellung.<\/strong><br \/>\nBitte bewahren Sie die Bestellbest\u00e4tigung auf.<\/p>\n<p>Auf dieses Produkt sind keine Aktionscodes anwendbar.<\/p>\n<p>Buchung des Abonnements (mit allen 5 Terminen) <a href=\"https:\/\/shop.diepresse.com\/produkt\/presse-musiksalon-2025-2\/\">hier<\/a><\/p>\n","protected":false},"excerpt":{"rendered":"<p><strong>Von und mit Wilhelm Sinkovicz<\/strong><\/p>\n<p>Im Wiener Konzerthaus<\/p>\n","protected":false},"author":5573,"featured_media":36262,"template":"","meta":[],"product_brand":[],"product_cat":[765,55,244],"product_tag":[],"class_list":{"0":"post-36639","1":"product","2":"type-product","3":"status-publish","4":"has-post-thumbnail","6":"product_cat-die-presse-events","7":"product_cat-kunst-kultur","8":"product_cat-die-presse-musiksalon","10":"first","11":"instock","12":"virtual","13":"taxable","14":"purchasable","15":"product-type-simple"},"bundled_by":[],"bundle_stock_status":"instock","bundle_stock_quantity":90,"bundle_virtual":false,"bundle_layout":"","bundle_add_to_cart_form_location":"","bundle_editable_in_cart":false,"bundle_sold_individually_context":"","bundle_item_grouping":"","bundle_min_size":"","bundle_max_size":"","bundle_price":[],"bundled_items":[],"bundle_sell_ids":[],"tiered_pricing_type":"fixed","tiered_pricing_fixed_rules":[],"tiered_pricing_product_settings":{"layout":"default","base_unit_name":{"singular":null,"plural":null},"default_variation":null},"tiered_pricing_minimum_quantity":null,"tiered_pricing_roles_data":[],"tiered_pricing_percentage_rules":[],"tiered_pricing_maximum_quantity":null,"tiered_pricing_quantity_step":null,"_links":{"self":[{"href":"https:\/\/shop.diepresse.com\/en\/wp-json\/wp\/v2\/product\/36639","targetHints":{"allow":["GET"]}}],"collection":[{"href":"https:\/\/shop.diepresse.com\/en\/wp-json\/wp\/v2\/product"}],"about":[{"href":"https:\/\/shop.diepresse.com\/en\/wp-json\/wp\/v2\/types\/product"}],"author":[{"embeddable":true,"href":"https:\/\/shop.diepresse.com\/en\/wp-json\/wp\/v2\/users\/5573"}],"wp:featuredmedia":[{"embeddable":true,"href":"https:\/\/shop.diepresse.com\/en\/wp-json\/wp\/v2\/media\/36262"}],"wp:attachment":[{"href":"https:\/\/shop.diepresse.com\/en\/wp-json\/wp\/v2\/media?parent=36639"}],"wp:term":[{"taxonomy":"product_brand","embeddable":true,"href":"https:\/\/shop.diepresse.com\/en\/wp-json\/wp\/v2\/product_brand?post=36639"},{"taxonomy":"product_cat","embeddable":true,"href":"https:\/\/shop.diepresse.com\/en\/wp-json\/wp\/v2\/product_cat?post=36639"},{"taxonomy":"product_tag","embeddable":true,"href":"https:\/\/shop.diepresse.com\/en\/wp-json\/wp\/v2\/product_tag?post=36639"}],"curies":[{"name":"wp","href":"https:\/\/api.w.org\/{rel}","templated":true}]}}