{"id":37610,"date":"2025-03-04T11:05:36","date_gmt":"2025-03-04T09:05:36","guid":{"rendered":"https:\/\/shop.diepresse.com\/?post_type=product&#038;p=37610"},"modified":"2026-04-02T22:19:39","modified_gmt":"2026-04-02T20:19:39","slug":"european-voices-das-magazin-5","status":"publish","type":"product","link":"https:\/\/shop.diepresse.com\/en\/produkt\/european-voices-das-magazin-5\/","title":{"rendered":"European Voices #5 &#8211; Das Magazin"},"content":{"rendered":"<p>Das Magazin \u201eEuropean Voices\u201c soll eine offene Arena f\u00fcr politische Diskussionen sein. Es strebt danach, eine Plattorm f\u00fcr Expert:innen, Wissenschaftler:innen, Schriftsteller:innen, politische Denker:innen und Beobachter:innen zu sein, die sich mit dem Zustand Europas auseinandersetzen und Visionen teilen, die die Zukunft Europas pr\u00e4gen k\u00f6nnten. Es richtet sich an ein Publikum, das an diesen Debatten teilhaben m\u00f6chte.<\/p>\n<p><strong>I<\/strong><b>n der f\u00fcnften Ausgabe finden Sie unter anderen diese Beitr\u00e4ge:<\/b><\/p>\n<p><strong>SVIATLANA TSIKHANOUSKAVA<\/strong> (belarussische Oppositionsf\u00fchrerin):<i> <\/i>&#8220;Moment of Awakening in Belarus&#8221;<i><br \/>\n<\/i><\/p>\n<p><strong>MISHA GLENNY<\/strong> (preisgekr\u00f6nter Journalist und Experte f\u00fcr globale Kriminalit\u00e4t und Cybersecurity): &#8220;Is Orwell\u2019s Vision Coming True?&#8221;<\/p>\n<p><strong>SLAVENKA DRAKULI<\/strong><strong>\u0106<\/strong> (renommierte kroatische Schriftstellerin): &#8220;Women\u2019s Rights Under Threat&#8221;<\/p>\n<p><strong>MICHAL HVORECK\u00dd<\/strong> (slowakischer Schriftsteller): &#8220;Culture Wars in Slovakia&#8221;<\/p>\n<p>Die f\u00fcnfte Ausgabe von European Voices erscheint nur auf Englisch und beinhaltet 120 Seiten.<\/p>\n<p>&nbsp;<\/p>\n<p>Liefer- und Erscheinungstermin:<strong> ab 17. M\u00e4rz 2025<\/strong><\/p>\n<p>*Als treue:r Abonnent:in erhalten Sie dieses Magazin um<strong> \u20ac 15,99<\/strong>.<br \/>\nDamit unser System Sie als Kunden:in erkennt, muss Ihr Abo-Key auf Ihrem Profil hinterlegt sein. Loggen Sie sich dazu in Ihr Shop-Konto ein und gehen Sie vorab sicher, dass Ihr Abo-Key <strong><a href=\"https:\/\/www.diepresse.com\/mein-epaper-abo\" target=\"_blank\" rel=\"noopener\">hier<\/a><\/strong> hinterlegt ist.<\/p>\n","protected":false},"excerpt":{"rendered":"<p>Das englischsprachige Magazin f\u00fcr ein starkes Europa.<\/p>\n<p>Titel der 5. Ausgabe: <strong>\u201c<span data-teams=\"true\">Fragile Freedom \u2013 Europe&#8217;s Liberal Democracy is Besieged by Foes, Challenged by Former Friends, and Undermined from Within. Fight for It or Lose It.<\/span>\u201d<\/strong><\/p>\n<h4>\u201ePresse\u201c Club-Vorteil:<strong> \u20ac 15,99<\/strong><\/h4>\n<p>Bei Bestellungen ins Ausland werden \u20ac 6,50 Versandkosten verrechnet!<\/p>\n","protected":false},"author":5,"featured_media":39098,"template":"","meta":[],"product_brand":[],"product_cat":[43,45,71,73],"product_tag":[],"class_list":{"0":"post-37610","1":"product","2":"type-product","3":"status-publish","4":"has-post-thumbnail","6":"product_cat-die-presse","7":"product_cat-die-presse-welt","8":"product_cat-lesen-schreiben","9":"product_cat-vorteile-fuer-club-mitglieder","11":"first","12":"instock","13":"taxable","14":"shipping-taxable","15":"purchasable","16":"product-type-simple"},"bundled_by":["37681"],"bundle_stock_status":"instock","bundle_stock_quantity":637,"bundle_virtual":false,"bundle_layout":"","bundle_add_to_cart_form_location":"","bundle_editable_in_cart":false,"bundle_sold_individually_context":"","bundle_item_grouping":"","bundle_min_size":"","bundle_max_size":"","bundle_price":[],"bundled_items":[],"bundle_sell_ids":[],"tiered_pricing_type":"fixed","tiered_pricing_fixed_rules":[],"tiered_pricing_product_settings":{"layout":"default","base_unit_name":{"singular":null,"plural":null},"default_variation":null},"tiered_pricing_minimum_quantity":null,"tiered_pricing_roles_data":[],"tiered_pricing_percentage_rules":[],"tiered_pricing_maximum_quantity":null,"tiered_pricing_quantity_step":null,"_links":{"self":[{"href":"https:\/\/shop.diepresse.com\/en\/wp-json\/wp\/v2\/product\/37610","targetHints":{"allow":["GET"]}}],"collection":[{"href":"https:\/\/shop.diepresse.com\/en\/wp-json\/wp\/v2\/product"}],"about":[{"href":"https:\/\/shop.diepresse.com\/en\/wp-json\/wp\/v2\/types\/product"}],"author":[{"embeddable":true,"href":"https:\/\/shop.diepresse.com\/en\/wp-json\/wp\/v2\/users\/5"}],"wp:featuredmedia":[{"embeddable":true,"href":"https:\/\/shop.diepresse.com\/en\/wp-json\/wp\/v2\/media\/39098"}],"wp:attachment":[{"href":"https:\/\/shop.diepresse.com\/en\/wp-json\/wp\/v2\/media?parent=37610"}],"wp:term":[{"taxonomy":"product_brand","embeddable":true,"href":"https:\/\/shop.diepresse.com\/en\/wp-json\/wp\/v2\/product_brand?post=37610"},{"taxonomy":"product_cat","embeddable":true,"href":"https:\/\/shop.diepresse.com\/en\/wp-json\/wp\/v2\/product_cat?post=37610"},{"taxonomy":"product_tag","embeddable":true,"href":"https:\/\/shop.diepresse.com\/en\/wp-json\/wp\/v2\/product_tag?post=37610"}],"curies":[{"name":"wp","href":"https:\/\/api.w.org\/{rel}","templated":true}]}}