{"id":37637,"date":"2025-02-24T13:24:08","date_gmt":"2025-02-24T11:24:08","guid":{"rendered":"https:\/\/shop.diepresse.com\/?post_type=product&#038;p=37637"},"modified":"2026-04-02T22:19:38","modified_gmt":"2026-04-02T20:19:38","slug":"european-voices-das-magazin-1","status":"publish","type":"product","link":"https:\/\/shop.diepresse.com\/en\/produkt\/european-voices-das-magazin-1\/","title":{"rendered":"European Voices #1"},"content":{"rendered":"<p>Das Magazin<strong> \u201eEuropean Voices\u201c<\/strong> soll eine offene Arena f\u00fcr politische Diskussionen sein. Es strebt danach, eine Plattform f\u00fcr Expert:innen, Wissenschaftler:innen, Schriftsteller:innen, politische Denker:innen und Beobachter:innen zu sein, die sich mit dem Zustand Europas auseinandersetzen und Visionen teilen, die die Zukunft Europas pr\u00e4gen k\u00f6nnten. Es richtet sich an ein Publikum, das an diesen Debatten teilhaben m\u00f6chte.<\/p>\n<p>Obwohl wir uns der transatlantischen Verbindungen in verschiedenen Aspekten bewusst sind, konzentriert sich \u201cEuropean Voices\u201d auf die Regionen Mitteleuropas, Osteuropas und S\u00fcdosteuropas: Autoren von Polen bis Rum\u00e4nien, von \u00d6sterreich bis Albanien werden ein breites Bild der unterschiedlichen Standpunkte Europas in Politik, Wirtschaft und Gesellschaft zeichnen. \u201cEuropean Voices\u201d ist ihre Stimme. Wir orientieren uns an pro-europ\u00e4ischen, demokratischen und liberalen Prinzipien. Wir bekennen uns zu den Ideen der sozialen Marktwirtschaft und der Rechtsstaatlichkeit. Wir glauben, dass eine offene Debatte nicht nur in demokratischen Gesellschaften notwendig ist, sondern sie fairer und st\u00e4rker machen wird. Mit Beitr\u00e4gen von <strong>Ivan Krastev, Viktor Orb\u00e1n, Kaja Kallas, Nathalie Tocci, Werner Hoyer, Ilija Trojanow und vielen anderen<\/strong>.<\/p>\n<p>Die erste Ausgabe von European Voices erscheint nur auf Englisch und beinhaltet 120 Seiten.<\/p>\n<p>&nbsp;<\/p>\n<p>*Als treue:r Abonnent:in erhalten Sie dieses Magazin um<strong> \u20ac 15,99<\/strong>.<br \/>\nDamit unser System Sie als Kunden:in erkennt, muss Ihr Abo-Key auf Ihrem Profil hinterlegt sein. Loggen Sie sich dazu in Ihr Shop-Konto ein und gehen Sie vorab sicher, dass Ihr Abo-Key <strong><a href=\"https:\/\/www.diepresse.com\/mein-epaper-abo\" target=\"_blank\" rel=\"noopener\">hier<\/a><\/strong> hinterlegt ist.<\/p>\n","protected":false},"excerpt":{"rendered":"<p>Das englischsprachige Magazin f\u00fcr ein starkes Europa.<\/p>\n<p>Titel der 1. Ausgabe:<strong> &#8220;The Power Shift &#8211; How The East Shapes The Future of Europe&#8221;<\/strong><\/p>\n<h4>\u201ePresse\u201c Club-Vorteil: \u20ac 15,99<\/h4>\n<p>Bei Bestellungen ins Ausland werden \u20ac 6,50 Versandkosten verrechnet!<\/p>\n<p>&nbsp;<\/p>\n","protected":false},"author":5,"featured_media":37763,"template":"","meta":[],"product_brand":[],"product_cat":[45,71,73,43,44],"product_tag":[],"class_list":{"0":"post-37637","1":"product","2":"type-product","3":"status-publish","4":"has-post-thumbnail","6":"product_cat-die-presse-welt","7":"product_cat-lesen-schreiben","8":"product_cat-vorteile-fuer-club-mitglieder","9":"product_cat-die-presse","10":"product_cat-produkte","12":"first","13":"instock","14":"taxable","15":"shipping-taxable","16":"purchasable","17":"product-type-simple"},"bundled_by":["37681"],"bundle_stock_status":"instock","bundle_stock_quantity":186,"bundle_virtual":false,"bundle_layout":"","bundle_add_to_cart_form_location":"","bundle_editable_in_cart":false,"bundle_sold_individually_context":"","bundle_item_grouping":"","bundle_min_size":"","bundle_max_size":"","bundle_price":[],"bundled_items":[],"bundle_sell_ids":[],"tiered_pricing_type":"fixed","tiered_pricing_fixed_rules":[],"tiered_pricing_product_settings":{"layout":"default","base_unit_name":{"singular":null,"plural":null},"default_variation":null},"tiered_pricing_minimum_quantity":null,"tiered_pricing_roles_data":[],"tiered_pricing_percentage_rules":[],"tiered_pricing_maximum_quantity":null,"tiered_pricing_quantity_step":null,"_links":{"self":[{"href":"https:\/\/shop.diepresse.com\/en\/wp-json\/wp\/v2\/product\/37637","targetHints":{"allow":["GET"]}}],"collection":[{"href":"https:\/\/shop.diepresse.com\/en\/wp-json\/wp\/v2\/product"}],"about":[{"href":"https:\/\/shop.diepresse.com\/en\/wp-json\/wp\/v2\/types\/product"}],"author":[{"embeddable":true,"href":"https:\/\/shop.diepresse.com\/en\/wp-json\/wp\/v2\/users\/5"}],"wp:featuredmedia":[{"embeddable":true,"href":"https:\/\/shop.diepresse.com\/en\/wp-json\/wp\/v2\/media\/37763"}],"wp:attachment":[{"href":"https:\/\/shop.diepresse.com\/en\/wp-json\/wp\/v2\/media?parent=37637"}],"wp:term":[{"taxonomy":"product_brand","embeddable":true,"href":"https:\/\/shop.diepresse.com\/en\/wp-json\/wp\/v2\/product_brand?post=37637"},{"taxonomy":"product_cat","embeddable":true,"href":"https:\/\/shop.diepresse.com\/en\/wp-json\/wp\/v2\/product_cat?post=37637"},{"taxonomy":"product_tag","embeddable":true,"href":"https:\/\/shop.diepresse.com\/en\/wp-json\/wp\/v2\/product_tag?post=37637"}],"curies":[{"name":"wp","href":"https:\/\/api.w.org\/{rel}","templated":true}]}}