{"id":37667,"date":"2025-02-25T12:48:02","date_gmt":"2025-02-25T10:48:02","guid":{"rendered":"https:\/\/shop.diepresse.com\/?post_type=product&#038;p=37667"},"modified":"2026-04-02T22:19:39","modified_gmt":"2026-04-02T20:19:39","slug":"european-voices-das-magazin-3-2","status":"publish","type":"product","link":"https:\/\/shop.diepresse.com\/en\/produkt\/european-voices-das-magazin-3-2\/","title":{"rendered":"European Voices #3"},"content":{"rendered":"<p>I<b>n der dritte Ausgabe unserer European Voices-Reihe finden Sie unter anderen diese Beitr\u00e4ge:<\/b><\/p>\n<p><b>JOHN BOLTON <\/b>(US Diplomat, ehem. Nationaler Sicherheitsberater von Pr\u00e4sident Trump): \u201cThe Future Of Transatlantic Relationships\u201d<\/p>\n<p><b>BAIBA BRA\u017dE <\/b>(lettische Au\u00dfenministerin): \u201cLessons From The War In Ukraine\u201d<\/p>\n<p><b>ANT\u00d3NIO COSTA <\/b>(ehem. portugiesischer Premierminister) im Gespr\u00e4ch mit dem ehem. Kommissionspr\u00e4sidenten Jos\u00e9 Manuel Barroso<\/p>\n<p><b>ALINA \u0218ERBAN <\/b>(rum\u00e4nische Schauspielerin, Regisseurin und Autorin): \u201cBeing A Roma In Romania\u201d<\/p>\n<p>Die dritte Ausgabe von European Voices erscheint nur auf Englisch und beinhaltet 120 Seiten.<\/p>\n<p>&nbsp;<\/p>\n<p>*Als treue:r Abonnent:in erhalten Sie dieses Magazin um <strong>\u20ac 15,99<\/strong>.<br \/>\nDamit unser System Sie als Kunden:in erkennt, muss Ihr Abo-Key auf Ihrem Profil hinterlegt sein. Loggen Sie sich dazu in Ihr Shop-Konto ein und gehen Sie vorab sicher, dass Ihr Abo-Key <strong><a href=\"https:\/\/www.diepresse.com\/mein-epaper-abo\" target=\"_blank\" rel=\"noopener\">hier<\/a><\/strong> hinterlegt ist.<\/p>\n","protected":false},"excerpt":{"rendered":"<p>Das englischsprachige Magazin f\u00fcr ein starkes Europa.<\/p>\n<p>Titel der 3. Ausgabe:<strong> &#8220;Home Alone &#8211; How The US Elections Could Shape Europe.\u201d<\/strong><\/p>\n<h4>\u201ePresse\u201c Club-Vorteil: \u20ac 15,99<\/h4>\n<p>Bei Bestellungen ins Ausland werden \u20ac 6,50 Versandkosten verrechnet!<\/p>\n<p>&nbsp;<\/p>\n","protected":false},"author":5,"featured_media":25843,"template":"","meta":[],"product_brand":[],"product_cat":[43,44,45,71,73],"product_tag":[],"class_list":{"0":"post-37667","1":"product","2":"type-product","3":"status-publish","4":"has-post-thumbnail","6":"product_cat-die-presse","7":"product_cat-produkte","8":"product_cat-die-presse-welt","9":"product_cat-lesen-schreiben","10":"product_cat-vorteile-fuer-club-mitglieder","12":"first","13":"instock","14":"taxable","15":"shipping-taxable","16":"purchasable","17":"product-type-simple"},"bundled_by":["37681"],"bundle_stock_status":"instock","bundle_stock_quantity":186,"bundle_virtual":false,"bundle_layout":"","bundle_add_to_cart_form_location":"","bundle_editable_in_cart":false,"bundle_sold_individually_context":"","bundle_item_grouping":"","bundle_min_size":"","bundle_max_size":"","bundle_price":[],"bundled_items":[],"bundle_sell_ids":[],"tiered_pricing_type":"fixed","tiered_pricing_fixed_rules":[],"tiered_pricing_product_settings":{"layout":"default","base_unit_name":{"singular":null,"plural":null},"default_variation":null},"tiered_pricing_minimum_quantity":null,"tiered_pricing_roles_data":[],"tiered_pricing_percentage_rules":[],"tiered_pricing_maximum_quantity":null,"tiered_pricing_quantity_step":null,"_links":{"self":[{"href":"https:\/\/shop.diepresse.com\/en\/wp-json\/wp\/v2\/product\/37667","targetHints":{"allow":["GET"]}}],"collection":[{"href":"https:\/\/shop.diepresse.com\/en\/wp-json\/wp\/v2\/product"}],"about":[{"href":"https:\/\/shop.diepresse.com\/en\/wp-json\/wp\/v2\/types\/product"}],"author":[{"embeddable":true,"href":"https:\/\/shop.diepresse.com\/en\/wp-json\/wp\/v2\/users\/5"}],"wp:featuredmedia":[{"embeddable":true,"href":"https:\/\/shop.diepresse.com\/en\/wp-json\/wp\/v2\/media\/25843"}],"wp:attachment":[{"href":"https:\/\/shop.diepresse.com\/en\/wp-json\/wp\/v2\/media?parent=37667"}],"wp:term":[{"taxonomy":"product_brand","embeddable":true,"href":"https:\/\/shop.diepresse.com\/en\/wp-json\/wp\/v2\/product_brand?post=37667"},{"taxonomy":"product_cat","embeddable":true,"href":"https:\/\/shop.diepresse.com\/en\/wp-json\/wp\/v2\/product_cat?post=37667"},{"taxonomy":"product_tag","embeddable":true,"href":"https:\/\/shop.diepresse.com\/en\/wp-json\/wp\/v2\/product_tag?post=37667"}],"curies":[{"name":"wp","href":"https:\/\/api.w.org\/{rel}","templated":true}]}}