{"id":37681,"date":"2025-02-25T16:50:09","date_gmt":"2025-02-25T14:50:09","guid":{"rendered":"https:\/\/shop.diepresse.com\/?post_type=product&#038;p=37681"},"modified":"2025-09-10T09:27:48","modified_gmt":"2025-09-10T07:27:48","slug":"european-voices-bundle","status":"publish","type":"product","link":"https:\/\/shop.diepresse.com\/en\/produkt\/european-voices-bundle\/","title":{"rendered":"European Voices: Die Magazin Reihe #1-6"},"content":{"rendered":"<p>Finden Sie hier alle sechs Ausgaben unserer European Voices-Reihe!<\/p>\n<p><strong># 1:<\/strong> \u201cThe Power Shift \u2013 How The East Shapes The Future of Europe\u201d<br \/>\n<strong># 2:<\/strong> \u201cMake Europe Great Again\u201d<br \/>\n<strong># 3:<\/strong> \u201cHome Alone \u2013 How The US Elections Could Shape Europe.\u201d<br \/>\n<strong># 4:<\/strong> \u201cOn High Alert \u2013 The EU Is Under Threat Like Never Before.\u201d<br \/>\n<strong># 5:<\/strong> &#8220;Fragile Freedom \u2013 Europe\u2019s Liberal Democracy is Besieged by Foes, Challenged by Former Friends, and Undermined from Within. Fight for It or Lose It.\u201d<br \/>\n<strong># 6:<\/strong> &#8220;The European Way of Life \u2013 Culture, Democracy and Savoir Vivre, These Make the World Envious of Europe&#8221;.<\/p>\n<p>Das Magazin<strong> \u201eEuropean Voices\u201c<\/strong> soll eine offene Arena f\u00fcr politische Diskussionen sein. Es strebt danach, eine Plattform f\u00fcr Expert:innen, Wissenschaftler:innen, Schriftsteller:innen, politische Denker:innen und Beobachter:innen zu sein, die sich mit dem Zustand Europas auseinandersetzen und Visionen teilen, die die Zukunft Europas pr\u00e4gen k\u00f6nnten. Es richtet sich an ein Publikum, das an diesen Debatten teilhaben m\u00f6chte.<\/p>\n<p>Die Ausgaben erscheinen nur in Englischer Sprache und beinhalten jeweils ca. 120 Seiten.<\/p>\n<p>*Als treue:r Abonnent:in erhalten Sie diese Magazin-Reihe um erm\u00e4\u00dfigte <strong>\u20ac 95,99<\/strong>.<br \/>\nDamit unser System Sie als Kunden:in erkennt, muss Ihr Abo-Key auf Ihrem Profil hinterlegt sein. Loggen Sie sich dazu in Ihr Shop-Konto ein und gehen Sie vorab sicher, dass Ihr Abo-Key <strong><a href=\"https:\/\/www.diepresse.com\/mein-epaper-abo\" target=\"_blank\" rel=\"noopener\">hier<\/a><\/strong> hinterlegt ist.<\/p>\n","protected":false},"excerpt":{"rendered":"<p>Die englischsprachige Publikationsreihe f\u00fcr ein starkes Europa.<\/p>\n<p>Sammlung der Ausgaben #1-6<\/p>\n<h4>\u201ePresse\u201c Club-Vorteil: \u20ac 95,99<\/h4>\n<p>Bei Bestellungen ins Ausland werden \u20ac 6,50 Versandkosten verrechnet!<\/p>\n","protected":false},"author":5,"featured_media":39255,"template":"","meta":[],"product_brand":[],"product_cat":[44,45,71],"product_tag":[],"class_list":{"0":"post-37681","1":"product","2":"type-product","3":"status-publish","4":"has-post-thumbnail","6":"product_cat-produkte","7":"product_cat-die-presse-welt","8":"product_cat-lesen-schreiben","10":"first","11":"instock","12":"virtual","13":"taxable","14":"purchasable","15":"product-type-bundle"},"bundled_by":[],"bundle_stock_status":"instock","bundle_stock_quantity":182,"bundle_virtual":false,"bundle_layout":"default","bundle_add_to_cart_form_location":"default","bundle_editable_in_cart":false,"bundle_sold_individually_context":"product","bundle_item_grouping":"parent","bundle_min_size":"","bundle_max_size":"","bundle_price":{"price":{"min":{"incl_tax":"150","excl_tax":"136.363636"},"max":{"incl_tax":"150","excl_tax":"136.363636"}},"regular_price":{"min":{"incl_tax":"150","excl_tax":"136.363636"},"max":{"incl_tax":"150","excl_tax":"136.363636"}}},"bundled_items":[{"bundled_item_id":637,"product_id":37637,"menu_order":0,"quantity_min":1,"quantity_max":1,"quantity_default":1,"priced_individually":false,"shipped_individually":false,"override_title":false,"title":"European Voices #1","override_description":false,"description":"","optional":false,"hide_thumbnail":false,"discount":"","override_variations":false,"allowed_variations":[],"override_default_variation_attributes":false,"default_variation_attributes":[],"single_product_visibility":"hidden","cart_visibility":"visible","order_visibility":"visible","single_product_price_visibility":"visible","cart_price_visibility":"visible","order_price_visibility":"visible","stock_status":"in_stock"},{"bundled_item_id":638,"product_id":37665,"menu_order":1,"quantity_min":1,"quantity_max":1,"quantity_default":1,"priced_individually":false,"shipped_individually":false,"override_title":false,"title":"European Voices #2","override_description":false,"description":"","optional":false,"hide_thumbnail":false,"discount":"","override_variations":false,"allowed_variations":[],"override_default_variation_attributes":false,"default_variation_attributes":[],"single_product_visibility":"hidden","cart_visibility":"visible","order_visibility":"visible","single_product_price_visibility":"visible","cart_price_visibility":"visible","order_price_visibility":"visible","stock_status":"in_stock"},{"bundled_item_id":639,"product_id":37667,"menu_order":2,"quantity_min":1,"quantity_max":1,"quantity_default":1,"priced_individually":false,"shipped_individually":false,"override_title":false,"title":"European Voices #3","override_description":false,"description":"","optional":false,"hide_thumbnail":false,"discount":"","override_variations":false,"allowed_variations":[],"override_default_variation_attributes":false,"default_variation_attributes":[],"single_product_visibility":"hidden","cart_visibility":"visible","order_visibility":"visible","single_product_price_visibility":"visible","cart_price_visibility":"visible","order_price_visibility":"visible","stock_status":"in_stock"},{"bundled_item_id":640,"product_id":37675,"menu_order":3,"quantity_min":1,"quantity_max":1,"quantity_default":1,"priced_individually":false,"shipped_individually":false,"override_title":false,"title":"European Voices #4 \u2013 Das Magazin","override_description":false,"description":"","optional":false,"hide_thumbnail":false,"discount":"","override_variations":false,"allowed_variations":[],"override_default_variation_attributes":false,"default_variation_attributes":[],"single_product_visibility":"hidden","cart_visibility":"visible","order_visibility":"visible","single_product_price_visibility":"hidden","cart_price_visibility":"hidden","order_price_visibility":"hidden","stock_status":"in_stock"},{"bundled_item_id":649,"product_id":37610,"menu_order":4,"quantity_min":1,"quantity_max":1,"quantity_default":1,"priced_individually":false,"shipped_individually":false,"override_title":false,"title":"European Voices #5 - Das Magazin","override_description":false,"description":"","optional":false,"hide_thumbnail":false,"discount":"","override_variations":false,"allowed_variations":[],"override_default_variation_attributes":false,"default_variation_attributes":[],"single_product_visibility":"hidden","cart_visibility":"visible","order_visibility":"visible","single_product_price_visibility":"hidden","cart_price_visibility":"hidden","order_price_visibility":"hidden","stock_status":"in_stock"},{"bundled_item_id":650,"product_id":38805,"menu_order":5,"quantity_min":1,"quantity_max":1,"quantity_default":1,"priced_individually":false,"shipped_individually":false,"override_title":false,"title":"European Voices #6 - Das Magazin","override_description":false,"description":"","optional":false,"hide_thumbnail":false,"discount":"","override_variations":false,"allowed_variations":[],"override_default_variation_attributes":false,"default_variation_attributes":[],"single_product_visibility":"hidden","cart_visibility":"visible","order_visibility":"visible","single_product_price_visibility":"visible","cart_price_visibility":"visible","order_price_visibility":"visible","stock_status":"in_stock"}],"bundle_sell_ids":[],"tiered_pricing_type":"fixed","tiered_pricing_fixed_rules":[],"tiered_pricing_product_settings":{"layout":"default","base_unit_name":{"singular":null,"plural":null},"default_variation":null},"tiered_pricing_minimum_quantity":null,"tiered_pricing_roles_data":[],"tiered_pricing_percentage_rules":[],"tiered_pricing_maximum_quantity":null,"tiered_pricing_quantity_step":null,"_links":{"self":[{"href":"https:\/\/shop.diepresse.com\/en\/wp-json\/wp\/v2\/product\/37681","targetHints":{"allow":["GET"]}}],"collection":[{"href":"https:\/\/shop.diepresse.com\/en\/wp-json\/wp\/v2\/product"}],"about":[{"href":"https:\/\/shop.diepresse.com\/en\/wp-json\/wp\/v2\/types\/product"}],"author":[{"embeddable":true,"href":"https:\/\/shop.diepresse.com\/en\/wp-json\/wp\/v2\/users\/5"}],"wp:featuredmedia":[{"embeddable":true,"href":"https:\/\/shop.diepresse.com\/en\/wp-json\/wp\/v2\/media\/39255"}],"wp:attachment":[{"href":"https:\/\/shop.diepresse.com\/en\/wp-json\/wp\/v2\/media?parent=37681"}],"wp:term":[{"taxonomy":"product_brand","embeddable":true,"href":"https:\/\/shop.diepresse.com\/en\/wp-json\/wp\/v2\/product_brand?post=37681"},{"taxonomy":"product_cat","embeddable":true,"href":"https:\/\/shop.diepresse.com\/en\/wp-json\/wp\/v2\/product_cat?post=37681"},{"taxonomy":"product_tag","embeddable":true,"href":"https:\/\/shop.diepresse.com\/en\/wp-json\/wp\/v2\/product_tag?post=37681"}],"curies":[{"name":"wp","href":"https:\/\/api.w.org\/{rel}","templated":true}]}}