{"id":38072,"date":"2025-04-14T11:47:30","date_gmt":"2025-04-14T09:47:30","guid":{"rendered":"https:\/\/shop.diepresse.com\/?post_type=product&#038;p=38072"},"modified":"2026-04-12T14:19:45","modified_gmt":"2026-04-12T12:19:45","slug":"geschichte-magazin-die-2-republik","status":"publish","type":"product","link":"https:\/\/shop.diepresse.com\/en\/produkt\/geschichte-magazin-die-2-republik\/","title":{"rendered":"Geschichte Magazin: Die Zweite Republik"},"content":{"rendered":"<p><span data-teams=\"true\"><strong>Die Zweite Republik<\/strong><\/span><\/p>\n<p>Das Magazin der Geschichte-Serie zeichnet 80 Jahre Zweite Republik in Dekadenspr\u00fcngen nach.<br \/>\nRepubliksgr\u00fcndung, Staatsvertrag und EU-Beitritt bilden zentrale Eckpfeiler auf dem Weg einer im Entstehen begriffenen Nation hin zum heutigen \u00d6sterreich \u2013 und schaffen damit die Grundlage f\u00fcr alle \u00dcberlegungen, die unsere Zukunft betreffen. So gesehen der ideale Zeitpunkt, um auf die Geschichte \u00d6sterreichs zur\u00fcckzublicken.<\/p>\n<p><span data-teams=\"true\"><strong>Von 1945 &#8211; 2025:<\/strong> \u00d6sterreichs Geschichte zwischen Aufbruch, Erinnerung und Identit\u00e4tssuche. <\/span>Entdecken Sie die Schl\u00fcsselmomente aus Politik und Gesellschaft der letzten Jahrzehnte.<\/p>\n<p>&nbsp;<\/p>\n<p>*Als treue:r Abonnent:in erhalten Sie dieses Magazin um \u20ac 12,99.<br \/>\nDamit unser System Sie als Kunden:in erkennt, muss Ihr Abo-Key auf Ihrem Profil hinterlegt sein. Loggen Sie sich dazu in Ihr Shop-Konto ein und gehen Sie vorab sicher, dass Ihr Abo-Key <strong><a href=\"https:\/\/www.diepresse.com\/mein-epaper-abo\" target=\"_blank\" rel=\"noopener\">hier<\/a><\/strong> hinterlegt ist.<\/p>\n","protected":false},"excerpt":{"rendered":"<p><strong>Die 24. Ausgabe der beliebten Geschichte-Reihe.<\/strong><\/p>\n<p>\u201ePresse\u201c Club-Vorteil: \u20ac 12,99<\/p>\n<p>Erscheinungstermin: 30. April 2025<\/p>\n","protected":false},"author":5,"featured_media":38073,"template":"","meta":[],"product_brand":[],"product_cat":[41,43,45,71,73,580],"product_tag":[],"class_list":{"0":"post-38072","1":"product","2":"type-product","3":"status-publish","4":"has-post-thumbnail","6":"product_cat-gutscheine-anwendbar","7":"product_cat-die-presse","8":"product_cat-die-presse-welt","9":"product_cat-lesen-schreiben","10":"product_cat-vorteile-fuer-club-mitglieder","11":"product_cat-diepresse-geschichte-magazine","13":"first","14":"instock","15":"taxable","16":"shipping-taxable","17":"purchasable","18":"product-type-simple"},"bundled_by":[],"bundle_stock_status":"instock","bundle_stock_quantity":1378,"bundle_virtual":false,"bundle_layout":"","bundle_add_to_cart_form_location":"","bundle_editable_in_cart":false,"bundle_sold_individually_context":"","bundle_item_grouping":"","bundle_min_size":"","bundle_max_size":"","bundle_price":[],"bundled_items":[],"bundle_sell_ids":[],"tiered_pricing_type":"fixed","tiered_pricing_fixed_rules":[],"tiered_pricing_product_settings":{"layout":"default","base_unit_name":{"singular":null,"plural":null},"default_variation":null},"tiered_pricing_minimum_quantity":null,"tiered_pricing_roles_data":[],"tiered_pricing_percentage_rules":[],"tiered_pricing_maximum_quantity":null,"tiered_pricing_quantity_step":null,"_links":{"self":[{"href":"https:\/\/shop.diepresse.com\/en\/wp-json\/wp\/v2\/product\/38072","targetHints":{"allow":["GET"]}}],"collection":[{"href":"https:\/\/shop.diepresse.com\/en\/wp-json\/wp\/v2\/product"}],"about":[{"href":"https:\/\/shop.diepresse.com\/en\/wp-json\/wp\/v2\/types\/product"}],"author":[{"embeddable":true,"href":"https:\/\/shop.diepresse.com\/en\/wp-json\/wp\/v2\/users\/5"}],"wp:featuredmedia":[{"embeddable":true,"href":"https:\/\/shop.diepresse.com\/en\/wp-json\/wp\/v2\/media\/38073"}],"wp:attachment":[{"href":"https:\/\/shop.diepresse.com\/en\/wp-json\/wp\/v2\/media?parent=38072"}],"wp:term":[{"taxonomy":"product_brand","embeddable":true,"href":"https:\/\/shop.diepresse.com\/en\/wp-json\/wp\/v2\/product_brand?post=38072"},{"taxonomy":"product_cat","embeddable":true,"href":"https:\/\/shop.diepresse.com\/en\/wp-json\/wp\/v2\/product_cat?post=38072"},{"taxonomy":"product_tag","embeddable":true,"href":"https:\/\/shop.diepresse.com\/en\/wp-json\/wp\/v2\/product_tag?post=38072"}],"curies":[{"name":"wp","href":"https:\/\/api.w.org\/{rel}","templated":true}]}}