{"id":38805,"date":"2025-05-27T13:11:46","date_gmt":"2025-05-27T11:11:46","guid":{"rendered":"https:\/\/shop.diepresse.com\/?post_type=product&#038;p=38805"},"modified":"2026-04-02T22:19:39","modified_gmt":"2026-04-02T20:19:39","slug":"european-voices-6","status":"publish","type":"product","link":"https:\/\/shop.diepresse.com\/en\/produkt\/european-voices-6\/","title":{"rendered":"European Voices #6 &#8211; Das Magazin"},"content":{"rendered":"<p>Das Magazin \u201eEuropean Voices\u201c versteht sich als ein offenes Forum f\u00fcr politische Debatten. Es hat das Ziel, eine Plattform f\u00fcr Expert:innen, Wissenschaftler:innen, Autor:innen sowie politische Denker:innen und Beobachter:innen zu bieten, die sich mit der Lage Europas besch\u00e4ftigen und Ideen pr\u00e4sentieren, die Einfluss auf Europas Zukunft haben k\u00f6nnten. Angesprochen wird ein Publikum, das an diesen Diskussionen aktiv teilnehmen m\u00f6chte.<\/p>\n<p><strong>I<\/strong><b>n der sechsten Ausgabe finden Sie unter anderen diese Beitr\u00e4ge:<\/b><\/p>\n<ul>\n<li><strong>PETER SLOTERDIJK <\/strong>(deutscher Philosoph, Kulturwissenschaftler und Publizist) erkl\u00e4rt, warum Europas St\u00e4rke auf einem jahrhundertealten Lernprozess beruht \u2013 und wie dieser bis heute wirkt.<\/li>\n<\/ul>\n<ul>\n<li><strong>MARK RUTTE<\/strong> (Generalsekret\u00e4r der NATO) spricht \u00fcber Europas Sicherheit und warum der Schutz der USA f\u00fcr ihn unverzichtbar bleibt.<\/li>\n<\/ul>\n<ul>\n<li><strong>MILICA VU\u010cKOVI\u0106 <\/strong>(Schriftstellerin) erz\u00e4hlt vom Leben als Mutter in Serbien \u2013 von schlaflosen N\u00e4chten, Protesten und der Suche nach Hoffnung.<\/li>\n<li><strong>JELENA D\u017dANKI\u0106<\/strong> (Politikwissenschaftlerin) zeigt, dass es nicht nur ein Europa gibt, sondern viele \u2013 verwoben durch Geschichten, Erfahrungen und Werte.<\/li>\n<\/ul>\n<p>Die sechste Ausgabe von European Voices erscheint nur auf Englisch und beinhaltet ca. 120 Seiten.<\/p>\n<p>Erscheinungs- und Liefertermin:<strong> ab 10. Juni 2025<\/strong><\/p>\n<p>*Als treue:r Abonnent:in erhalten Sie dieses Magazin um<strong> \u20ac 15,99<\/strong>.<br \/>\nDamit unser System Sie als Kunden:in erkennt, muss Ihr Abo-Key auf Ihrem Profil hinterlegt sein. Loggen Sie sich dazu in Ihr Shop-Konto ein und gehen Sie vorab sicher, dass Ihr Abo-Key <strong><a href=\"https:\/\/www.diepresse.com\/mein-epaper-abo\" target=\"_blank\" rel=\"noopener\">hier<\/a><\/strong> hinterlegt ist.<\/p>\n","protected":false},"excerpt":{"rendered":"<p>Das englischsprachige Magazin f\u00fcr ein starkes Europa.<\/p>\n<p>Titel der 6. Ausgabe: <strong>\u201cThe European Way of Life &#8211; Culture, Democracy, and Savoir Vivre. These Make the World Envious of Europe.\u201d<\/strong><\/p>\n<h4>\u201ePresse\u201c Club-Vorteil:<strong> \u20ac 15,99<\/strong><\/h4>\n<p>Bei Bestellungen ins Ausland werden \u20ac 6,50 Versandkosten verrechnet!<\/p>\n","protected":false},"author":5,"featured_media":38987,"template":"","meta":[],"product_brand":[],"product_cat":[45,71,73,43],"product_tag":[],"class_list":{"0":"post-38805","1":"product","2":"type-product","3":"status-publish","4":"has-post-thumbnail","6":"product_cat-die-presse-welt","7":"product_cat-lesen-schreiben","8":"product_cat-vorteile-fuer-club-mitglieder","9":"product_cat-die-presse","11":"first","12":"instock","13":"taxable","14":"shipping-taxable","15":"purchasable","16":"product-type-simple"},"bundled_by":["37681"],"bundle_stock_status":"instock","bundle_stock_quantity":779,"bundle_virtual":false,"bundle_layout":"","bundle_add_to_cart_form_location":"","bundle_editable_in_cart":false,"bundle_sold_individually_context":"","bundle_item_grouping":"","bundle_min_size":"","bundle_max_size":"","bundle_price":[],"bundled_items":[],"bundle_sell_ids":[],"tiered_pricing_type":"fixed","tiered_pricing_fixed_rules":[],"tiered_pricing_product_settings":{"layout":"default","base_unit_name":{"singular":null,"plural":null},"default_variation":null},"tiered_pricing_minimum_quantity":null,"tiered_pricing_roles_data":[],"tiered_pricing_percentage_rules":[],"tiered_pricing_maximum_quantity":null,"tiered_pricing_quantity_step":null,"_links":{"self":[{"href":"https:\/\/shop.diepresse.com\/en\/wp-json\/wp\/v2\/product\/38805","targetHints":{"allow":["GET"]}}],"collection":[{"href":"https:\/\/shop.diepresse.com\/en\/wp-json\/wp\/v2\/product"}],"about":[{"href":"https:\/\/shop.diepresse.com\/en\/wp-json\/wp\/v2\/types\/product"}],"author":[{"embeddable":true,"href":"https:\/\/shop.diepresse.com\/en\/wp-json\/wp\/v2\/users\/5"}],"wp:featuredmedia":[{"embeddable":true,"href":"https:\/\/shop.diepresse.com\/en\/wp-json\/wp\/v2\/media\/38987"}],"wp:attachment":[{"href":"https:\/\/shop.diepresse.com\/en\/wp-json\/wp\/v2\/media?parent=38805"}],"wp:term":[{"taxonomy":"product_brand","embeddable":true,"href":"https:\/\/shop.diepresse.com\/en\/wp-json\/wp\/v2\/product_brand?post=38805"},{"taxonomy":"product_cat","embeddable":true,"href":"https:\/\/shop.diepresse.com\/en\/wp-json\/wp\/v2\/product_cat?post=38805"},{"taxonomy":"product_tag","embeddable":true,"href":"https:\/\/shop.diepresse.com\/en\/wp-json\/wp\/v2\/product_tag?post=38805"}],"curies":[{"name":"wp","href":"https:\/\/api.w.org\/{rel}","templated":true}]}}