{"id":39088,"date":"2025-08-04T13:26:53","date_gmt":"2025-08-04T11:26:53","guid":{"rendered":"https:\/\/shop.diepresse.com\/?post_type=product&#038;p=39088"},"modified":"2026-04-21T19:21:03","modified_gmt":"2026-04-21T17:21:03","slug":"geschichte-magazin-200-jahre-eisenbahn","status":"publish","type":"product","link":"https:\/\/shop.diepresse.com\/en\/produkt\/geschichte-magazin-200-jahre-eisenbahn\/","title":{"rendered":"Geschichte Magazin: 200 Jahre Eisenbahn"},"content":{"rendered":"<p><span data-teams=\"true\"><strong>Entdecken Sie 200 Jahre Eisenbahngeschichte<\/strong><\/span><\/p>\n<p>Von den ersten Dampfloks bis zur Semmeringbahn \u2013 das neue <em>\u201ePresse\u201c-<\/em><em data-start=\"58\" data-end=\"78\">Geschichte Magazin<\/em> beleuchtet die spannende Entwicklung der Eisenbahn in \u00d6sterreich und dar\u00fcber hinaus. Erleben Sie unter anderem die \u00c4ra der k.k. Staatsbahnen, den Tunnelbau, die S\u00fcdbahn zur Adria und die Geschichte der \u00d6BB \u2013 inklusive ihrer Rolle in Kriegen und beim Ausbau der Wiener Bahnh\u00f6fe.<\/p>\n<p>Erscheinungs- und Liefertermin der 2. Auflage: ab 10. Dezember 2025<\/p>\n<p>*Als treue:r Abonnent:in erhalten Sie dieses Magazin um \u20ac 12,99.<br \/>\nDamit unser System Sie als Kunden:in erkennt, muss Ihr Abo-Key auf Ihrem Profil hinterlegt sein. Loggen Sie sich dazu in Ihr Shop-Konto ein und gehen Sie vorab sicher, dass Ihr Abo-Key <strong><a href=\"https:\/\/www.diepresse.com\/mein-epaper-abo\" target=\"_blank\" rel=\"noopener\">hier<\/a><\/strong> hinterlegt ist.<\/p>\n","protected":false},"excerpt":{"rendered":"<p><strong>Die 25. Ausgabe der beliebten Geschichte-Reihe.<\/strong><\/p>\n<p>\u201ePresse\u201c Club-Vorteil: \u20ac 12,99<\/p>\n<p>JETZT BESTELLEN!<\/p>\n","protected":false},"author":5,"featured_media":43916,"template":"","meta":[],"product_brand":[],"product_cat":[43,45,71,73,580,41],"product_tag":[],"class_list":{"0":"post-39088","1":"product","2":"type-product","3":"status-publish","4":"has-post-thumbnail","6":"product_cat-die-presse","7":"product_cat-die-presse-welt","8":"product_cat-lesen-schreiben","9":"product_cat-vorteile-fuer-club-mitglieder","10":"product_cat-diepresse-geschichte-magazine","11":"product_cat-gutscheine-anwendbar","13":"first","14":"instock","15":"taxable","16":"shipping-taxable","17":"purchasable","18":"product-type-simple"},"bundled_by":[],"bundle_stock_status":"instock","bundle_stock_quantity":311,"bundle_virtual":false,"bundle_layout":"","bundle_add_to_cart_form_location":"","bundle_editable_in_cart":false,"bundle_sold_individually_context":"","bundle_item_grouping":"","bundle_min_size":"","bundle_max_size":"","bundle_price":[],"bundled_items":[],"bundle_sell_ids":[],"tiered_pricing_type":"fixed","tiered_pricing_fixed_rules":[],"tiered_pricing_product_settings":{"layout":"default","base_unit_name":{"singular":null,"plural":null},"default_variation":null},"tiered_pricing_minimum_quantity":null,"tiered_pricing_roles_data":[],"tiered_pricing_percentage_rules":[],"tiered_pricing_maximum_quantity":null,"tiered_pricing_quantity_step":null,"_links":{"self":[{"href":"https:\/\/shop.diepresse.com\/en\/wp-json\/wp\/v2\/product\/39088","targetHints":{"allow":["GET"]}}],"collection":[{"href":"https:\/\/shop.diepresse.com\/en\/wp-json\/wp\/v2\/product"}],"about":[{"href":"https:\/\/shop.diepresse.com\/en\/wp-json\/wp\/v2\/types\/product"}],"author":[{"embeddable":true,"href":"https:\/\/shop.diepresse.com\/en\/wp-json\/wp\/v2\/users\/5"}],"wp:featuredmedia":[{"embeddable":true,"href":"https:\/\/shop.diepresse.com\/en\/wp-json\/wp\/v2\/media\/43916"}],"wp:attachment":[{"href":"https:\/\/shop.diepresse.com\/en\/wp-json\/wp\/v2\/media?parent=39088"}],"wp:term":[{"taxonomy":"product_brand","embeddable":true,"href":"https:\/\/shop.diepresse.com\/en\/wp-json\/wp\/v2\/product_brand?post=39088"},{"taxonomy":"product_cat","embeddable":true,"href":"https:\/\/shop.diepresse.com\/en\/wp-json\/wp\/v2\/product_cat?post=39088"},{"taxonomy":"product_tag","embeddable":true,"href":"https:\/\/shop.diepresse.com\/en\/wp-json\/wp\/v2\/product_tag?post=39088"}],"curies":[{"name":"wp","href":"https:\/\/api.w.org\/{rel}","templated":true}]}}