{"id":48649,"date":"2025-12-15T10:35:33","date_gmt":"2025-12-15T08:35:33","guid":{"rendered":"https:\/\/shop.diepresse.com\/?post_type=product&#038;p=48649"},"modified":"2026-03-02T15:22:20","modified_gmt":"2026-03-02T13:22:20","slug":"presse-musiksalon-23-september-2026","status":"publish","type":"product","link":"https:\/\/shop.diepresse.com\/en\/produkt\/presse-musiksalon-23-september-2026\/","title":{"rendered":"\u201ePresse\u201c-Musiksalon 23. September 2026"},"content":{"rendered":"<h3>Wilhelm Sinkovicz im Belvedere 21<\/h3>\n<p>Was w\u00e4re das neue (Musik-) Jahr ohne die fundiert-charmante Einf\u00fchrung von Wilhelm Sinkovicz?<br \/>\nDer renommierte Musikwissenschaftler und \u201ePresse\u201c-Musikkritiker freut sich wieder auf \u201eseinen\u201c Musiksalon \u2013 und darauf, seinen G\u00e4sten h\u00f6chst unterhaltsame und tiefsinnige Vortr\u00e4ge zu pr\u00e4sentieren.<\/p>\n<p><strong>Der Schauplatz im Jahr 2026: Das Belvedere 21<\/strong><br \/>\nAls ein Ort k\u00fcnstlerischer Produktion, Rezeption und Reflexion fungiert es als St\u00e4tte des Diskurses und des Experiments, an dem Gesellschaft befragt und entdeckt wird. Im Mittelpunkt der Ausstellungst\u00e4tigkeit steht die \u00f6sterreichische Kunst des 20. und 21. Jahrhunderts und deren Einbettung in einen internationalen Kontext.<br \/>\nDas <strong>Blickle Kino<\/strong>, welches eigens f\u00fcr den Weltausstellungspavillion in Br\u00fcssel entworfen wurde, ist das einzige komplett erhaltene Kino Wiens aus den 1950er-Jahren.<\/p>\n<p>Beim Musiksalon plaudert Wilhelm Sinkovicz \u00fcber aktuelle sowie zuk\u00fcnftige Stars und erl\u00e4utert Hintergr\u00fcnde und Zusammenh\u00e4nge. Mit viel Wissen und Humor kommentiert er das kommende Programm f\u00fcr 2026, unterlegt mit eindrucksvollem Bild- und Tonmaterial.<\/p>\n<p><strong>Termin<\/strong><\/p>\n<ul>\n<li>Mi, 23. September 2026<\/li>\n<\/ul>\n<p>&nbsp;<\/p>\n<p>Beginn ist jeweils um 19 Uhr, im Blickle Kino<br \/>\nDie Veranstaltung endet gegen 20.30 Uhr.<\/p>\n<p><strong>Sie erhalten Ihre Karten als digitales Ticket nach Bestellung in einem separatem E-Mail.<br \/>\nEs erfolgt keine Postzustellung.<\/strong><br \/>\nBitte bewahren Sie die Bestellbest\u00e4tigung auf.<\/p>\n<p>Auf dieses Produkt sind keine Aktionscodes anwendbar.<\/p>\n<p><strong>ADRESSE<\/strong><br \/>\nBelvedere 21<br \/>\nBlickle Kino<br \/>\nArsenalstra\u00dfe 1<br \/>\n1030 Wien<\/p>\n<p><strong>ANFAHRT<\/strong><\/p>\n<p><strong>\u00d6ffentliche Verkehrsmittel<\/strong><\/p>\n<p><strong>Bahn &amp; S-Bahn<\/strong>,\u00a0<strong>Stra\u00dfenbahn D<\/strong>,\u00a0<strong>18<\/strong>,<strong>\u00a0O<\/strong><br \/>\nStation \u201eQuartier Belvedere\u201c<\/p>\n<p><strong>Bus 69A<\/strong><br \/>\nStation<strong>\u00a0<\/strong>\u201eArsenal\u201c<\/p>\n<p><strong>Mit dem Auto<br \/>\n<\/strong>W\u00e4hrend der \u00d6ffnungszeiten steht eine limitierte Anzahl an Parkpl\u00e4tzen zur Verf\u00fcgung.<\/p>\n<p><strong>Parkgarage im Hotel Andaz Vienna Belvedere<\/strong><br \/>\nAlfred-Adler-Stra\u00dfe<br \/>\n1100 Wien<br \/>\nDirekt gegen\u00fcber vom Belvedere 21 (3 Gehminuten)<br \/>\nKosten Parkgarage: \u20ac 4,- pro Stunde<\/p>\n<p>Buchung des Abonnements (mit allen 5 Terminen) <a href=\"https:\/\/shop.diepresse.com\/produkt\/presse-musiksalon-2026\/\">hier<\/a><\/p>\n","protected":false},"excerpt":{"rendered":"<p><strong>Von und mit Wilhelm Sinkovicz<\/strong><\/p>\n<p>Im Belvedere 21<\/p>\n","protected":false},"author":5573,"featured_media":48340,"template":"","meta":[],"product_brand":[],"product_cat":[765,55,244],"product_tag":[],"class_list":{"0":"post-48649","1":"product","2":"type-product","3":"status-publish","4":"has-post-thumbnail","6":"product_cat-die-presse-events","7":"product_cat-kunst-kultur","8":"product_cat-die-presse-musiksalon","10":"first","11":"instock","12":"virtual","13":"taxable","14":"purchasable","15":"product-type-simple"},"bundled_by":[],"bundle_stock_status":"instock","bundle_stock_quantity":16,"bundle_virtual":false,"bundle_layout":"","bundle_add_to_cart_form_location":"","bundle_editable_in_cart":false,"bundle_sold_individually_context":"","bundle_item_grouping":"","bundle_min_size":"","bundle_max_size":"","bundle_price":[],"bundled_items":[],"bundle_sell_ids":[],"tiered_pricing_type":"fixed","tiered_pricing_fixed_rules":[],"tiered_pricing_product_settings":{"layout":"default","base_unit_name":{"singular":null,"plural":null},"default_variation":null},"tiered_pricing_minimum_quantity":null,"tiered_pricing_roles_data":[],"tiered_pricing_percentage_rules":[],"tiered_pricing_maximum_quantity":null,"tiered_pricing_quantity_step":null,"_links":{"self":[{"href":"https:\/\/shop.diepresse.com\/en\/wp-json\/wp\/v2\/product\/48649","targetHints":{"allow":["GET"]}}],"collection":[{"href":"https:\/\/shop.diepresse.com\/en\/wp-json\/wp\/v2\/product"}],"about":[{"href":"https:\/\/shop.diepresse.com\/en\/wp-json\/wp\/v2\/types\/product"}],"author":[{"embeddable":true,"href":"https:\/\/shop.diepresse.com\/en\/wp-json\/wp\/v2\/users\/5573"}],"wp:featuredmedia":[{"embeddable":true,"href":"https:\/\/shop.diepresse.com\/en\/wp-json\/wp\/v2\/media\/48340"}],"wp:attachment":[{"href":"https:\/\/shop.diepresse.com\/en\/wp-json\/wp\/v2\/media?parent=48649"}],"wp:term":[{"taxonomy":"product_brand","embeddable":true,"href":"https:\/\/shop.diepresse.com\/en\/wp-json\/wp\/v2\/product_brand?post=48649"},{"taxonomy":"product_cat","embeddable":true,"href":"https:\/\/shop.diepresse.com\/en\/wp-json\/wp\/v2\/product_cat?post=48649"},{"taxonomy":"product_tag","embeddable":true,"href":"https:\/\/shop.diepresse.com\/en\/wp-json\/wp\/v2\/product_tag?post=48649"}],"curies":[{"name":"wp","href":"https:\/\/api.w.org\/{rel}","templated":true}]}}