{"id":49042,"date":"2026-03-05T11:25:11","date_gmt":"2026-03-05T09:25:11","guid":{"rendered":"https:\/\/shop.diepresse.com\/?post_type=product&#038;p=49042"},"modified":"2026-03-13T13:24:58","modified_gmt":"2026-03-13T11:24:58","slug":"presse-weinsalon-im-maerz","status":"publish","type":"product","link":"https:\/\/shop.diepresse.com\/en\/produkt\/presse-weinsalon-im-maerz\/","title":{"rendered":"\u201ePresse\u201c-Weinsalon im M\u00e4rz"},"content":{"rendered":"<h2><strong>Eine entdeckungsreiche Reise von Reben zu Aromen<\/strong><\/h2>\n<p>Der <strong>\u201ePresse\u201c-Club <\/strong>l\u00e4dt erneut zu einer<strong> exklusiven Weinverkostungsreise <\/strong>mit Hans Pleininger.<\/p>\n<p><span style=\"color: #000000;\">Genie\u00dfen Sie eine erlesene Auswahl an Weinen und erleben Sie die reiche Aromenvielfalt von drei ausgezeichneten und von uns handverlesenen Weing\u00fctern.<br \/>\n<\/span>F\u00fcr Ihr kulinarisches Wohl werden Schmankerl gereicht.<\/p>\n<h3><strong>Teilnehmende Weing\u00fcter:<\/strong><\/h3>\n<p><a href=\"https:\/\/www.weingut-langmann.at\/\" target=\"_blank\" rel=\"noopener\"><strong>Weingut Langmann<\/strong><\/a>, Weststeiermark<\/p>\n<p><a href=\"https:\/\/pittnauer.com\/\" target=\"_blank\" rel=\"noopener\"><strong>Weingut Gerhard und Brigitte Pittnauer<\/strong><\/a>, Neusiedlersee<\/p>\n<p><strong><a href=\"https:\/\/www.eder-wachau.at\/weingut\/\" target=\"_blank\" rel=\"noopener\">Weingut Eder<\/a><\/strong>, Wachau<\/p>\n<p>&nbsp;<\/p>\n<p><strong>Donnerstag, 19. M\u00e4rz 2026<\/strong><\/p>\n<p>Einlass &amp; Aperitif: ab 17 Uhr<br \/>\nStart der kommentierten Verkostung: 17.30 Uhr<br \/>\nOffene Verkostung und gem\u00fctlicher Ausklang: bis 20 Uhr<\/p>\n<p>Wir m\u00f6chten Sie h\u00f6flich darum bitten, p\u00fcnktlich um 17.30 Uhr zur kommentierten Verkostung zu erscheinen.<\/p>\n<p><strong>\u201ePresse\u201c-Studio<\/strong><br \/>\n<span style=\"color: #000000;\"><a style=\"color: #000000;\" href=\"https:\/\/maps.app.goo.gl\/5gm4GTt8jME9LRW18\" target=\"_blank\" rel=\"noopener\">Hainburgerstra\u00dfe 33<\/a><\/span><br \/>\n1030 Wien<\/p>\n<p><strong>F\u00fcr Sie als Club-Mitglied zum Vorteilspreis von \u20ac29,-!<\/strong><\/p>\n<p>Auf dieses Produkt sind keine Aktionscodes anwendbar.<br \/>\nDas Ticket ist g\u00fcltig f\u00fcr eine Person am 19. M\u00e4rz 2026. Sie erhalten Ihr Ticket mit der Bestellbest\u00e4tigung als PDF zum Download (es erfolgt keine separate postalische Zusendung des Tickets).<\/p>\n","protected":false},"excerpt":{"rendered":"<h4>Donnerstag, 19. M\u00e4rz 2026<\/h4>\n<div class=\"elementor-element elementor-element-5db95ab2 elementor-widget elementor-widget-woocommerce-product-short-description\" data-id=\"5db95ab2\" data-element_type=\"widget\" data-widget_type=\"woocommerce-product-short-description.default\">\n<div class=\"elementor-widget-container\">\n<div class=\"woocommerce-product-details__short-description\">\n<p><strong>\u201ePresse\u201c-Club-Vorteil: \u20ac29,00<\/strong><\/p>\n<\/div>\n<\/div>\n<\/div>\n","protected":false},"author":5573,"featured_media":38993,"template":"","meta":[],"product_brand":[],"product_cat":[45,73],"product_tag":[],"class_list":{"0":"post-49042","1":"product","2":"type-product","3":"status-publish","4":"has-post-thumbnail","6":"product_cat-die-presse-welt","7":"product_cat-vorteile-fuer-club-mitglieder","9":"first","10":"instock","11":"downloadable","12":"taxable","13":"shipping-taxable","14":"purchasable","15":"product-type-simple"},"bundled_by":[],"bundle_stock_status":"instock","bundle_stock_quantity":29,"bundle_virtual":false,"bundle_layout":"","bundle_add_to_cart_form_location":"","bundle_editable_in_cart":false,"bundle_sold_individually_context":"","bundle_item_grouping":"","bundle_min_size":"","bundle_max_size":"","bundle_price":[],"bundled_items":[],"bundle_sell_ids":[],"tiered_pricing_type":"fixed","tiered_pricing_fixed_rules":[],"tiered_pricing_product_settings":{"layout":"default","base_unit_name":{"singular":null,"plural":null},"default_variation":null},"tiered_pricing_minimum_quantity":null,"tiered_pricing_roles_data":[],"tiered_pricing_percentage_rules":[],"tiered_pricing_maximum_quantity":null,"tiered_pricing_quantity_step":null,"_links":{"self":[{"href":"https:\/\/shop.diepresse.com\/en\/wp-json\/wp\/v2\/product\/49042","targetHints":{"allow":["GET"]}}],"collection":[{"href":"https:\/\/shop.diepresse.com\/en\/wp-json\/wp\/v2\/product"}],"about":[{"href":"https:\/\/shop.diepresse.com\/en\/wp-json\/wp\/v2\/types\/product"}],"author":[{"embeddable":true,"href":"https:\/\/shop.diepresse.com\/en\/wp-json\/wp\/v2\/users\/5573"}],"wp:featuredmedia":[{"embeddable":true,"href":"https:\/\/shop.diepresse.com\/en\/wp-json\/wp\/v2\/media\/38993"}],"wp:attachment":[{"href":"https:\/\/shop.diepresse.com\/en\/wp-json\/wp\/v2\/media?parent=49042"}],"wp:term":[{"taxonomy":"product_brand","embeddable":true,"href":"https:\/\/shop.diepresse.com\/en\/wp-json\/wp\/v2\/product_brand?post=49042"},{"taxonomy":"product_cat","embeddable":true,"href":"https:\/\/shop.diepresse.com\/en\/wp-json\/wp\/v2\/product_cat?post=49042"},{"taxonomy":"product_tag","embeddable":true,"href":"https:\/\/shop.diepresse.com\/en\/wp-json\/wp\/v2\/product_tag?post=49042"}],"curies":[{"name":"wp","href":"https:\/\/api.w.org\/{rel}","templated":true}]}}