{"id":7673,"date":"2022-03-09T13:06:19","date_gmt":"2022-03-09T11:06:19","guid":{"rendered":"https:\/\/shop.diepresse.com\/?post_type=product&#038;p=7673"},"modified":"2026-04-11T07:19:59","modified_gmt":"2026-04-11T05:19:59","slug":"geschichte-magazin-frankreich","status":"publish","type":"product","link":"https:\/\/shop.diepresse.com\/en\/produkt\/geschichte-magazin-frankreich\/","title":{"rendered":"Geschichte Magazin: Frankreich"},"content":{"rendered":"<p><strong>Frankreich<\/strong><\/p>\n<p>Frankreich ist eine der \u00e4ltesten europ\u00e4ischen Nationen, es liegt am Rand des Kontinents und ist doch in vieler Hinsicht sein Herz. Seine Geschichte, der Hundertj\u00e4hrige Krieg, die Herrschaft seiner K\u00f6nige, die Aufkl\u00e4rung und die Ideen der Revolution, die Kultur des B\u00fcrgertums, seine Rolle in den Weltkriegen und danach in der EU pr\u00e4gten Europa.<\/p>\n<p>Das \u201ePresse\u201c-Geschichte-Magazin ist anl\u00e4sslich der franz\u00f6sischen Pr\u00e4sidentschaftswahlen 2022 erschienen. Historische Essays geben Einblicke in das politische, gesellschaftliche und kulturelle Leben in Frankreich.<\/p>\n<p><strong>Sichern Sie sich Ihr Exemplar!<br \/>\nJetzt bestellen zum Preis von 10,- Euro (mit \u201ePresse\u201c-Abonnement nur 8,00 Euro*).<\/strong><\/p>\n<p>*Als treue:r Abonnent:in erhalten Sie dieses Magazin um \u20ac 8,00. Damit unser System Sie als Kunden erkennt, muss Ihr Abo-Key auf Ihrem Profil hinterlegt sein. Loggen Sie sich dazu in Ihr Shop-Konto ein und gehen Sie vorab sicher, dass Ihr Abo-Key <strong><a href=\"https:\/\/www.diepresse.com\/mein-epaper-abo\" target=\"_blank\" rel=\"noopener\">hier<\/a><\/strong> hinterlegt ist.<\/p>\n<p>&nbsp;<\/p>\n<p>&nbsp;<\/p>\n","protected":false},"excerpt":{"rendered":"<h4>Einblick in das historische Leben in Frankreich<\/h4>\n<p>\u201eDie Presse\u201c-Geschichte-Reihe<br \/>\nachtzehnte Ausgabe<br \/>\n\u201ePresse\u201c-Club-Vorteil: \u20ac8,00<\/p>\n","protected":false},"author":5793,"featured_media":7802,"template":"","meta":[],"product_brand":[],"product_cat":[43,45,71,73,580,41],"product_tag":[],"class_list":{"0":"post-7673","1":"product","2":"type-product","3":"status-publish","4":"has-post-thumbnail","6":"product_cat-die-presse","7":"product_cat-die-presse-welt","8":"product_cat-lesen-schreiben","9":"product_cat-vorteile-fuer-club-mitglieder","10":"product_cat-diepresse-geschichte-magazine","11":"product_cat-gutscheine-anwendbar","13":"first","14":"instock","15":"taxable","16":"shipping-taxable","17":"purchasable","18":"product-type-simple"},"bundled_by":["28173","37718"],"bundle_stock_status":"instock","bundle_stock_quantity":334,"bundle_virtual":false,"bundle_layout":"","bundle_add_to_cart_form_location":"","bundle_editable_in_cart":false,"bundle_sold_individually_context":"","bundle_item_grouping":"","bundle_min_size":"","bundle_max_size":"","bundle_price":[],"bundled_items":[],"bundle_sell_ids":[],"tiered_pricing_type":"fixed","tiered_pricing_fixed_rules":[],"tiered_pricing_product_settings":{"layout":"default","base_unit_name":{"singular":null,"plural":null},"default_variation":null},"tiered_pricing_minimum_quantity":null,"tiered_pricing_roles_data":[],"tiered_pricing_percentage_rules":[],"tiered_pricing_maximum_quantity":null,"tiered_pricing_quantity_step":null,"_links":{"self":[{"href":"https:\/\/shop.diepresse.com\/en\/wp-json\/wp\/v2\/product\/7673","targetHints":{"allow":["GET"]}}],"collection":[{"href":"https:\/\/shop.diepresse.com\/en\/wp-json\/wp\/v2\/product"}],"about":[{"href":"https:\/\/shop.diepresse.com\/en\/wp-json\/wp\/v2\/types\/product"}],"author":[{"embeddable":true,"href":"https:\/\/shop.diepresse.com\/en\/wp-json\/wp\/v2\/users\/5793"}],"wp:featuredmedia":[{"embeddable":true,"href":"https:\/\/shop.diepresse.com\/en\/wp-json\/wp\/v2\/media\/7802"}],"wp:attachment":[{"href":"https:\/\/shop.diepresse.com\/en\/wp-json\/wp\/v2\/media?parent=7673"}],"wp:term":[{"taxonomy":"product_brand","embeddable":true,"href":"https:\/\/shop.diepresse.com\/en\/wp-json\/wp\/v2\/product_brand?post=7673"},{"taxonomy":"product_cat","embeddable":true,"href":"https:\/\/shop.diepresse.com\/en\/wp-json\/wp\/v2\/product_cat?post=7673"},{"taxonomy":"product_tag","embeddable":true,"href":"https:\/\/shop.diepresse.com\/en\/wp-json\/wp\/v2\/product_tag?post=7673"}],"curies":[{"name":"wp","href":"https:\/\/api.w.org\/{rel}","templated":true}]}}