{"id":885,"date":"2021-08-24T13:28:42","date_gmt":"2021-08-24T11:28:42","guid":{"rendered":"https:\/\/shop.diepresse.com\/?post_type=product&#038;p=885"},"modified":"2026-04-12T14:19:45","modified_gmt":"2026-04-12T12:19:45","slug":"geschichte-magazin-150-jahre-ringstrasse","status":"publish","type":"product","link":"https:\/\/shop.diepresse.com\/en\/produkt\/geschichte-magazin-150-jahre-ringstrasse\/","title":{"rendered":"Geschichte Magazin: 150 Jahre Ringstra\u00dfe"},"content":{"rendered":"<p>Das Tempo, in dem sich die Stadt in diesen Jahrzehnten ver\u00e4nderte und modernisierte, war atemberaubend. In kurzer Zeit \u00e4nderte sich das Stadtbild v\u00f6llig. \u201eDie Presse\u201c trug den grenzenlosen Fortschrittsoptimismus dieser Zeit mit, war vom ersten Spatenstich an eine euphorische Wegbegleiterin von Wiens Aufstieg zur Metropole.<\/p>\n<p>150 Jahre danach widmet sich ein eigenes Magazin, dessen Inhalte zu einem gro\u00dfen Teil aus dem \u201ePresse\u201c-Archiv gesch\u00f6pft wurden, dem Totalumbau im Wien der Gr\u00fcnderzeit, den architektonischen Meisterbauten, den gesellschaftlichen Auf- und Umbr\u00fcchen, dem Alltagsleben.<br \/>\nGeschichte besteht auch aus Geschichten, daher werden hier auch Fragen beantwortet, die man sich nicht auf den ersten Blick stellt: Gab es Korruption am Bau? Welche Starall\u00fcren der Architekten erz\u00e4hlte man sich? Wer achtete auf das Budget? Wer durfte in die Parks? Welche Wiener spazierten damals auf der Ringstra\u00dfe und welche heute? Ist die Ringstra\u00dfe heute nur mehr museale Denkmalzone oder lebt sie? Was sagen ein angesehener Architekt und ein prominenter Cafetier dazu?<\/p>\n<p>Die Kulturgeschichte der Ringstra\u00dfe auf 120 Seiten, von der Vergangenheit in die Gegenwart.<\/p>\n<p><strong>Sichern Sie sich Ihr Exemplar!<br \/>\nJetzt bestellen zum Preis von 8,90 Euro (mit \u201ePresse\u201c-Abonnement nur 6,90 Euro*).<\/strong><\/p>\n<p>*Als treue:r Abonnent:in erhalten Sie dieses Magazin um \u20ac 6,90. Damit unser System Sie als Kunden erkennt, muss Ihr Abo-Key auf Ihrem Profil hinterlegt sein. Loggen Sie sich dazu in Ihr Shop-Konto ein und gehen Sie vorab sicher, dass Ihr Abo-Key <strong><a href=\"https:\/\/www.diepresse.com\/mein-epaper-abo\" target=\"_blank\" rel=\"noopener\">hier<\/a> <\/strong>hinterlegt ist.<\/p>\n","protected":false},"excerpt":{"rendered":"<h4>Die Kulturgeschichte der Ringstra\u00dfe auf 120 Seiten.<\/h4>\n<p>\u201eDie Presse&#8221;-Geschichte-Reihe<br \/>\nerste Ausgabe<br \/>\n\u201ePresse&#8221;-Club-Vorteil: \u20ac6,90*<\/p>\n","protected":false},"author":1,"featured_media":982,"template":"","meta":[],"product_brand":[],"product_cat":[580,41,43,45,71,73],"product_tag":[],"class_list":{"0":"post-885","1":"product","2":"type-product","3":"status-publish","4":"has-post-thumbnail","6":"product_cat-diepresse-geschichte-magazine","7":"product_cat-gutscheine-anwendbar","8":"product_cat-die-presse","9":"product_cat-die-presse-welt","10":"product_cat-lesen-schreiben","11":"product_cat-vorteile-fuer-club-mitglieder","13":"first","14":"instock","15":"taxable","16":"shipping-taxable","17":"purchasable","18":"product-type-simple"},"bundled_by":["28105"],"bundle_stock_status":"instock","bundle_stock_quantity":433,"bundle_virtual":false,"bundle_layout":"","bundle_add_to_cart_form_location":"","bundle_editable_in_cart":false,"bundle_sold_individually_context":"","bundle_item_grouping":"","bundle_min_size":"","bundle_max_size":"","bundle_price":[],"bundled_items":[],"bundle_sell_ids":[],"tiered_pricing_type":"fixed","tiered_pricing_fixed_rules":[],"tiered_pricing_product_settings":{"layout":"default","base_unit_name":{"singular":null,"plural":null},"default_variation":null},"tiered_pricing_minimum_quantity":null,"tiered_pricing_roles_data":[],"tiered_pricing_percentage_rules":[],"tiered_pricing_maximum_quantity":null,"tiered_pricing_quantity_step":null,"_links":{"self":[{"href":"https:\/\/shop.diepresse.com\/en\/wp-json\/wp\/v2\/product\/885","targetHints":{"allow":["GET"]}}],"collection":[{"href":"https:\/\/shop.diepresse.com\/en\/wp-json\/wp\/v2\/product"}],"about":[{"href":"https:\/\/shop.diepresse.com\/en\/wp-json\/wp\/v2\/types\/product"}],"author":[{"embeddable":true,"href":"https:\/\/shop.diepresse.com\/en\/wp-json\/wp\/v2\/users\/1"}],"wp:featuredmedia":[{"embeddable":true,"href":"https:\/\/shop.diepresse.com\/en\/wp-json\/wp\/v2\/media\/982"}],"wp:attachment":[{"href":"https:\/\/shop.diepresse.com\/en\/wp-json\/wp\/v2\/media?parent=885"}],"wp:term":[{"taxonomy":"product_brand","embeddable":true,"href":"https:\/\/shop.diepresse.com\/en\/wp-json\/wp\/v2\/product_brand?post=885"},{"taxonomy":"product_cat","embeddable":true,"href":"https:\/\/shop.diepresse.com\/en\/wp-json\/wp\/v2\/product_cat?post=885"},{"taxonomy":"product_tag","embeddable":true,"href":"https:\/\/shop.diepresse.com\/en\/wp-json\/wp\/v2\/product_tag?post=885"}],"curies":[{"name":"wp","href":"https:\/\/api.w.org\/{rel}","templated":true}]}}