{"id":886,"date":"2021-08-24T13:28:42","date_gmt":"2021-08-24T11:28:42","guid":{"rendered":"https:\/\/shop.diepresse.com\/?post_type=product&#038;p=886"},"modified":"2026-04-11T07:20:00","modified_gmt":"2026-04-11T05:20:00","slug":"geschichte-magazin-oesterreichs-verkehrsgeschichte","status":"publish","type":"product","link":"https:\/\/shop.diepresse.com\/en\/produkt\/geschichte-magazin-oesterreichs-verkehrsgeschichte\/","title":{"rendered":"Geschichte Magazin: \u00d6sterreichs Verkehrsgeschichte"},"content":{"rendered":"<p>Jahrtausende hindurch legten wir alle Wege zu Fu\u00df zur\u00fcck, mit der Postkutsche und der Eisenbahn wurde das Verkehrswesen schlie\u00dflich revolutioniert, die Frauen k\u00e4mpften um ihren Platz auf dem Fahrradsattel, das Auto wurde zum Fetisch der Moderne.<\/p>\n<p>&#8220;Was uns bewegt&#8221; \u2013 eine spannende Spurensuche querfeldein und durch die Zeiten.<\/p>\n<ul>\n<li>Vom Pilgern zum Wandern, Spazieren und Fu\u00dfreisen<\/li>\n<li>Unterwegs mit der Postkutsche<\/li>\n<li>Die ersten Eisenbahnreisenden<\/li>\n<li>Mit Volldampf an die Riviera<\/li>\n<li>Boom des Bicycle-Fahrens<\/li>\n<li>Vom Zeiserlwagen zur Bim &#8211; Wien und seine \u00d6ffis<\/li>\n<li>Die Stra\u00dfen Wiens und ihre Geheimnisse<\/li>\n<li>Fahrt mit dem Marcus-Wagen<\/li>\n<li>Schrecken und Faszination der ersten Autos<\/li>\n<li>Wo schon \u00d6tzi ging: vom Saumpfad zur Alpenstra\u00dfe<\/li>\n<li>Sisis Brautfahrt auf der Donau<\/li>\n<li>Der Praterspatz macht einen Luftsprung, das erste Flugfieber<\/li>\n<li>Auf kleiner Fahrt \u2013 auch Kinder wollen transportiert werden<\/li>\n<li>Eine Bestandsaufnahme der Wiener Verkehrsplanung<\/li>\n<\/ul>\n<p><strong>Sichern Sie sich Ihr Exemplar!<br \/>\nJetzt bestellen zum Preis von 8,90 Euro (mit \u201ePresse\u201c-Abonnement nur 6,90 Euro*).<\/strong><\/p>\n<p>*Als treue:r Abonnent:in erhalten Sie dieses Magazin um \u20ac 6,90. Damit unser System Sie als Kunden erkennt, muss Ihr Abo-Key auf Ihrem Profil hinterlegt sein. Loggen Sie sich dazu in Ihr Shop-Konto ein und gehen Sie vorab sicher, dass Ihr Abo-Key <a href=\"https:\/\/www.diepresse.com\/mein-epaper-abo\" target=\"_blank\" rel=\"noopener\"><strong>hier<\/strong><\/a> hinterlegt ist.<\/p>\n<p>&nbsp;<\/p>\n","protected":false},"excerpt":{"rendered":"<h4>Ein Blick auf die Kulturgeschichte der menschlichen Mobilit\u00e4t.<\/h4>\n<p>\u201eDie Presse\u201c-Geschichte-Reihe<br \/>\nzweite Ausgabe<br \/>\n\u201ePresse&#8221;-Club-Vorteil: \u20ac6,90*<\/p>\n","protected":false},"author":1,"featured_media":983,"template":"","meta":[],"product_brand":[],"product_cat":[41,43,45,71,73,580],"product_tag":[],"class_list":{"0":"post-886","1":"product","2":"type-product","3":"status-publish","4":"has-post-thumbnail","6":"product_cat-gutscheine-anwendbar","7":"product_cat-die-presse","8":"product_cat-die-presse-welt","9":"product_cat-lesen-schreiben","10":"product_cat-vorteile-fuer-club-mitglieder","11":"product_cat-diepresse-geschichte-magazine","13":"first","14":"instock","15":"taxable","16":"shipping-taxable","17":"purchasable","18":"product-type-simple"},"bundled_by":[],"bundle_stock_status":"instock","bundle_stock_quantity":873,"bundle_virtual":false,"bundle_layout":"","bundle_add_to_cart_form_location":"","bundle_editable_in_cart":false,"bundle_sold_individually_context":"","bundle_item_grouping":"","bundle_min_size":"","bundle_max_size":"","bundle_price":[],"bundled_items":[],"bundle_sell_ids":[],"tiered_pricing_type":"fixed","tiered_pricing_fixed_rules":[],"tiered_pricing_product_settings":{"layout":"default","base_unit_name":{"singular":null,"plural":null},"default_variation":null},"tiered_pricing_minimum_quantity":null,"tiered_pricing_roles_data":[],"tiered_pricing_percentage_rules":[],"tiered_pricing_maximum_quantity":null,"tiered_pricing_quantity_step":null,"_links":{"self":[{"href":"https:\/\/shop.diepresse.com\/en\/wp-json\/wp\/v2\/product\/886","targetHints":{"allow":["GET"]}}],"collection":[{"href":"https:\/\/shop.diepresse.com\/en\/wp-json\/wp\/v2\/product"}],"about":[{"href":"https:\/\/shop.diepresse.com\/en\/wp-json\/wp\/v2\/types\/product"}],"author":[{"embeddable":true,"href":"https:\/\/shop.diepresse.com\/en\/wp-json\/wp\/v2\/users\/1"}],"wp:featuredmedia":[{"embeddable":true,"href":"https:\/\/shop.diepresse.com\/en\/wp-json\/wp\/v2\/media\/983"}],"wp:attachment":[{"href":"https:\/\/shop.diepresse.com\/en\/wp-json\/wp\/v2\/media?parent=886"}],"wp:term":[{"taxonomy":"product_brand","embeddable":true,"href":"https:\/\/shop.diepresse.com\/en\/wp-json\/wp\/v2\/product_brand?post=886"},{"taxonomy":"product_cat","embeddable":true,"href":"https:\/\/shop.diepresse.com\/en\/wp-json\/wp\/v2\/product_cat?post=886"},{"taxonomy":"product_tag","embeddable":true,"href":"https:\/\/shop.diepresse.com\/en\/wp-json\/wp\/v2\/product_tag?post=886"}],"curies":[{"name":"wp","href":"https:\/\/api.w.org\/{rel}","templated":true}]}}