{"id":909,"date":"2021-08-24T13:29:14","date_gmt":"2021-08-24T11:29:14","guid":{"rendered":"https:\/\/shop.diepresse.com\/?post_type=product&#038;p=909"},"modified":"2026-04-06T18:19:44","modified_gmt":"2026-04-06T16:19:44","slug":"geschichte-magazin-franz-joseph-i","status":"publish","type":"product","link":"https:\/\/shop.diepresse.com\/en\/produkt\/geschichte-magazin-franz-joseph-i\/","title":{"rendered":"Geschichte Magazin: Franz Joseph I"},"content":{"rendered":"<p>Das \u00f6sterreichische Kaisertum war eine ehrw\u00fcrdige, aber zerbrechliche Konstruktion. Die bunt zusammengew\u00fcrfelte V\u00f6lkergemeinschaft wurde viele Jahrzehnte nur durch ein Band zusammengehalten, nur durch eine Person vereinigt: Kaiser Franz Joseph I., der von 1848 bis 1916 regierte.<br \/>\nZu seinem 100. Todestag erinnern wir uns an den pflichtbewussten, vielgepr\u00fcften, politisch phantasielosen Monarchen, der zur personifizierten Trag\u00f6die der Donaumonarchie wurde. Eine moderne Darstellung des &#8220;letzten Gentleman&#8221; auf dem Thron, seiner Regierung und seines Privatlebens, die versucht, den popul\u00e4ren \u00f6sterreichischen Kaiser zu verstehen und zu erkl\u00e4ren.<\/p>\n<ul>\n<li>Eine Kindheit im Biedermeier<\/li>\n<li>Der junge Kaiser und die Revolution<\/li>\n<li>Von Niederlage zu Niederlage<\/li>\n<li>Die komplizierte k.u.k. Monarchie<\/li>\n<li>Ehedesaster und private Trag\u00f6dien<\/li>\n<li>Krieg 1914<\/li>\n<li>Der alte Kaiser als Idol und Mythos<\/li>\n<\/ul>\n<p><strong>Sichern Sie sich Ihr Exemplar!<br \/>\nJetzt bestellen zum Preis von 8,90 Euro (mit \u201ePresse\u201c-Abonnement nur 6,90 Euro*).<\/strong><\/p>\n<p>*Als treue:r Abonnent:in erhalten Sie dieses Magazin um \u20ac 6,90. Damit unser System Sie als Kunden erkennt, muss Ihr Abo-Key auf Ihrem Profil hinterlegt sein. Loggen Sie sich dazu in Ihr Shop-Konto ein und gehen Sie vorab sicher, dass Ihr Abo-Key <strong><a href=\"https:\/\/www.diepresse.com\/mein-epaper-abo\" target=\"_blank\" rel=\"noopener\">hier<\/a> <\/strong>hinterlegt ist.<\/p>\n<p>&nbsp;<\/p>\n","protected":false},"excerpt":{"rendered":"<h4>Zum 100. Todestag alles \u00fcber den letzten Gentleman auf dem Thron.<\/h4>\n<p>\u201eDie Presse&#8221;-Geschichte-Reihe<br \/>\ndritte Ausgabe<br \/>\n\u201ePresse\u201c-Club-Vorteil: \u20ac6,90*<\/p>\n","protected":false},"author":1,"featured_media":1001,"template":"","meta":[],"product_brand":[],"product_cat":[580,41,43,45,71,73],"product_tag":[],"class_list":{"0":"post-909","1":"product","2":"type-product","3":"status-publish","4":"has-post-thumbnail","6":"product_cat-diepresse-geschichte-magazine","7":"product_cat-gutscheine-anwendbar","8":"product_cat-die-presse","9":"product_cat-die-presse-welt","10":"product_cat-lesen-schreiben","11":"product_cat-vorteile-fuer-club-mitglieder","13":"first","14":"instock","15":"taxable","16":"shipping-taxable","17":"purchasable","18":"product-type-simple"},"bundled_by":["28168"],"bundle_stock_status":"instock","bundle_stock_quantity":679,"bundle_virtual":false,"bundle_layout":"","bundle_add_to_cart_form_location":"","bundle_editable_in_cart":false,"bundle_sold_individually_context":"","bundle_item_grouping":"","bundle_min_size":"","bundle_max_size":"","bundle_price":[],"bundled_items":[],"bundle_sell_ids":[],"tiered_pricing_type":"fixed","tiered_pricing_fixed_rules":[],"tiered_pricing_product_settings":{"layout":"default","base_unit_name":{"singular":null,"plural":null},"default_variation":null},"tiered_pricing_minimum_quantity":null,"tiered_pricing_roles_data":[],"tiered_pricing_percentage_rules":[],"tiered_pricing_maximum_quantity":null,"tiered_pricing_quantity_step":null,"_links":{"self":[{"href":"https:\/\/shop.diepresse.com\/en\/wp-json\/wp\/v2\/product\/909","targetHints":{"allow":["GET"]}}],"collection":[{"href":"https:\/\/shop.diepresse.com\/en\/wp-json\/wp\/v2\/product"}],"about":[{"href":"https:\/\/shop.diepresse.com\/en\/wp-json\/wp\/v2\/types\/product"}],"author":[{"embeddable":true,"href":"https:\/\/shop.diepresse.com\/en\/wp-json\/wp\/v2\/users\/1"}],"wp:featuredmedia":[{"embeddable":true,"href":"https:\/\/shop.diepresse.com\/en\/wp-json\/wp\/v2\/media\/1001"}],"wp:attachment":[{"href":"https:\/\/shop.diepresse.com\/en\/wp-json\/wp\/v2\/media?parent=909"}],"wp:term":[{"taxonomy":"product_brand","embeddable":true,"href":"https:\/\/shop.diepresse.com\/en\/wp-json\/wp\/v2\/product_brand?post=909"},{"taxonomy":"product_cat","embeddable":true,"href":"https:\/\/shop.diepresse.com\/en\/wp-json\/wp\/v2\/product_cat?post=909"},{"taxonomy":"product_tag","embeddable":true,"href":"https:\/\/shop.diepresse.com\/en\/wp-json\/wp\/v2\/product_tag?post=909"}],"curies":[{"name":"wp","href":"https:\/\/api.w.org\/{rel}","templated":true}]}}