{"id":913,"date":"2021-08-24T13:29:14","date_gmt":"2021-08-24T11:29:14","guid":{"rendered":"https:\/\/shop.diepresse.com\/?post_type=product&#038;p=913"},"modified":"2026-02-24T20:19:50","modified_gmt":"2026-02-24T18:19:50","slug":"geschichte-magazin-von-sindelar-bis-alaba","status":"publish","type":"product","link":"https:\/\/shop.diepresse.com\/en\/produkt\/geschichte-magazin-von-sindelar-bis-alaba\/","title":{"rendered":"Geschichte Magazin: Von Sindelar bis Alaba"},"content":{"rendered":"<p>Nach den erfolgreichen Magazinen &#8220;Ringstra\u00dfe&#8221;, &#8220;Was uns bewegt&#8221; und &#8220;Kaiser Franz Joseph I.&#8221; erscheint nun das vierte Magazin der \u201ePresse\u201c-Geschichte-Reihe: Anl\u00e4sslich der EM in Frankreich zeichnet die \u201ePresse\u201c-Redaktion die wichtigsten Stationen der \u00f6sterreichischen Fu\u00dfballnationalmannschaft nach. Von den Anf\u00e4ngen des Nationalstaats und des Teams, seiner brisanter Beziehung zu Ungarn, dem legend\u00e4ren Wunderteam samt seinem Ende w\u00e4hrend der NS-Zeit. \u00dcber die WM-Teilnahme 1954, Zuschauerrekorde, bis zur Generation der 78er, der eine lange Durststrecke folgte, die mit Alaba und Co. nun zu Ende gegangen ist.<\/p>\n<p>Die Ausgabe beleuchtet, wie Fu\u00dfballschauen zum Massenevent wurde, portr\u00e4tiert Fu\u00dfballheroen und besch\u00e4ftigt sich dabei vor allem auch mit gesellschaftspolitischen Entwicklungen, bei denen das Geschehen auf dem Platz oftmals in den Hintergrund r\u00fcckt.<\/p>\n<p><strong>Sichern Sie sich Ihr Exemplar!<br \/>\nJetzt bestellen zum Preis von 8,90 Euro (mit \u201ePresse\u201c-Abonnement nur 6,90 Euro*).<\/strong><\/p>\n<p>*Als treue:r Abonnent:in erhalten Sie dieses Magazin um \u20ac 6,90. Damit unser System Sie als Kunden erkennt, muss Ihr Abo-Key auf Ihrem Profil hinterlegt sein. Loggen Sie sich dazu in Ihr Shop-Konto ein und gehen Sie vorab sicher, dass Ihr Abo-Key <strong><a href=\"https:\/\/www.diepresse.com\/mein-epaper-abo\" target=\"_blank\" rel=\"noopener\">hier<\/a> <\/strong>hinterlegt ist.<\/p>\n<p>&nbsp;<\/p>\n","protected":false},"excerpt":{"rendered":"<h4>Fu\u00dfball in mehr als neunzig Minuten.<\/h4>\n<p>\u201eDie Presse&#8221;-Geschichte-Reihe<br \/>\nvierte Ausgabe<br \/>\n\u201ePresse&#8221;-Club-Vorteil: \u20ac6,90*<\/p>\n","protected":false},"author":1,"featured_media":1010,"template":"","meta":[],"product_brand":[],"product_cat":[45,71,73,580,41,43],"product_tag":[],"class_list":{"0":"post-913","1":"product","2":"type-product","3":"status-publish","4":"has-post-thumbnail","6":"product_cat-die-presse-welt","7":"product_cat-lesen-schreiben","8":"product_cat-vorteile-fuer-club-mitglieder","9":"product_cat-diepresse-geschichte-magazine","10":"product_cat-gutscheine-anwendbar","11":"product_cat-die-presse","13":"first","14":"instock","15":"taxable","16":"shipping-taxable","17":"purchasable","18":"product-type-simple"},"bundled_by":[],"bundle_stock_status":"instock","bundle_stock_quantity":932,"bundle_virtual":false,"bundle_layout":"","bundle_add_to_cart_form_location":"","bundle_editable_in_cart":false,"bundle_sold_individually_context":"","bundle_item_grouping":"","bundle_min_size":"","bundle_max_size":"","bundle_price":[],"bundled_items":[],"bundle_sell_ids":[],"tiered_pricing_type":"fixed","tiered_pricing_fixed_rules":[],"tiered_pricing_product_settings":{"layout":"default","base_unit_name":{"singular":null,"plural":null},"default_variation":null},"tiered_pricing_minimum_quantity":null,"tiered_pricing_roles_data":[],"tiered_pricing_percentage_rules":[],"tiered_pricing_maximum_quantity":null,"tiered_pricing_quantity_step":null,"_links":{"self":[{"href":"https:\/\/shop.diepresse.com\/en\/wp-json\/wp\/v2\/product\/913","targetHints":{"allow":["GET"]}}],"collection":[{"href":"https:\/\/shop.diepresse.com\/en\/wp-json\/wp\/v2\/product"}],"about":[{"href":"https:\/\/shop.diepresse.com\/en\/wp-json\/wp\/v2\/types\/product"}],"author":[{"embeddable":true,"href":"https:\/\/shop.diepresse.com\/en\/wp-json\/wp\/v2\/users\/1"}],"wp:featuredmedia":[{"embeddable":true,"href":"https:\/\/shop.diepresse.com\/en\/wp-json\/wp\/v2\/media\/1010"}],"wp:attachment":[{"href":"https:\/\/shop.diepresse.com\/en\/wp-json\/wp\/v2\/media?parent=913"}],"wp:term":[{"taxonomy":"product_brand","embeddable":true,"href":"https:\/\/shop.diepresse.com\/en\/wp-json\/wp\/v2\/product_brand?post=913"},{"taxonomy":"product_cat","embeddable":true,"href":"https:\/\/shop.diepresse.com\/en\/wp-json\/wp\/v2\/product_cat?post=913"},{"taxonomy":"product_tag","embeddable":true,"href":"https:\/\/shop.diepresse.com\/en\/wp-json\/wp\/v2\/product_tag?post=913"}],"curies":[{"name":"wp","href":"https:\/\/api.w.org\/{rel}","templated":true}]}}