{"id":9242,"date":"2022-05-09T11:07:25","date_gmt":"2022-05-09T09:07:25","guid":{"rendered":"https:\/\/shop.diepresse.com\/?post_type=product&#038;p=9242"},"modified":"2026-03-23T14:19:43","modified_gmt":"2026-03-23T12:19:43","slug":"geschichte-magazin-ukraine","status":"publish","type":"product","link":"https:\/\/shop.diepresse.com\/en\/produkt\/geschichte-magazin-ukraine\/","title":{"rendered":"Geschichte Magazin: Die Ukraine"},"content":{"rendered":"<p><strong>Die Ukraine &#8211; Eine Nation in Europa<\/strong><\/p>\n<p>Die Ukraine steht in einem existenziellen Kampf um ihre Zukunft. \u00dcber Nacht wurde uns durch den Kriegsausbruch bewusst, wie wenig wir eigentlich \u00fcber den Osten Europas wissen. Das neue \u201ePresse\u201c-Geschichte-Magazin erz\u00e4hlt \u00fcber den Weg der ukrainischen Nation durch die Jahrhunderte. Im Fokus stehen dabei die traumatischen Erfahrungen der Ukraine mit dem \u00fcberm\u00e4chtigen russischen Nachbarn und die Wurzeln eines Krieges, der die Welt ver\u00e4ndert.<\/p>\n<p>&nbsp;<\/p>\n<p><strong>Jetzt bestellen zum Preis von 10,- Euro (mit \u201ePresse\u201c-Abonnement nur 8,00 Euro*).<\/strong><\/p>\n<p>*Als treue:r Abonnent:in erhalten Sie dieses Magazin um \u20ac 8,00. Damit unser System Sie als Kunden erkennt, muss Ihr Abo-Key auf Ihrem Profil hinterlegt sein. Loggen Sie sich dazu in Ihr Shop-Konto ein und gehen Sie vorab sicher, dass Ihr Abo-Key <strong><a href=\"https:\/\/www.diepresse.com\/mein-epaper-abo\" target=\"_blank\" rel=\"noopener\">hier<\/a><\/strong> hinterlegt ist.<\/p>\n","protected":false},"excerpt":{"rendered":"<p><strong>Die Ukraine \u2013<\/strong>\u00a0<strong>Eine Nation in Europa<\/strong><\/p>\n<p>\u201eDie Presse\u201c-Geschichte-Reihe<br \/>\nneunzehnte Ausgabe<br \/>\n\u201ePresse\u201c-Club-Vorteil: \u20ac8,00<\/p>\n","protected":false},"author":5793,"featured_media":9591,"template":"","meta":[],"product_brand":[],"product_cat":[41,43,45,71,73,580],"product_tag":[],"class_list":{"0":"post-9242","1":"product","2":"type-product","3":"status-publish","4":"has-post-thumbnail","6":"product_cat-gutscheine-anwendbar","7":"product_cat-die-presse","8":"product_cat-die-presse-welt","9":"product_cat-lesen-schreiben","10":"product_cat-vorteile-fuer-club-mitglieder","11":"product_cat-diepresse-geschichte-magazine","13":"first","14":"instock","15":"taxable","16":"shipping-taxable","17":"purchasable","18":"product-type-simple"},"bundled_by":["28173","37718"],"bundle_stock_status":"instock","bundle_stock_quantity":75,"bundle_virtual":false,"bundle_layout":"","bundle_add_to_cart_form_location":"","bundle_editable_in_cart":false,"bundle_sold_individually_context":"","bundle_item_grouping":"","bundle_min_size":"","bundle_max_size":"","bundle_price":[],"bundled_items":[],"bundle_sell_ids":[],"tiered_pricing_type":"fixed","tiered_pricing_fixed_rules":[],"tiered_pricing_product_settings":{"layout":"default","base_unit_name":{"singular":null,"plural":null},"default_variation":null},"tiered_pricing_minimum_quantity":null,"tiered_pricing_roles_data":[],"tiered_pricing_percentage_rules":[],"tiered_pricing_maximum_quantity":null,"tiered_pricing_quantity_step":null,"_links":{"self":[{"href":"https:\/\/shop.diepresse.com\/en\/wp-json\/wp\/v2\/product\/9242","targetHints":{"allow":["GET"]}}],"collection":[{"href":"https:\/\/shop.diepresse.com\/en\/wp-json\/wp\/v2\/product"}],"about":[{"href":"https:\/\/shop.diepresse.com\/en\/wp-json\/wp\/v2\/types\/product"}],"author":[{"embeddable":true,"href":"https:\/\/shop.diepresse.com\/en\/wp-json\/wp\/v2\/users\/5793"}],"wp:featuredmedia":[{"embeddable":true,"href":"https:\/\/shop.diepresse.com\/en\/wp-json\/wp\/v2\/media\/9591"}],"wp:attachment":[{"href":"https:\/\/shop.diepresse.com\/en\/wp-json\/wp\/v2\/media?parent=9242"}],"wp:term":[{"taxonomy":"product_brand","embeddable":true,"href":"https:\/\/shop.diepresse.com\/en\/wp-json\/wp\/v2\/product_brand?post=9242"},{"taxonomy":"product_cat","embeddable":true,"href":"https:\/\/shop.diepresse.com\/en\/wp-json\/wp\/v2\/product_cat?post=9242"},{"taxonomy":"product_tag","embeddable":true,"href":"https:\/\/shop.diepresse.com\/en\/wp-json\/wp\/v2\/product_tag?post=9242"}],"curies":[{"name":"wp","href":"https:\/\/api.w.org\/{rel}","templated":true}]}}